{"id":11,"date":"2020-01-07T16:04:19","date_gmt":"2020-01-07T15:04:19","guid":{"rendered":"http:\/\/jeanjeanfilms.fr\/?page_id=11"},"modified":"2023-12-01T11:25:53","modified_gmt":"2023-12-01T10:25:53","slug":"actualites","status":"publish","type":"page","link":"https:\/\/jeanjeanfilms.fr\/index.php\/actualites\/","title":{"rendered":"Actualit\u00e9s"},"content":{"rendered":"\t\t<div data-elementor-type=\"wp-page\" data-elementor-id=\"11\" class=\"elementor elementor-11\">\n\t\t\t\t<div class=\"elementor-element elementor-element-14ffca31 e-flex e-con-boxed e-con e-parent\" data-id=\"14ffca31\" data-element_type=\"container\">\n\t\t\t\t\t<div class=\"e-con-inner\">\n\t\t\t\t<div class=\"elementor-element elementor-element-66822dd2 elementor-widget elementor-widget-text-editor\" data-id=\"66822dd2\" data-element_type=\"widget\" data-widget_type=\"text-editor.default\">\n\t\t\t\t<div class=\"elementor-widget-container\">\n\t\t\t\t\t\t\t\t\t<div id=\"pl-gb11-69e4e2ab4ff64\"  class=\"panel-layout\" ><div id=\"pg-gb11-69e4e2ab4ff64-0\"  class=\"panel-grid panel-no-style\" ><div id=\"pgc-gb11-69e4e2ab4ff64-0-0\"  class=\"panel-grid-cell\" ><div id=\"panel-gb11-69e4e2ab4ff64-0-0-0\" class=\"so-panel widget widget_themegrill_flash_blog tg-widget blog-section panel-first-child panel-last-child\" data-index=\"0\" >\n<div class=\"blog-wrapper tg-column-wrapper \">\n\t\t<div class=\"tg-blog-widget tg-column-3\">\n\t\t\t\t<div class=\"post-image \">\n\t\t\t<figure><a href=\"https:\/\/jeanjeanfilms.fr\/index.php\/2025\/09\/26\/projection-encore-un-matin-projete-a-la-soiree-cine-sante-a-nice\/\" title=\"[Projection] \u00ab\u00a0Encore un matin\u00a0\u00bb projet\u00e9 \u00e0 la soir\u00e9e cin\u00e9 sant\u00e9 \u00e0 Nice\"><img fetchpriority=\"high\" decoding=\"async\" width=\"370\" height=\"270\" src=\"https:\/\/jeanjeanfilms.fr\/wp-content\/uploads\/2025\/09\/visuel_cine-sante-1-370x270.jpg\" class=\"attachment-flash-grid size-flash-grid wp-post-image\" alt=\"visuel soiree cine sante\" \/><\/a><\/figure>\t\t<\/div>\n\t\t<div class=\"blog-content\">\n\t\t\t<h3 class=\"entry-title\"><a href=\"https:\/\/jeanjeanfilms.fr\/index.php\/2025\/09\/26\/projection-encore-un-matin-projete-a-la-soiree-cine-sante-a-nice\/\">[Projection] \u00ab\u00a0Encore un matin\u00a0\u00bb projet\u00e9 \u00e0 la soir\u00e9e cin\u00e9 sant\u00e9 \u00e0 Nice<\/a><\/h3>\n\t\t\t\t\t\t<div class=\"entry-summary\">\n\t\t\t\t<p>Notre court-m\u00e9trage \u00ab\u00a0Encore un matin\u00a0\u00bb sera projet\u00e9 \u00e0 Nice le 7 octobre 2025 lors d&rsquo;une soir\u00e9e cin\u00e9 sant\u00e9. La soir\u00e9e [&hellip;]<\/p>\n\t\t\t<\/div>\n\t\t\t\t\t<\/div>\n\t<\/div>\n\t\t<div class=\"tg-blog-widget tg-column-3\">\n\t\t\t\t<div class=\"post-image \">\n\t\t\t<figure><a href=\"https:\/\/jeanjeanfilms.fr\/index.php\/2025\/09\/01\/festival-encore-un-matin-selectionne-au-festival-armoricourt\/\" title=\"[Festival] \u00ab\u00a0Encore un matin\u00a0\u00bb s\u00e9lectionn\u00e9 au festival Armoricourt\"><img decoding=\"async\" width=\"370\" height=\"270\" src=\"https:\/\/jeanjeanfilms.fr\/wp-content\/uploads\/2025\/09\/visuel_armoricourt-370x270.jpg\" class=\"attachment-flash-grid size-flash-grid wp-post-image\" alt=\"selection armoricourt\" \/><\/a><\/figure>\t\t<\/div>\n\t\t<div class=\"blog-content\">\n\t\t\t<h3 class=\"entry-title\"><a href=\"https:\/\/jeanjeanfilms.fr\/index.php\/2025\/09\/01\/festival-encore-un-matin-selectionne-au-festival-armoricourt\/\">[Festival] \u00ab\u00a0Encore un matin\u00a0\u00bb s\u00e9lectionn\u00e9 au festival Armoricourt<\/a><\/h3>\n\t\t\t\t\t\t<div class=\"entry-summary\">\n\t\t\t\t<p>Notre film \u00ab\u00a0Encore un matin\u00a0\u00bb a \u00e9t\u00e9 s\u00e9lectionn\u00e9 au Festival Armoricourt. Il sera projet\u00e9 le 15 novembre 2025 dans les [&hellip;]<\/p>\n\t\t\t<\/div>\n\t\t\t\t\t<\/div>\n\t<\/div>\n\t\t<div class=\"tg-blog-widget tg-column-3\">\n\t\t\t\t<div class=\"post-image \">\n\t\t\t<figure><a href=\"https:\/\/jeanjeanfilms.fr\/index.php\/2025\/01\/07\/label-encore-un-matin-labellise-short-film-market-picks\/\" title=\"[Label] \u00ab\u00a0Encore un matin\u00a0\u00bb labellis\u00e9 Short Film Market Picks\"><img decoding=\"async\" width=\"370\" height=\"270\" src=\"https:\/\/jeanjeanfilms.fr\/wp-content\/uploads\/2025\/01\/visuel_shortfilmmarketpicks-370x270.jpg\" class=\"attachment-flash-grid size-flash-grid wp-post-image\" alt=\"banniere short film market picks encore un matin\" \/><\/a><\/figure>\t\t<\/div>\n\t\t<div class=\"blog-content\">\n\t\t\t<h3 class=\"entry-title\"><a href=\"https:\/\/jeanjeanfilms.fr\/index.php\/2025\/01\/07\/label-encore-un-matin-labellise-short-film-market-picks\/\">[Label] \u00ab\u00a0Encore un matin\u00a0\u00bb labellis\u00e9 Short Film Market Picks<\/a><\/h3>\n\t\t\t\t\t\t<div class=\"entry-summary\">\n\t\t\t\t<p>\ud83c\udf1f L&rsquo;ann\u00e9e 2025 d\u00e9marre avec une excellente nouvelle pour notre court-m\u00e9trage \u00ab\u00a0Encore un matin\u00a0\u00bb : il a \u00e9t\u00e9 labellis\u00e9 \u00ab\u00a0Short [&hellip;]<\/p>\n\t\t\t<\/div>\n\t\t\t\t\t<\/div>\n\t<\/div>\n\t\t<div class=\"tg-blog-widget tg-column-3\">\n\t\t\t\t<div class=\"post-image \">\n\t\t\t<figure><a href=\"https:\/\/jeanjeanfilms.fr\/index.php\/2024\/05\/21\/projection-cassoulet-plaisir-et-lhomme-poule-projetes-a-lespace-eole-2\/\" title=\"[Festival] Le clip \u00ab\u00a0Mille escaliers\u00a0\u00bb laur\u00e9at au Festival 1\u00e8re Marche de Troyes\"><img loading=\"lazy\" decoding=\"async\" width=\"370\" height=\"270\" src=\"https:\/\/jeanjeanfilms.fr\/wp-content\/uploads\/2024\/06\/visuel_festival-premiere-marche_milleescaliers-370x270.jpg\" class=\"attachment-flash-grid size-flash-grid wp-post-image\" alt=\"mille escaliers festival 1ere marche troyes\" \/><\/a><\/figure>\t\t<\/div>\n\t\t<div class=\"blog-content\">\n\t\t\t<h3 class=\"entry-title\"><a href=\"https:\/\/jeanjeanfilms.fr\/index.php\/2024\/05\/21\/projection-cassoulet-plaisir-et-lhomme-poule-projetes-a-lespace-eole-2\/\">[Festival] Le clip \u00ab\u00a0Mille escaliers\u00a0\u00bb laur\u00e9at au Festival 1\u00e8re Marche de Troyes<\/a><\/h3>\n\t\t\t\t\t\t<div class=\"entry-summary\">\n\t\t\t\t<p>Le clip \u00ab\u00a0Mille escaliers\u00a0\u00bb a remport\u00e9 le prix du Jury Jeune dans la cat\u00e9gorie \u00ab\u00a0Clips Musicaux\u00a0\u00bb du Festival 1\u00e8re Marche [&hellip;]<\/p>\n\t\t\t<\/div>\n\t\t\t\t\t<\/div>\n\t<\/div>\n\t\t<div class=\"tg-blog-widget tg-column-3\">\n\t\t\t\t<div class=\"post-image \">\n\t\t\t<figure><a href=\"https:\/\/jeanjeanfilms.fr\/index.php\/2023\/03\/14\/projection-cassoulet-plaisir-et-lhomme-poule-projetes-a-lespace-eole\/\" title=\"[projection] Cassoulet plaisir et L&rsquo;homme poule projet\u00e9s \u00e0 l&rsquo;espace Eole\"><img loading=\"lazy\" decoding=\"async\" width=\"370\" height=\"270\" src=\"https:\/\/jeanjeanfilms.fr\/wp-content\/uploads\/2023\/03\/feteducourt_site-370x270.jpg\" class=\"attachment-flash-grid size-flash-grid wp-post-image\" alt=\"projection espace eole\" \/><\/a><\/figure>\t\t<\/div>\n\t\t<div class=\"blog-content\">\n\t\t\t<h3 class=\"entry-title\"><a href=\"https:\/\/jeanjeanfilms.fr\/index.php\/2023\/03\/14\/projection-cassoulet-plaisir-et-lhomme-poule-projetes-a-lespace-eole\/\">[projection] Cassoulet plaisir et L&rsquo;homme poule projet\u00e9s \u00e0 l&rsquo;espace Eole<\/a><\/h3>\n\t\t\t\t\t\t<div class=\"entry-summary\">\n\t\t\t\t<p>Du 15 au 21 mars 2023, partout en France, c&rsquo;est la F\u00eate du court m\u00e9trage ! \u00c0 cette occasion, le [&hellip;]<\/p>\n\t\t\t<\/div>\n\t\t\t\t\t<\/div>\n\t<\/div>\n\t\t<div class=\"tg-blog-widget tg-column-3\">\n\t\t\t\t<div class=\"post-image \">\n\t\t\t<figure><a href=\"https:\/\/jeanjeanfilms.fr\/index.php\/2023\/01\/13\/evenement-les-laureats-de-la-1ere-edition-du-festival-du-malaise\/\" title=\"[\u00e9v\u00e9nement] Les laur\u00e9ats de la 1\u00e8re \u00e9dition du Festival du malaise\"><img loading=\"lazy\" decoding=\"async\" width=\"370\" height=\"270\" src=\"https:\/\/jeanjeanfilms.fr\/wp-content\/uploads\/2023\/01\/photo_groupe-370x270.jpg\" class=\"attachment-flash-grid size-flash-grid wp-post-image\" alt=\"Festival du malaise\" \/><\/a><\/figure>\t\t<\/div>\n\t\t<div class=\"blog-content\">\n\t\t\t<h3 class=\"entry-title\"><a href=\"https:\/\/jeanjeanfilms.fr\/index.php\/2023\/01\/13\/evenement-les-laureats-de-la-1ere-edition-du-festival-du-malaise\/\">[\u00e9v\u00e9nement] Les laur\u00e9ats de la 1\u00e8re \u00e9dition du Festival du malaise<\/a><\/h3>\n\t\t\t\t\t\t<div class=\"entry-summary\">\n\t\t\t\t<p>Apr\u00e8s un accueil chaleureux de deux mimes en plan fixe et d&rsquo;une t\u00eate de poup\u00e9e qui parle, le vendredi 13 [&hellip;]<\/p>\n\t\t\t<\/div>\n\t\t\t\t\t<\/div>\n\t<\/div>\n\t\t<div class=\"tg-blog-widget tg-column-3\">\n\t\t\t\t<div class=\"post-image \">\n\t\t\t<figure><a href=\"https:\/\/jeanjeanfilms.fr\/index.php\/2023\/01\/02\/evenement-10-films-selectionnes-pour-le-festival-du-malaise\/\" title=\"[\u00e9v\u00e9nement] 10 films s\u00e9lectionn\u00e9s pour le Festival du malaise\"><img loading=\"lazy\" decoding=\"async\" width=\"370\" height=\"270\" src=\"https:\/\/jeanjeanfilms.fr\/wp-content\/uploads\/2022\/11\/post_facebook_festival-malaise-370x270.jpg\" class=\"attachment-flash-grid size-flash-grid wp-post-image\" alt=\"visuel festival malaise\" \/><\/a><\/figure>\t\t<\/div>\n\t\t<div class=\"blog-content\">\n\t\t\t<h3 class=\"entry-title\"><a href=\"https:\/\/jeanjeanfilms.fr\/index.php\/2023\/01\/02\/evenement-10-films-selectionnes-pour-le-festival-du-malaise\/\">[\u00e9v\u00e9nement] 10 films s\u00e9lectionn\u00e9s pour le Festival du malaise<\/a><\/h3>\n\t\t\t\t\t\t<div class=\"entry-summary\">\n\t\t\t\t<p>\u00a0 10 films s\u00e9lectionn\u00e9s Bravo aux 10 courts-m\u00e9trages s\u00e9lectionn\u00e9s : Arno &#8211; Benjamin Margan Bye Bye Caf\u00e9 &#8211; Anthony Costa [&hellip;]<\/p>\n\t\t\t<\/div>\n\t\t\t\t\t<\/div>\n\t<\/div>\n\t\t<div class=\"tg-blog-widget tg-column-3\">\n\t\t\t\t<div class=\"post-image \">\n\t\t\t<figure><a href=\"https:\/\/jeanjeanfilms.fr\/index.php\/2022\/11\/13\/festival-du-malaise-2023\/\" title=\"[\u00e9v\u00e8nement] Festival du malaise\"><img loading=\"lazy\" decoding=\"async\" width=\"370\" height=\"270\" src=\"https:\/\/jeanjeanfilms.fr\/wp-content\/uploads\/2022\/11\/post_facebook_festival-malaise-370x270.jpg\" class=\"attachment-flash-grid size-flash-grid wp-post-image\" alt=\"visuel festival malaise\" \/><\/a><\/figure>\t\t<\/div>\n\t\t<div class=\"blog-content\">\n\t\t\t<h3 class=\"entry-title\"><a href=\"https:\/\/jeanjeanfilms.fr\/index.php\/2022\/11\/13\/festival-du-malaise-2023\/\">[\u00e9v\u00e8nement] Festival du malaise<\/a><\/h3>\n\t\t\t\t\t\t<div class=\"entry-summary\">\n\t\t\t\t<p>Pr\u00e9sentation Le Festival du malaise est un festival de courts-m\u00e9trages organis\u00e9 par l\u2019association Jeanjean Films avec le soutien de la [&hellip;]<\/p>\n\t\t\t<\/div>\n\t\t\t\t\t<\/div>\n\t<\/div>\n\t\t<div class=\"tg-blog-widget tg-column-3\">\n\t\t\t\t<div class=\"post-image \">\n\t\t\t<figure><a href=\"https:\/\/jeanjeanfilms.fr\/index.php\/2022\/03\/17\/kino-lyon\/\" title=\"[Kino Lyon] \u00ab\u00a0Cassoulet plaisir\u00a0\u00bb remporte 2 prix\"><img loading=\"lazy\" decoding=\"async\" width=\"370\" height=\"270\" src=\"https:\/\/jeanjeanfilms.fr\/wp-content\/uploads\/2022\/03\/miniature-370x270.jpg\" class=\"attachment-flash-grid size-flash-grid wp-post-image\" alt=\"miniature cassoulet plaisir\" \/><\/a><\/figure>\t\t<\/div>\n\t\t<div class=\"blog-content\">\n\t\t\t<h3 class=\"entry-title\"><a href=\"https:\/\/jeanjeanfilms.fr\/index.php\/2022\/03\/17\/kino-lyon\/\">[Kino Lyon] \u00ab\u00a0Cassoulet plaisir\u00a0\u00bb remporte 2 prix<\/a><\/h3>\n\t\t\t\t\t\t<div class=\"entry-summary\">\n\t\t\t\t<p>Le court-m\u00e9trage\u00a0Cassoulet plaisir a remport\u00e9 le 1er prix du public et le prix du jury au Kino Lyon de mars [&hellip;]<\/p>\n\t\t\t<\/div>\n\t\t\t\t\t<\/div>\n\t<\/div>\n\t\t<div class=\"tg-blog-widget tg-column-3\">\n\t\t\t\t<div class=\"post-image \">\n\t\t\t<figure><a href=\"https:\/\/jeanjeanfilms.fr\/index.php\/2022\/01\/17\/projection-tetard-projete-a-laquarium-cine-cafe-a-lyon\/\" title=\"[projection] \u00ab\u00a0T\u00eatard\u00a0\u00bb projet\u00e9 \u00e0 l&rsquo;Aquarium cin\u00e9-caf\u00e9 \u00e0 Lyon\"><img loading=\"lazy\" decoding=\"async\" width=\"370\" height=\"270\" src=\"https:\/\/jeanjeanfilms.fr\/wp-content\/uploads\/2022\/01\/photo_tetard-aquarium-370x270.jpg\" class=\"attachment-flash-grid size-flash-grid wp-post-image\" alt=\"tetard aquarium\" \/><\/a><\/figure>\t\t<\/div>\n\t\t<div class=\"blog-content\">\n\t\t\t<h3 class=\"entry-title\"><a href=\"https:\/\/jeanjeanfilms.fr\/index.php\/2022\/01\/17\/projection-tetard-projete-a-laquarium-cine-cafe-a-lyon\/\">[projection] \u00ab\u00a0T\u00eatard\u00a0\u00bb projet\u00e9 \u00e0 l&rsquo;Aquarium cin\u00e9-caf\u00e9 \u00e0 Lyon<\/a><\/h3>\n\t\t\t\t\t\t<div class=\"entry-summary\">\n\t\t\t\t<p>Le court-m\u00e9trage\u00a0T\u00eatard a \u00e9t\u00e9 projet\u00e9 \u00e0 l&#039;Aquarium cin\u00e9-caf\u00e9 \u00e0 Lyon le 17 janvier 2022 en pr\u00e9sence de Jean Lacroix qui [&hellip;]<\/p>\n\t\t\t<\/div>\n\t\t\t\t\t<\/div>\n\t<\/div>\n\t<\/div><!-- .blog-wrapper -->\n<\/div><\/div><\/div><\/div>\t\t\t\t\t\t\t\t<\/div>\n\t\t\t\t<\/div>\n\t\t\t\t\t<\/div>\n\t\t\t\t<\/div>\n\t\t<div class=\"elementor-element elementor-element-da58da4 e-flex e-con-boxed e-con e-parent\" data-id=\"da58da4\" data-element_type=\"container\">\n\t\t\t\t\t<div class=\"e-con-inner\">\n\t\t\t\t<div class=\"elementor-element elementor-element-b515927 elementor-widget elementor-widget-wp-widget-recent-posts\" data-id=\"b515927\" data-element_type=\"widget\" data-widget_type=\"wp-widget-recent-posts.default\">\n\t\t\t\t<div class=\"elementor-widget-container\">\n\t\t\t\t\t\n\t\t\n\t\t<h5>Articles r\u00e9cents<\/h5>\n\t\t<ul>\n\t\t\t\t\t\t\t\t\t\t\t<li>\n\t\t\t\t\t<a href=\"https:\/\/jeanjeanfilms.fr\/index.php\/2025\/09\/26\/projection-encore-un-matin-projete-a-la-soiree-cine-sante-a-nice\/\">[Projection] \u00ab\u00a0Encore un matin\u00a0\u00bb projet\u00e9 \u00e0 la soir\u00e9e cin\u00e9 sant\u00e9 \u00e0 Nice<\/a>\n\t\t\t\t\t\t\t\t\t\t\t<span class=\"post-date\">26 septembre 2025<\/span>\n\t\t\t\t\t\t\t\t\t<\/li>\n\t\t\t\t\t\t\t\t\t\t\t<li>\n\t\t\t\t\t<a href=\"https:\/\/jeanjeanfilms.fr\/index.php\/2025\/09\/01\/festival-encore-un-matin-selectionne-au-festival-armoricourt\/\">[Festival] \u00ab\u00a0Encore un matin\u00a0\u00bb s\u00e9lectionn\u00e9 au festival Armoricourt<\/a>\n\t\t\t\t\t\t\t\t\t\t\t<span class=\"post-date\">1 septembre 2025<\/span>\n\t\t\t\t\t\t\t\t\t<\/li>\n\t\t\t\t\t\t\t\t\t\t\t<li>\n\t\t\t\t\t<a href=\"https:\/\/jeanjeanfilms.fr\/index.php\/2025\/01\/07\/label-encore-un-matin-labellise-short-film-market-picks\/\">[Label] \u00ab\u00a0Encore un matin\u00a0\u00bb labellis\u00e9 Short Film Market Picks<\/a>\n\t\t\t\t\t\t\t\t\t\t\t<span class=\"post-date\">7 janvier 2025<\/span>\n\t\t\t\t\t\t\t\t\t<\/li>\n\t\t\t\t\t\t\t\t\t\t\t<li>\n\t\t\t\t\t<a href=\"https:\/\/jeanjeanfilms.fr\/index.php\/2024\/05\/21\/projection-cassoulet-plaisir-et-lhomme-poule-projetes-a-lespace-eole-2\/\">[Festival] Le clip \u00ab\u00a0Mille escaliers\u00a0\u00bb laur\u00e9at au Festival 1\u00e8re Marche de Troyes<\/a>\n\t\t\t\t\t\t\t\t\t\t\t<span class=\"post-date\">21 mai 2024<\/span>\n\t\t\t\t\t\t\t\t\t<\/li>\n\t\t\t\t\t\t\t\t\t\t\t<li>\n\t\t\t\t\t<a href=\"https:\/\/jeanjeanfilms.fr\/index.php\/2023\/03\/14\/projection-cassoulet-plaisir-et-lhomme-poule-projetes-a-lespace-eole\/\">[projection] Cassoulet plaisir et L&rsquo;homme poule projet\u00e9s \u00e0 l&rsquo;espace Eole<\/a>\n\t\t\t\t\t\t\t\t\t\t\t<span class=\"post-date\">14 mars 2023<\/span>\n\t\t\t\t\t\t\t\t\t<\/li>\n\t\t\t\t\t\t\t\t\t\t\t<li>\n\t\t\t\t\t<a href=\"https:\/\/jeanjeanfilms.fr\/index.php\/2023\/01\/13\/evenement-les-laureats-de-la-1ere-edition-du-festival-du-malaise\/\">[\u00e9v\u00e9nement] Les laur\u00e9ats de la 1\u00e8re \u00e9dition du Festival du malaise<\/a>\n\t\t\t\t\t\t\t\t\t\t\t<span class=\"post-date\">13 janvier 2023<\/span>\n\t\t\t\t\t\t\t\t\t<\/li>\n\t\t\t\t\t\t\t\t\t\t\t<li>\n\t\t\t\t\t<a href=\"https:\/\/jeanjeanfilms.fr\/index.php\/2023\/01\/02\/evenement-10-films-selectionnes-pour-le-festival-du-malaise\/\">[\u00e9v\u00e9nement] 10 films s\u00e9lectionn\u00e9s pour le Festival du malaise<\/a>\n\t\t\t\t\t\t\t\t\t\t\t<span class=\"post-date\">2 janvier 2023<\/span>\n\t\t\t\t\t\t\t\t\t<\/li>\n\t\t\t\t\t\t\t\t\t\t\t<li>\n\t\t\t\t\t<a href=\"https:\/\/jeanjeanfilms.fr\/index.php\/2022\/11\/13\/festival-du-malaise-2023\/\">[\u00e9v\u00e8nement] Festival du malaise<\/a>\n\t\t\t\t\t\t\t\t\t\t\t<span class=\"post-date\">13 novembre 2022<\/span>\n\t\t\t\t\t\t\t\t\t<\/li>\n\t\t\t\t\t\t\t\t\t\t\t<li>\n\t\t\t\t\t<a href=\"https:\/\/jeanjeanfilms.fr\/index.php\/2022\/03\/17\/kino-lyon\/\">[Kino Lyon] \u00ab\u00a0Cassoulet plaisir\u00a0\u00bb remporte 2 prix<\/a>\n\t\t\t\t\t\t\t\t\t\t\t<span class=\"post-date\">17 mars 2022<\/span>\n\t\t\t\t\t\t\t\t\t<\/li>\n\t\t\t\t\t\t\t\t\t\t\t<li>\n\t\t\t\t\t<a href=\"https:\/\/jeanjeanfilms.fr\/index.php\/2022\/01\/17\/projection-tetard-projete-a-laquarium-cine-cafe-a-lyon\/\">[projection] \u00ab\u00a0T\u00eatard\u00a0\u00bb projet\u00e9 \u00e0 l&rsquo;Aquarium cin\u00e9-caf\u00e9 \u00e0 Lyon<\/a>\n\t\t\t\t\t\t\t\t\t\t\t<span class=\"post-date\">17 janvier 2022<\/span>\n\t\t\t\t\t\t\t\t\t<\/li>\n\t\t\t\t\t\t\t\t\t\t\t<li>\n\t\t\t\t\t<a href=\"https:\/\/jeanjeanfilms.fr\/index.php\/2020\/10\/25\/projection-lhomme-poule-projete-au-pathe-bellecour-a-lyon\/\">[projection] \u00ab\u00a0L&rsquo;homme poule\u00a0\u00bb projet\u00e9 au Path\u00e9 Bellecour \u00e0 Lyon<\/a>\n\t\t\t\t\t\t\t\t\t\t\t<span class=\"post-date\">25 octobre 2020<\/span>\n\t\t\t\t\t\t\t\t\t<\/li>\n\t\t\t\t\t\t\t\t\t\t\t<li>\n\t\t\t\t\t<a href=\"https:\/\/jeanjeanfilms.fr\/index.php\/2020\/07\/21\/clip-un-clip-de-danse-collaboratif-100-lyonnais\/\">[clip] Un clip de danse collaboratif 100 % lyonnais<\/a>\n\t\t\t\t\t\t\t\t\t\t\t<span class=\"post-date\">21 juillet 2020<\/span>\n\t\t\t\t\t\t\t\t\t<\/li>\n\t\t\t\t\t\t\t\t\t\t\t<li>\n\t\t\t\t\t<a href=\"https:\/\/jeanjeanfilms.fr\/index.php\/2020\/07\/13\/theatre-immersif-retour-sur-bash-experience-theatrale-immersive-en-ligne\/\">[th\u00e9\u00e2tre immersif] Retour sur Bash, exp\u00e9rience th\u00e9\u00e2trale immersive en ligne<\/a>\n\t\t\t\t\t\t\t\t\t\t\t<span class=\"post-date\">13 juillet 2020<\/span>\n\t\t\t\t\t\t\t\t\t<\/li>\n\t\t\t\t\t\t\t\t\t\t\t<li>\n\t\t\t\t\t<a href=\"https:\/\/jeanjeanfilms.fr\/index.php\/2020\/06\/13\/defi-48-h-tres-court-effeuillement-selectionne-en-finale\/\">[d\u00e9fi 48 h Tr\u00e8s court] \u00ab\u00a0Effeuillement\u00a0\u00bb s\u00e9lectionn\u00e9 en finale<\/a>\n\t\t\t\t\t\t\t\t\t\t\t<span class=\"post-date\">13 juin 2020<\/span>\n\t\t\t\t\t\t\t\t\t<\/li>\n\t\t\t\t\t\t\t\t\t\t\t<li>\n\t\t\t\t\t<a href=\"https:\/\/jeanjeanfilms.fr\/index.php\/2020\/06\/03\/kino-lyon-le-marchand-de-sable-remporte-le-1er-prix-du-defi-miroir\/\">[Kino Lyon] \u00ab Le marchand de sable \u00bb remporte le 1er prix du d\u00e9fi \u00ab\u00a0miroir\u00a0\u00bb<\/a>\n\t\t\t\t\t\t\t\t\t\t\t<span class=\"post-date\">3 juin 2020<\/span>\n\t\t\t\t\t\t\t\t\t<\/li>\n\t\t\t\t\t\t\t\t\t\t\t<li>\n\t\t\t\t\t<a href=\"https:\/\/jeanjeanfilms.fr\/index.php\/2020\/04\/01\/web-serie-lancement-de-la-web-serie-coronanar\/\">[Web-s\u00e9rie] Lancement de la web-s\u00e9rie CORONANAR<\/a>\n\t\t\t\t\t\t\t\t\t\t\t<span class=\"post-date\">1 avril 2020<\/span>\n\t\t\t\t\t\t\t\t\t<\/li>\n\t\t\t\t\t\t\t\t\t\t\t<li>\n\t\t\t\t\t<a href=\"https:\/\/jeanjeanfilms.fr\/index.php\/2020\/01\/23\/kino-lyon-la-derniere-heure-remporte-le-3eme-prix-du-public\/\">[Kino Lyon] \u00ab\u00a0La derni\u00e8re heure\u00a0\u00bb remporte le 3\u00e8me prix du public<\/a>\n\t\t\t\t\t\t\t\t\t\t\t<span class=\"post-date\">23 janvier 2020<\/span>\n\t\t\t\t\t\t\t\t\t<\/li>\n\t\t\t\t\t\t\t\t\t\t\t<li>\n\t\t\t\t\t<a href=\"https:\/\/jeanjeanfilms.fr\/index.php\/2020\/01\/13\/festivals-lhomme-poule-selectionne-dans-9-festivals\/\">[Festivals] \u00ab\u00a0L&rsquo;homme poule\u00a0\u00bb s\u00e9lectionn\u00e9 dans 10 festivals<\/a>\n\t\t\t\t\t\t\t\t\t\t\t<span class=\"post-date\">13 janvier 2020<\/span>\n\t\t\t\t\t\t\t\t\t<\/li>\n\t\t\t\t\t\t\t\t\t\t\t<li>\n\t\t\t\t\t<a href=\"https:\/\/jeanjeanfilms.fr\/index.php\/2019\/10\/25\/kino-lyon-mise-en-bouche-vainqueur-du-defi-enigme\/\">[Kino Lyon] \u00ab\u00a0Mise en bouche\u00a0\u00bb vainqueur du d\u00e9fi \u00ab\u00a0\u00e9nigme\u00a0\u00bb<\/a>\n\t\t\t\t\t\t\t\t\t\t\t<span class=\"post-date\">25 octobre 2019<\/span>\n\t\t\t\t\t\t\t\t\t<\/li>\n\t\t\t\t\t\t\t\t\t\t\t<li>\n\t\t\t\t\t<a href=\"https:\/\/jeanjeanfilms.fr\/index.php\/2019\/09\/26\/kino-lyon-greta-remporte-le-defi-pleine-lune\/\">[Kino Lyon] \u00ab\u00a0Greta\u00a0\u00bb remporte le d\u00e9fi \u00ab\u00a0pleine lune\u00a0\u00bb<\/a>\n\t\t\t\t\t\t\t\t\t\t\t<span class=\"post-date\">26 septembre 2019<\/span>\n\t\t\t\t\t\t\t\t\t<\/li>\n\t\t\t\t\t<\/ul>\n\n\t\t\t\t\t\t<\/div>\n\t\t\t\t<\/div>\n\t\t\t\t\t<\/div>\n\t\t\t\t<\/div>\n\t\t\t\t<\/div>\n\t\t","protected":false},"excerpt":{"rendered":"","protected":false},"author":1,"featured_media":7,"parent":0,"menu_order":0,"comment_status":"closed","ping_status":"closed","template":"","meta":{"_monsterinsights_skip_tracking":false,"_monsterinsights_sitenote_active":false,"_monsterinsights_sitenote_note":"","_monsterinsights_sitenote_category":0,"footnotes":""},"class_list":["post-11","page","type-page","status-publish","has-post-thumbnail","hentry"],"_links":{"self":[{"href":"https:\/\/jeanjeanfilms.fr\/index.php\/wp-json\/wp\/v2\/pages\/11","targetHints":{"allow":["GET"]}}],"collection":[{"href":"https:\/\/jeanjeanfilms.fr\/index.php\/wp-json\/wp\/v2\/pages"}],"about":[{"href":"https:\/\/jeanjeanfilms.fr\/index.php\/wp-json\/wp\/v2\/types\/page"}],"author":[{"embeddable":true,"href":"https:\/\/jeanjeanfilms.fr\/index.php\/wp-json\/wp\/v2\/users\/1"}],"replies":[{"embeddable":true,"href":"https:\/\/jeanjeanfilms.fr\/index.php\/wp-json\/wp\/v2\/comments?post=11"}],"version-history":[{"count":9,"href":"https:\/\/jeanjeanfilms.fr\/index.php\/wp-json\/wp\/v2\/pages\/11\/revisions"}],"predecessor-version":[{"id":2519,"href":"https:\/\/jeanjeanfilms.fr\/index.php\/wp-json\/wp\/v2\/pages\/11\/revisions\/2519"}],"wp:featuredmedia":[{"embeddable":true,"href":"https:\/\/jeanjeanfilms.fr\/index.php\/wp-json\/wp\/v2\/media\/7"}],"wp:attachment":[{"href":"https:\/\/jeanjeanfilms.fr\/index.php\/wp-json\/wp\/v2\/media?parent=11"}],"curies":[{"name":"wp","href":"https:\/\/api.w.org\/{rel}","templated":true}]}}