{"id":1194,"date":"2020-01-21T11:09:16","date_gmt":"2020-01-21T10:09:16","guid":{"rendered":"http:\/\/jeanjeanfilms.fr\/?page_id=1194"},"modified":"2020-01-29T13:17:40","modified_gmt":"2020-01-29T12:17:40","slug":"lambition-de-la-confiance-2018","status":"publish","type":"page","link":"https:\/\/jeanjeanfilms.fr\/index.php\/courts-metrages\/lambition-de-la-confiance-2018\/","title":{"rendered":"L&rsquo;ambition de la confiance (2018)"},"content":{"rendered":"<div id=\"pl-1194\"  class=\"panel-layout\" ><div id=\"pg-1194-0\"  class=\"panel-grid panel-no-style\" ><div id=\"pgc-1194-0-0\"  class=\"panel-grid-cell\" ><div id=\"panel-1194-0-0-0\" class=\"so-panel widget widget_themegrill_flash_heading tg-widget section-title-wrapper panel-first-child panel-last-child\" data-index=\"0\" >\t<h3 class=\"section-title\">L&#039;ambition de la confiance : synopsis<\/h3>\n<\/div><\/div><\/div><div id=\"pg-1194-1\"  class=\"panel-grid panel-no-style\" ><div id=\"pgc-1194-1-0\"  class=\"panel-grid-cell\" ><div id=\"panel-1194-1-0-0\" class=\"so-panel widget widget_themegrill_flash_image tg-widget tg-image-widget panel-first-child panel-last-child\" data-index=\"1\" >\t<img decoding=\"async\" src=\"http:\/\/jeanjeanfilms.fr\/wp-content\/uploads\/2020\/01\/Miniature_L_ambition.jpg\" \/>\n<\/div><\/div><div id=\"pgc-1194-1-1\"  class=\"panel-grid-cell\" ><div id=\"panel-1194-1-1-0\" class=\"so-panel widget widget_siteorigin-panels-builder panel-first-child panel-last-child\" data-index=\"2\" ><div id=\"pl-w5e3177e462069\"  class=\"panel-layout\" ><div id=\"pg-w5e3177e462069-0\"  class=\"panel-grid panel-no-style\" ><div id=\"pgc-w5e3177e462069-0-0\"  class=\"panel-grid-cell\" ><div id=\"panel-w5e3177e462069-0-0-0\" class=\"so-panel widget widget_text panel-first-child panel-last-child\" data-index=\"0\" >\t\t\t<div class=\"textwidget\"><p class=\"first\"><strong><em>L&rsquo;ambition de la confiance<\/em> relate l&rsquo;histoire de L\u00e9o Roback, auteur \u00e0 succ\u00e8s du livre \u00ab\u00a0l&rsquo;homme en 10 le\u00e7ons\u00a0\u00bb qui est guid\u00e9 par Dieu pour convertir les gens \u00e0 la productivit\u00e9 et \u00e0 la joie d&rsquo;entreprendre. Son pros\u00e9lytisme va \u00eatre mis \u00e0 mal lorsqu&rsquo;il rencontre un p\u00eacheur tranquille&#8230;<\/strong><\/p>\n<\/div>\n\t\t<\/div><\/div><\/div><\/div><\/div><\/div><\/div><div id=\"pg-1194-2\"  class=\"panel-grid panel-no-style\" ><div id=\"pgc-1194-2-0\"  class=\"panel-grid-cell\" ><div id=\"panel-1194-2-0-0\" class=\"so-panel widget widget_text panel-first-child panel-last-child\" data-index=\"3\" >\t\t\t<div class=\"textwidget\"><p>&nbsp;<\/p>\n<\/div>\n\t\t<\/div><\/div><\/div><div id=\"pg-1194-3\"  class=\"panel-grid panel-no-style\" ><div id=\"pgc-1194-3-0\"  class=\"panel-grid-cell\" ><div id=\"panel-1194-3-0-0\" class=\"so-panel widget widget_themegrill_flash_heading tg-widget section-title-wrapper panel-first-child\" data-index=\"4\" >\t<h3 class=\"section-title\">Court-m\u00e9trage<\/h3>\n<\/div><div id=\"panel-1194-3-0-1\" class=\"so-panel widget widget_text panel-last-child\" data-index=\"5\" >\t\t\t<div class=\"textwidget\"><p class=\"first\"><strong>Participation au concours \u00ab\u00a048 h plus tard\u00a0\u00bb<br \/>\n<\/strong>Le film a \u00e9t\u00e9 \u00e9crit, tourn\u00e9 et mont\u00e9 en 48 h, dans le cadre du concours lyonnais \u00ab\u00a0<a href=\"http:\/\/jeanjeanfilms.fr\/index.php\/les-courts-metrages__trashed\/realises-en-48-h\/\" target=\"_blank\" rel=\"noopener\">48 heures plus tard<\/a>\u00a0\u00bb d&rsquo;avril 2018 organis\u00e9 par le festival <a href=\"http:\/\/www.intergalactiques.net\/\" target=\"_blank\" rel=\"noopener\">Les Intergalactiques<\/a> &amp; Les Marathons du court-m\u00e9trage. Nous sommes arriv\u00e9s 3\u00e8me sur 25 \u00e9quipes.<\/p>\n<p><strong>Contraintes :<\/strong><\/p>\n<ol>\n<li>Pr\u00e9nom &amp; action pour un personnage principal ou secondaire : L\u00e9o Roback<br \/>\nSans \u00eatre forc\u00e9ment un artiste, il cr\u00e9e et\/ou montre une \u0153uvre d\u2019art de sa cr\u00e9ation durant le film (voir contrainte suivante).<\/li>\n<li>Nom de l\u2019\u0153uvre d\u2019art cr\u00e9\u00e9e par le personnage principal ou secondaire : \u00ab\u00a0L&rsquo;homme en 10 le\u00e7ons\u00a0\u00bb.<br \/>\nDiscipline libre : litt\u00e9rature, sculpture, film, musique, jeu. Le nom de l\u2019\u0153uvre est \u00e0 citer.<\/li>\n<li>Couleur : violette<br \/>\nUtilisation libre du moment que sa pr\u00e9sence est ostensible et qu\u2019elle joue un r\u00f4le dans le sc\u00e9nario.<\/li>\n<li>Texte \u00e0 citer tel-quel, dans la bouche de quelqu&rsquo;un ou plac\u00e9 suffisamment clairement dans les d\u00e9cors sonore ou visuel. Bien-s\u00fbr, vous n&rsquo;avez pas \u00e0 citer l&rsquo;auteur dans le film mais vous seriez bien avis\u00e9 de le faire dans le g\u00e9n\u00e9rique ainsi que dans le carton d&rsquo;introduction :<br \/>\n\u00ab\u00a0Quand on s&rsquo;attaque \u00e0 quelque chose dans le ciel, il faut viser Dieu !\u00a0\u00bb (Honor\u00e9 de Balzac, Le p\u00e8re Goriot)<\/li>\n<\/ol>\n<\/div>\n\t\t<\/div><\/div><\/div><div id=\"pg-1194-4\"  class=\"panel-grid panel-no-style\" ><div id=\"pgc-1194-4-0\"  class=\"panel-grid-cell\" ><div id=\"panel-1194-4-0-0\" class=\"widget_text so-panel widget widget_custom_html panel-first-child panel-last-child\" data-index=\"6\" ><div class=\"textwidget custom-html-widget\"><div style=\"padding:56.25% 0 0 0;position:relative;\"><iframe src=\"https:\/\/player.vimeo.com\/video\/264937102?title=0&byline=0&portrait=0\" style=\"position:absolute;top:0;left:0;width:100%;height:100%;\" frameborder=\"0\" allow=\"autoplay; fullscreen\" allowfullscreen><\/iframe><\/div><script src=\"https:\/\/player.vimeo.com\/api\/player.js\"><\/script><\/div><\/div><\/div><\/div><div id=\"pg-1194-5\"  class=\"panel-grid panel-no-style\" ><div id=\"pgc-1194-5-0\"  class=\"panel-grid-cell\" ><div id=\"panel-1194-5-0-0\" class=\"so-panel widget widget_text panel-first-child panel-last-child\" data-index=\"7\" >\t\t\t<div class=\"textwidget\"><p>&nbsp;<\/p>\n<\/div>\n\t\t<\/div><\/div><\/div><div id=\"pg-1194-6\"  class=\"panel-grid panel-no-style\" ><div id=\"pgc-1194-6-0\"  class=\"panel-grid-cell\" ><div id=\"panel-1194-6-0-0\" class=\"so-panel widget widget_themegrill_flash_heading tg-widget section-title-wrapper panel-first-child panel-last-child\" data-index=\"8\" >\t<h3 class=\"section-title\">L&#039;\u00e9quipe du film<\/h3>\n<\/div><\/div><\/div><div id=\"pg-1194-7\"  class=\"panel-grid panel-no-style\" ><div id=\"pgc-1194-7-0\"  class=\"panel-grid-cell\" ><div id=\"panel-1194-7-0-0\" class=\"so-panel widget widget_text panel-first-child\" data-index=\"9\" ><h3 class=\"widget-title\">R\u00e9alisation<\/h3>\t\t\t<div class=\"textwidget\"><p><strong>Thiebault Gu\u00e9rin<br \/>\n<\/strong><\/p>\n<\/div>\n\t\t<\/div><div id=\"panel-1194-7-0-1\" class=\"so-panel widget widget_text\" data-index=\"10\" ><h3 class=\"widget-title\">Sc\u00e9nario<\/h3>\t\t\t<div class=\"textwidget\"><p><strong>Lucas Blanes<br \/>\nLo\u00efc Bonnet<br \/>\nLysiane Cl\u00e9ment<br \/>\nThiebault Gu\u00e9rin<br \/>\nM\u00e9lodie Muller<br \/>\nSarah Richardier<br \/>\nCl\u00e9mentine Se\u00eft\u00e9<\/strong><\/p>\n<\/div>\n\t\t<\/div><div id=\"panel-1194-7-0-2\" class=\"so-panel widget widget_text panel-last-child\" data-index=\"11\" ><h3 class=\"widget-title\">Acteurs et actrices<\/h3>\t\t\t<div class=\"textwidget\"><p>La gourou : <strong>Lysiane Cl\u00e9ment<\/strong><br \/>\nL\u00e9o Roback : <strong>Lo\u00efc Bonnet<\/strong><br \/>\nLa saltimbanque : <strong>Sarah Richardier<\/strong><br \/>\nLe p\u00eacheur : <strong>Lucas Blanes<\/strong><\/p>\n<\/div>\n\t\t<\/div><\/div><div id=\"pgc-1194-7-1\"  class=\"panel-grid-cell\" ><div id=\"panel-1194-7-1-0\" class=\"so-panel widget widget_text panel-first-child\" data-index=\"12\" ><h3 class=\"widget-title\">\u00c9quipe technique<\/h3>\t\t\t<div class=\"textwidget\"><p>Chef op\u00e9rateur : <strong>Jonathan Grimaux<\/strong><br \/>\nCadreur et \u00e9talonneur : <strong>R\u00e9my Cizeron\u00e9<\/strong><br \/>\nTechnicienne du son : <strong>Cl\u00e9mentine Se\u00eft\u00e9<\/strong><br \/>\nAssistant.e.s : <strong>M\u00e9lodie Muller<\/strong> et\u00a0<strong>Thai-Son Richardier<\/strong><\/p>\n<\/div>\n\t\t<\/div><div id=\"panel-1194-7-1-1\" class=\"so-panel widget widget_text panel-last-child\" data-index=\"13\" ><h3 class=\"widget-title\">Musique<\/h3>\t\t\t<div class=\"textwidget\"><p><strong>Benjamin Richardier <\/strong>&#8211; <em>Corpus Capitalistus<\/em><strong><br \/>\n<\/strong><\/p>\n<p>&nbsp;<\/p>\n<p>&nbsp;<\/p>\n<\/div>\n\t\t<\/div><\/div><\/div><div id=\"pg-1194-8\"  class=\"panel-grid panel-no-style\" ><div id=\"pgc-1194-8-0\"  class=\"panel-grid-cell\" ><div id=\"panel-1194-8-0-0\" class=\"so-panel widget widget_themegrill_flash_heading tg-widget section-title-wrapper panel-first-child\" data-index=\"14\" >\t<h3 class=\"section-title\">Photos du tournage<\/h3>\n<\/div><div id=\"panel-1194-8-0-1\" class=\"so-panel widget widget_themegrill_flash_slider tg-section tg-slider-widget panel-last-child\" data-index=\"15\" ><div class=\"tg-slider-widget slider-light slider-content-center  full-width\">\n\t<div class=\"swiper-container\">\n\t\t<div class=\"swiper-wrapper\">\n\t\t\t\n\t\t\t\t\t<div class=\"swiper-slide\">\n\t\t\t\t\t\t<figure class=\"slider-image\" >\n\t\t\t\t\t\t\t<img fetchpriority=\"high\" width=\"2048\" height=\"1156\"\t\t\t\t\t\t\t\t\tsrc=\"http:\/\/jeanjeanfilms.fr\/wp-content\/uploads\/2020\/01\/tournage_ambition_confiance_2.jpg\"\n\t\t\t\t\t\t\t\t\talt=\"tournage_ambition_confiance_2\"\n\t\t\t\t\t\t\t\t\ttitle=\"\"\/>\n\t\t\t\t\t\t\t<div class=\"overlay\"><\/div>\n\t\t\t\t\t\t<\/figure>\n\t\t\t\t\t\t<div class=\"slider-content\">\n\t\t\t\t\t\t\t<div class=\"tg-container\">\n\t\t\t\t\t\t\t\t<div class=\"caption-title\"><\/div>\n\t\t\t\t\t\t\t\t<div class=\"caption-desc\"><\/div>\n\t\t\t\t\t\t\t\t\t\t\t\t\t\t\t<\/div>\n\t\t\t\t\t\t<\/div>\n\t\t\t\t\t<\/div>\n\n\t\t\t\t\n\t\t\t\t\t<div class=\"swiper-slide\">\n\t\t\t\t\t\t<figure class=\"slider-image\" >\n\t\t\t\t\t\t\t<img width=\"2048\" height=\"1156\"\t\t\t\t\t\t\t\t\tsrc=\"http:\/\/jeanjeanfilms.fr\/wp-content\/uploads\/2020\/01\/tournage_ambition_confiance_4.jpg\"\n\t\t\t\t\t\t\t\t\talt=\"tournage_ambition_confiance_4\"\n\t\t\t\t\t\t\t\t\ttitle=\"\"\/>\n\t\t\t\t\t\t\t<div class=\"overlay\"><\/div>\n\t\t\t\t\t\t<\/figure>\n\t\t\t\t\t\t<div class=\"slider-content\">\n\t\t\t\t\t\t\t<div class=\"tg-container\">\n\t\t\t\t\t\t\t\t<div class=\"caption-title\"><\/div>\n\t\t\t\t\t\t\t\t<div class=\"caption-desc\"><\/div>\n\t\t\t\t\t\t\t\t\t\t\t\t\t\t\t<\/div>\n\t\t\t\t\t\t<\/div>\n\t\t\t\t\t<\/div>\n\n\t\t\t\t\n\t\t\t\t\t<div class=\"swiper-slide\">\n\t\t\t\t\t\t<figure class=\"slider-image\" >\n\t\t\t\t\t\t\t<img width=\"2048\" height=\"1156\"\t\t\t\t\t\t\t\t\tsrc=\"http:\/\/jeanjeanfilms.fr\/wp-content\/uploads\/2020\/01\/tournage_ambition_confiance_5.jpg\"\n\t\t\t\t\t\t\t\t\talt=\"tournage_ambition_confiance_5\"\n\t\t\t\t\t\t\t\t\ttitle=\"\"\/>\n\t\t\t\t\t\t\t<div class=\"overlay\"><\/div>\n\t\t\t\t\t\t<\/figure>\n\t\t\t\t\t\t<div class=\"slider-content\">\n\t\t\t\t\t\t\t<div class=\"tg-container\">\n\t\t\t\t\t\t\t\t<div class=\"caption-title\"><\/div>\n\t\t\t\t\t\t\t\t<div class=\"caption-desc\"><\/div>\n\t\t\t\t\t\t\t\t\t\t\t\t\t\t\t<\/div>\n\t\t\t\t\t\t<\/div>\n\t\t\t\t\t<\/div>\n\n\t\t\t\t\n\t\t\t\t\t<div class=\"swiper-slide\">\n\t\t\t\t\t\t<figure class=\"slider-image\" >\n\t\t\t\t\t\t\t<img loading=\"lazy\" width=\"2048\" height=\"1156\"\t\t\t\t\t\t\t\t\tsrc=\"http:\/\/jeanjeanfilms.fr\/wp-content\/uploads\/2020\/01\/tournage_ambition_confiance_3.jpg\"\n\t\t\t\t\t\t\t\t\talt=\"tournage_ambition_confiance\"\n\t\t\t\t\t\t\t\t\ttitle=\"\"\/>\n\t\t\t\t\t\t\t<div class=\"overlay\"><\/div>\n\t\t\t\t\t\t<\/figure>\n\t\t\t\t\t\t<div class=\"slider-content\">\n\t\t\t\t\t\t\t<div class=\"tg-container\">\n\t\t\t\t\t\t\t\t<div class=\"caption-title\"><\/div>\n\t\t\t\t\t\t\t\t<div class=\"caption-desc\"><\/div>\n\t\t\t\t\t\t\t\t\t\t\t\t\t\t\t<\/div>\n\t\t\t\t\t\t<\/div>\n\t\t\t\t\t<\/div>\n\n\t\t\t\t\n\t\t\t\t\t<div class=\"swiper-slide\">\n\t\t\t\t\t\t<figure class=\"slider-image\" >\n\t\t\t\t\t\t\t<img loading=\"lazy\" width=\"1766\" height=\"998\"\t\t\t\t\t\t\t\t\tsrc=\"http:\/\/jeanjeanfilms.fr\/wp-content\/uploads\/2020\/01\/Equipe_ambition_confiance.jpg\"\n\t\t\t\t\t\t\t\t\talt=\"equipe_ambition_confiance\"\n\t\t\t\t\t\t\t\t\ttitle=\"\"\/>\n\t\t\t\t\t\t\t<div class=\"overlay\"><\/div>\n\t\t\t\t\t\t<\/figure>\n\t\t\t\t\t\t<div class=\"slider-content\">\n\t\t\t\t\t\t\t<div class=\"tg-container\">\n\t\t\t\t\t\t\t\t<div class=\"caption-title\"><\/div>\n\t\t\t\t\t\t\t\t<div class=\"caption-desc\"><\/div>\n\t\t\t\t\t\t\t\t\t\t\t\t\t\t\t<\/div>\n\t\t\t\t\t\t<\/div>\n\t\t\t\t\t<\/div>\n\n\t\t\t\t\t\t<\/div>\n\t\t<div class=\"swiper-pagination\"><\/div>\n\t\t<div class=\"slider-arrow\">\n\t\t\t<div class=\"swiper-button-next\"><\/div>\n\t\t\t<div class=\"swiper-button-prev\"><\/div>\n\t\t<\/div>\n\t<\/div>\n<\/div>\n<\/div><\/div><\/div><\/div>","protected":false},"excerpt":{"rendered":"<p>L&#039;ambition de la confiance : synopsis L&rsquo;ambition de la confiance relate l&rsquo;histoire de L\u00e9o Roback, auteur \u00e0 succ\u00e8s du livre [&hellip;]<\/p>\n","protected":false},"author":1,"featured_media":0,"parent":1453,"menu_order":0,"comment_status":"closed","ping_status":"closed","template":"","meta":{"_monsterinsights_skip_tracking":false,"_monsterinsights_sitenote_active":false,"_monsterinsights_sitenote_note":"","_monsterinsights_sitenote_category":0,"footnotes":""},"class_list":["post-1194","page","type-page","status-publish","hentry"],"_links":{"self":[{"href":"https:\/\/jeanjeanfilms.fr\/index.php\/wp-json\/wp\/v2\/pages\/1194","targetHints":{"allow":["GET"]}}],"collection":[{"href":"https:\/\/jeanjeanfilms.fr\/index.php\/wp-json\/wp\/v2\/pages"}],"about":[{"href":"https:\/\/jeanjeanfilms.fr\/index.php\/wp-json\/wp\/v2\/types\/page"}],"author":[{"embeddable":true,"href":"https:\/\/jeanjeanfilms.fr\/index.php\/wp-json\/wp\/v2\/users\/1"}],"replies":[{"embeddable":true,"href":"https:\/\/jeanjeanfilms.fr\/index.php\/wp-json\/wp\/v2\/comments?post=1194"}],"version-history":[{"count":25,"href":"https:\/\/jeanjeanfilms.fr\/index.php\/wp-json\/wp\/v2\/pages\/1194\/revisions"}],"predecessor-version":[{"id":1536,"href":"https:\/\/jeanjeanfilms.fr\/index.php\/wp-json\/wp\/v2\/pages\/1194\/revisions\/1536"}],"up":[{"embeddable":true,"href":"https:\/\/jeanjeanfilms.fr\/index.php\/wp-json\/wp\/v2\/pages\/1453"}],"wp:attachment":[{"href":"https:\/\/jeanjeanfilms.fr\/index.php\/wp-json\/wp\/v2\/media?parent=1194"}],"curies":[{"name":"wp","href":"https:\/\/api.w.org\/{rel}","templated":true}]}}