{"id":1326,"date":"2020-01-22T15:03:51","date_gmt":"2020-01-22T14:03:51","guid":{"rendered":"http:\/\/jeanjeanfilms.fr\/?page_id=1326"},"modified":"2020-02-21T11:55:09","modified_gmt":"2020-02-21T10:55:09","slug":"realises-en-1-mois","status":"publish","type":"page","link":"https:\/\/jeanjeanfilms.fr\/index.php\/realises-en-1-mois\/","title":{"rendered":"R\u00e9alis\u00e9s en 1 mois"},"content":{"rendered":"<div id=\"pl-1326\"  class=\"panel-layout\" ><div id=\"pg-1326-0\"  class=\"panel-grid panel-no-style\" ><div id=\"pgc-1326-0-0\"  class=\"panel-grid-cell\" ><div id=\"panel-1326-0-0-0\" class=\"so-panel widget widget_themegrill_flash_image tg-widget tg-image-widget panel-first-child\" data-index=\"0\" >\t<img decoding=\"async\" src=\"http:\/\/jeanjeanfilms.fr\/wp-content\/uploads\/2020\/01\/banniere_kino_site.png\" \/>\n<\/div><div id=\"panel-1326-0-0-1\" class=\"so-panel widget widget_text panel-last-child\" data-index=\"1\" >\t\t\t<div class=\"textwidget\"><p>&nbsp;<\/p>\n<\/div>\n\t\t<\/div><\/div><\/div><div id=\"pg-1326-1\"  class=\"panel-grid panel-no-style\" ><div id=\"pgc-1326-1-0\"  class=\"panel-grid-cell\" ><div id=\"panel-1326-1-0-0\" class=\"so-panel widget widget_themegrill_flash_heading tg-widget section-title-wrapper panel-first-child\" data-index=\"2\" >\t<h3 class=\"section-title\">Qu\u2019est-ce que le d\u00e9fi Kino Lyon ?<\/h3>\n<\/div><div id=\"panel-1326-1-0-1\" class=\"so-panel widget widget_text panel-last-child\" data-index=\"3\" >\t\t\t<div class=\"textwidget\"><p><strong>Le d\u00e9fi Kino Lyon est une comp\u00e9tition mensuelle<\/strong> qui a \u00e9t\u00e9 cr\u00e9\u00e9e en 2018.<br \/>\nChaque film pr\u00e9sent\u00e9 doit respecter ces r\u00e8gles :<\/p>\n<ul>\n<li>1 th\u00e8me et une contrainte tir\u00e9s au sort et \u00e0 respecter<\/li>\n<li>3 minutes maximum, hors g\u00e9n\u00e9rique<\/li>\n<li>1 seul par r\u00e9alisateur \/ r\u00e9alisatrice<\/li>\n<li>1 film in\u00e9dit r\u00e9alis\u00e9 dans le mois<\/li>\n<\/ul>\n<p><strong>Tous les d\u00e9fis sont ensuite diffus\u00e9s sur grand \u00e9cran et pr\u00e9sent\u00e9s devant un public de 160 personnes.<\/strong> La gagnante ou le gagnant du d\u00e9fi Kino Lyon, apr\u00e8s vote du public, b\u00e9n\u00e9ficie d\u2019un ch\u00e8que de 150 euros pour louer du mat\u00e9riel de tournage aupr\u00e8s du partenaire Indie Location.<\/p>\n<\/div>\n\t\t<\/div><\/div><\/div><div id=\"pg-1326-2\"  class=\"panel-grid panel-no-style\" ><div id=\"pgc-1326-2-0\"  class=\"panel-grid-cell\" ><div id=\"panel-1326-2-0-0\" class=\"so-panel widget widget_themegrill_flash_heading tg-widget section-title-wrapper panel-first-child panel-last-child\" data-index=\"4\" >\t<h3 class=\"section-title\">Les courts-m\u00e9trages pr\u00e9sent\u00e9s par Jeanjean Films<\/h3>\n<\/div><\/div><\/div><div id=\"pg-1326-3\"  class=\"panel-grid panel-no-style\" ><div id=\"pgc-1326-3-0\"  class=\"panel-grid-cell\" ><div id=\"panel-1326-3-0-0\" class=\"so-panel widget widget_themegrill_flash_image tg-widget tg-image-widget panel-first-child panel-last-child\" data-index=\"5\" >\t<img decoding=\"async\" src=\"http:\/\/jeanjeanfilms.fr\/wp-content\/uploads\/2020\/02\/miniature_passion_christine_logo.png\" \/>\n<\/div><\/div><div id=\"pgc-1326-3-1\"  class=\"panel-grid-cell\" ><div id=\"panel-1326-3-1-0\" class=\"so-panel widget widget_text panel-first-child panel-last-child\" data-index=\"6\" ><h3 class=\"widget-title\">La passion de Christine<\/h3>\t\t\t<div class=\"textwidget\"><p><em><strong>F\u00e9vrier 2020<\/strong><\/em><\/p>\n<p>Le court-m\u00e9trage a particip\u00e9 au d\u00e9fi \u00ab\u00a0Passion\u00a0\u00bb.<\/p>\n<p><a href=\"http:\/\/jeanjeanfilms.fr\/index.php\/courts-metrages\/la-passion-de-christine-2020\/\" rel=\"noopener\">Lire la suite&#8230;<\/a><\/p>\n<\/div>\n\t\t<\/div><\/div><\/div><div id=\"pg-1326-4\"  class=\"panel-grid panel-no-style\" ><div id=\"pgc-1326-4-0\"  class=\"panel-grid-cell\" ><div id=\"panel-1326-4-0-0\" class=\"so-panel widget widget_text panel-first-child panel-last-child\" data-index=\"7\" >\t\t\t<div class=\"textwidget\"><p>&nbsp;<\/p>\n<\/div>\n\t\t<\/div><\/div><\/div><div id=\"pg-1326-5\"  class=\"panel-grid panel-no-style\" ><div id=\"pgc-1326-5-0\"  class=\"panel-grid-cell\" ><div id=\"panel-1326-5-0-0\" class=\"so-panel widget widget_themegrill_flash_image tg-widget tg-image-widget panel-first-child panel-last-child\" data-index=\"8\" >\t<img decoding=\"async\" src=\"http:\/\/jeanjeanfilms.fr\/wp-content\/uploads\/2020\/01\/Miniature_Kino_1920x1080.jpg\" \/>\n<\/div><\/div><div id=\"pgc-1326-5-1\"  class=\"panel-grid-cell\" ><div id=\"panel-1326-5-1-0\" class=\"so-panel widget widget_text panel-first-child panel-last-child\" data-index=\"9\" ><h3 class=\"widget-title\">La derni\u00e8re heure<\/h3>\t\t\t<div class=\"textwidget\"><p><em><strong>Janvier 2020<\/strong><\/em><\/p>\n<p>Le court-m\u00e9trage a particip\u00e9 au d\u00e9fi \u00ab\u00a0Manipulation\u00a0\u00bb. Il a remport\u00e9 le 3\u00e8me prix du public.<\/p>\n<p><a href=\"http:\/\/jeanjeanfilms.fr\/index.php\/la-derniere-heure-2020\/\" target=\"_blank\" rel=\"noopener\">Lire la suite&#8230;<\/a><\/p>\n<\/div>\n\t\t<\/div><\/div><\/div><div id=\"pg-1326-6\"  class=\"panel-grid panel-no-style\" ><div id=\"pgc-1326-6-0\"  class=\"panel-grid-cell\" ><div id=\"panel-1326-6-0-0\" class=\"so-panel widget widget_text panel-first-child panel-last-child\" data-index=\"10\" >\t\t\t<div class=\"textwidget\"><p>&nbsp;<\/p>\n<\/div>\n\t\t<\/div><\/div><\/div><div id=\"pg-1326-7\"  class=\"panel-grid panel-no-style\" ><div id=\"pgc-1326-7-0\"  class=\"panel-grid-cell\" ><div id=\"panel-1326-7-0-0\" class=\"so-panel widget widget_themegrill_flash_image tg-widget tg-image-widget panel-first-child panel-last-child\" data-index=\"11\" >\t<img decoding=\"async\" src=\"http:\/\/jeanjeanfilms.fr\/wp-content\/uploads\/2020\/01\/miniature_miseenbouche.jpg\" \/>\n<\/div><\/div><div id=\"pgc-1326-7-1\"  class=\"panel-grid-cell\" ><div id=\"panel-1326-7-1-0\" class=\"so-panel widget widget_text panel-first-child panel-last-child\" data-index=\"12\" ><h3 class=\"widget-title\">Mise en bouche<\/h3>\t\t\t<div class=\"textwidget\"><p><em><strong>Octobre 2019<\/strong><\/em><\/p>\n<p>Le court-m\u00e9trage a \u00e9t\u00e9 vainqueur du d\u00e9fi \u00ab\u00a0\u00c9nigme\u00a0\u00bb<\/p>\n<p><a href=\"http:\/\/jeanjeanfilms.fr\/index.php\/les-courts-metrages\/mise-en-bouche\/\" target=\"_blank\" rel=\"noopener\">Lire la suite&#8230;<\/a><\/p>\n<\/div>\n\t\t<\/div><\/div><\/div><div id=\"pg-1326-8\"  class=\"panel-grid panel-no-style\" ><div id=\"pgc-1326-8-0\"  class=\"panel-grid-cell\" ><div id=\"panel-1326-8-0-0\" class=\"so-panel widget widget_text panel-first-child panel-last-child\" data-index=\"13\" >\t\t\t<div class=\"textwidget\"><p>&nbsp;<\/p>\n<\/div>\n\t\t<\/div><\/div><\/div><div id=\"pg-1326-9\"  class=\"panel-grid panel-no-style\" ><div id=\"pgc-1326-9-0\"  class=\"panel-grid-cell\" ><div id=\"panel-1326-9-0-0\" class=\"so-panel widget widget_themegrill_flash_image tg-widget tg-image-widget panel-first-child panel-last-child\" data-index=\"14\" >\t<img decoding=\"async\" src=\"http:\/\/jeanjeanfilms.fr\/wp-content\/uploads\/2020\/01\/Miniature_greta.jpg\" \/>\n<\/div><\/div><div id=\"pgc-1326-9-1\"  class=\"panel-grid-cell\" ><div id=\"panel-1326-9-1-0\" class=\"so-panel widget widget_text panel-first-child panel-last-child\" data-index=\"15\" ><h3 class=\"widget-title\">Greta<\/h3>\t\t\t<div class=\"textwidget\"><p><em><strong>Septembre 2019<\/strong><\/em><\/p>\n<p>Le court-m\u00e9trage a \u00e9t\u00e9 vainqueur du d\u00e9fi \u00ab\u00a0Pleine lune\u00a0\u00bb<\/p>\n<p><a href=\"http:\/\/jeanjeanfilms.fr\/index.php\/les-courts-metrages\/greta\/\" target=\"_blank\" rel=\"noopener\">Lire la suite&#8230;<\/a><\/p>\n<\/div>\n\t\t<\/div><\/div><\/div><\/div>","protected":false},"excerpt":{"rendered":"<p>&nbsp; Le d\u00e9fi Kino Lyon est une comp\u00e9tition mensuelle qui a \u00e9t\u00e9 cr\u00e9\u00e9e en 2018. Chaque film pr\u00e9sent\u00e9 doit respecter [&hellip;]<\/p>\n","protected":false},"author":1,"featured_media":0,"parent":0,"menu_order":0,"comment_status":"closed","ping_status":"closed","template":"","meta":{"_monsterinsights_skip_tracking":false,"_monsterinsights_sitenote_active":false,"_monsterinsights_sitenote_note":"","_monsterinsights_sitenote_category":0,"footnotes":""},"class_list":["post-1326","page","type-page","status-publish","hentry"],"_links":{"self":[{"href":"https:\/\/jeanjeanfilms.fr\/index.php\/wp-json\/wp\/v2\/pages\/1326","targetHints":{"allow":["GET"]}}],"collection":[{"href":"https:\/\/jeanjeanfilms.fr\/index.php\/wp-json\/wp\/v2\/pages"}],"about":[{"href":"https:\/\/jeanjeanfilms.fr\/index.php\/wp-json\/wp\/v2\/types\/page"}],"author":[{"embeddable":true,"href":"https:\/\/jeanjeanfilms.fr\/index.php\/wp-json\/wp\/v2\/users\/1"}],"replies":[{"embeddable":true,"href":"https:\/\/jeanjeanfilms.fr\/index.php\/wp-json\/wp\/v2\/comments?post=1326"}],"version-history":[{"count":25,"href":"https:\/\/jeanjeanfilms.fr\/index.php\/wp-json\/wp\/v2\/pages\/1326\/revisions"}],"predecessor-version":[{"id":1329,"href":"https:\/\/jeanjeanfilms.fr\/index.php\/wp-json\/wp\/v2\/pages\/1326\/revisions\/1329"}],"wp:attachment":[{"href":"https:\/\/jeanjeanfilms.fr\/index.php\/wp-json\/wp\/v2\/media?parent=1326"}],"curies":[{"name":"wp","href":"https:\/\/api.w.org\/{rel}","templated":true}]}}