{"id":1471,"date":"2020-01-29T12:09:24","date_gmt":"2020-01-29T11:09:24","guid":{"rendered":"http:\/\/jeanjeanfilms.fr\/?page_id=1471"},"modified":"2020-01-29T16:48:06","modified_gmt":"2020-01-29T15:48:06","slug":"la-derniere-heure-2020","status":"publish","type":"page","link":"https:\/\/jeanjeanfilms.fr\/index.php\/courts-metrages\/la-derniere-heure-2020\/","title":{"rendered":"La derni\u00e8re heure (2020)"},"content":{"rendered":"<div id=\"pl-1471\"  class=\"panel-layout\" ><div id=\"pg-1471-0\"  class=\"panel-grid panel-no-style\" ><div id=\"pgc-1471-0-0\"  class=\"panel-grid-cell\" ><div id=\"panel-1471-0-0-0\" class=\"so-panel widget widget_themegrill_flash_heading tg-widget section-title-wrapper panel-first-child panel-last-child\" data-index=\"0\" >\t<h3 class=\"section-title\">La derni\u00e8re heure : synopsis<\/h3>\n<\/div><\/div><\/div><div id=\"pg-1471-1\"  class=\"panel-grid panel-no-style\" ><div id=\"pgc-1471-1-0\"  class=\"panel-grid-cell\" ><div id=\"panel-1471-1-0-0\" class=\"so-panel widget widget_themegrill_flash_image tg-widget tg-image-widget panel-first-child panel-last-child\" data-index=\"1\" >\t<img decoding=\"async\" src=\"http:\/\/jeanjeanfilms.fr\/wp-content\/uploads\/2020\/01\/Miniature_Derniere_heure.jpg\" \/>\n<\/div><\/div><div id=\"pgc-1471-1-1\"  class=\"panel-grid-cell\" ><div id=\"panel-1471-1-1-0\" class=\"so-panel widget widget_siteorigin-panels-builder panel-first-child panel-last-child\" data-index=\"2\" ><div id=\"pl-w5e3167e48a7fa\"  class=\"panel-layout\" ><div id=\"pg-w5e3167e48a7fa-0\"  class=\"panel-grid panel-no-style\" ><div id=\"pgc-w5e3167e48a7fa-0-0\"  class=\"panel-grid-cell\" ><div id=\"panel-w5e3167e48a7fa-0-0-0\" class=\"so-panel widget widget_text panel-first-child panel-last-child\" data-index=\"0\" >\t\t\t<div class=\"textwidget\"><p>Rachel, accompagn\u00e9e de ses deux enfants, passe une journ\u00e9e \u00e0 la campagne avec sa s\u0153ur, Jeanne. Les enfants insistent toutefois lourdement pour rentrer \u00e0 la maison afin de regarder le dernier \u00e9pisode de leur s\u00e9rie qui commence dans une heure.<\/p>\n<\/div>\n\t\t<\/div><\/div><\/div><\/div><\/div><\/div><\/div><div id=\"pg-1471-2\"  class=\"panel-grid panel-no-style\" ><div id=\"pgc-1471-2-0\"  class=\"panel-grid-cell\" ><div id=\"panel-1471-2-0-0\" class=\"so-panel widget widget_text panel-first-child panel-last-child\" data-index=\"3\" >\t\t\t<div class=\"textwidget\"><p>&nbsp;<\/p>\n<\/div>\n\t\t<\/div><\/div><\/div><div id=\"pg-1471-3\"  class=\"panel-grid panel-no-style\" ><div id=\"pgc-1471-3-0\"  class=\"panel-grid-cell\" ><div id=\"panel-1471-3-0-0\" class=\"so-panel widget widget_themegrill_flash_heading tg-widget section-title-wrapper panel-first-child\" data-index=\"4\" >\t<h3 class=\"section-title\">Court-m\u00e9trage<\/h3>\n<\/div><div id=\"panel-1471-3-0-1\" class=\"so-panel widget widget_text panel-last-child\" data-index=\"5\" >\t\t\t<div class=\"textwidget\"><p class=\"first\">Court-m\u00e9trage \u00e9crit et r\u00e9alis\u00e9 en 1 mois dans le cadre du d\u00e9fi \u00ab\u00a0<a href=\"http:\/\/jeanjeanfilms.fr\/index.php\/les-courts-metrages__trashed\/realises-en-1-mois\/\">Kino Lyon<\/a>\u00a0\u00bb de janvier 2020. Il a \u00e9t\u00e9 tourn\u00e9 en plan-s\u00e9quence (plan\u00a0qui consiste en une prise de vues unique, sans coupe). Il a remport\u00e9 le 3\u00e8me prix du public.<\/p>\n<p><strong>Th\u00e8me<\/strong> : Manipulation<br \/>\n<strong>Contrainte<\/strong> : personnages f\u00e9minins forts respectant le test de Bechdel : il doit y avoir au moins deux femmes nomm\u00e9es dans l\u2019\u0153uvre qui parlent ensemble de quelque chose qui est sans rapport avec un homme.<\/p>\n<\/div>\n\t\t<\/div><\/div><\/div><div id=\"pg-1471-4\"  class=\"panel-grid panel-no-style\" ><div id=\"pgc-1471-4-0\"  class=\"panel-grid-cell\" ><div id=\"panel-1471-4-0-0\" class=\"widget_text so-panel widget widget_custom_html panel-first-child panel-last-child\" data-index=\"6\" ><div class=\"textwidget custom-html-widget\"><div style=\"padding:42.5% 0 0 0;position:relative;\"><iframe src=\"https:\/\/player.vimeo.com\/video\/384325390?title=0&byline=0&portrait=0\" style=\"position:absolute;top:0;left:0;width:100%;height:100%;\" frameborder=\"0\" allow=\"autoplay; fullscreen\" allowfullscreen><\/iframe><\/div><script src=\"https:\/\/player.vimeo.com\/api\/player.js\"><\/script><\/div><\/div><\/div><\/div><div id=\"pg-1471-5\"  class=\"panel-grid panel-no-style\" ><div id=\"pgc-1471-5-0\"  class=\"panel-grid-cell\" ><div id=\"panel-1471-5-0-0\" class=\"so-panel widget widget_text panel-first-child panel-last-child\" data-index=\"7\" >\t\t\t<div class=\"textwidget\"><p>&nbsp;<\/p>\n<\/div>\n\t\t<\/div><\/div><\/div><div id=\"pg-1471-6\"  class=\"panel-grid panel-no-style\" ><div id=\"pgc-1471-6-0\"  class=\"panel-grid-cell\" ><div id=\"panel-1471-6-0-0\" class=\"so-panel widget widget_themegrill_flash_heading tg-widget section-title-wrapper panel-first-child panel-last-child\" data-index=\"8\" >\t<h3 class=\"section-title\">L&#039;\u00e9quipe du film<\/h3>\n<\/div><\/div><\/div><div id=\"pg-1471-7\"  class=\"panel-grid panel-no-style\" ><div id=\"pgc-1471-7-0\"  class=\"panel-grid-cell\" ><div id=\"panel-1471-7-0-0\" class=\"so-panel widget widget_text panel-first-child\" data-index=\"9\" ><h3 class=\"widget-title\">R\u00e9alisation<\/h3>\t\t\t<div class=\"textwidget\"><p><strong>Thiebault Gu\u00e9rin<br \/>\n<\/strong><\/p>\n<\/div>\n\t\t<\/div><div id=\"panel-1471-7-0-1\" class=\"so-panel widget widget_text\" data-index=\"10\" ><h3 class=\"widget-title\">Sc\u00e9nario<\/h3>\t\t\t<div class=\"textwidget\"><p><strong>Thiebault Gu\u00e9rin<br \/>\nCl\u00e9mentine Se\u00eft\u00e9<\/strong><\/p>\n<\/div>\n\t\t<\/div><div id=\"panel-1471-7-0-2\" class=\"so-panel widget widget_text panel-last-child\" data-index=\"11\" ><h3 class=\"widget-title\">Acteurs et actrices<\/h3>\t\t\t<div class=\"textwidget\"><p>Sam : <strong>C\u00e9lyan G.<\/strong><br \/>\nRachel : <strong>Cl\u00e9mentine Se\u00eft\u00e9<\/strong><br \/>\nMaya G. : <strong>Mathilde<\/strong><br \/>\nMeryl Mourey : <strong>Jeanne<\/strong><\/p>\n<\/div>\n\t\t<\/div><\/div><div id=\"pgc-1471-7-1\"  class=\"panel-grid-cell\" ><div id=\"panel-1471-7-1-0\" class=\"so-panel widget widget_text panel-first-child\" data-index=\"12\" ><h3 class=\"widget-title\">\u00c9quipe technique<\/h3>\t\t\t<div class=\"textwidget\"><p>Op\u00e9rateur : <strong>Thiebault Gu\u00e9rin<\/strong><br \/>\nPerchiste : <strong>Nicolas Putain<\/strong><br \/>\nCouteau suisse : <strong>M\u00e9lanie Putain<\/strong><\/p>\n<\/div>\n\t\t<\/div><div id=\"panel-1471-7-1-1\" class=\"so-panel widget widget_text panel-last-child\" data-index=\"13\" ><h3 class=\"widget-title\">Musique<\/h3>\t\t\t<div class=\"textwidget\"><p><strong>Benjamin Richardier<\/strong><\/p>\n<\/div>\n\t\t<\/div><\/div><\/div><div id=\"pg-1471-8\"  class=\"panel-grid panel-no-style\" ><div id=\"pgc-1471-8-0\"  class=\"panel-grid-cell\" ><div id=\"panel-1471-8-0-0\" class=\"so-panel widget widget_themegrill_flash_heading tg-widget section-title-wrapper panel-first-child panel-last-child\" data-index=\"14\" >\t<h3 class=\"section-title\">Photos du tournage<\/h3>\n<\/div><\/div><\/div><div id=\"pg-1471-9\"  class=\"panel-grid panel-no-style\" ><div id=\"pgc-1471-9-0\"  class=\"panel-grid-cell panel-grid-cell-empty\" ><\/div><div id=\"pgc-1471-9-1\"  class=\"panel-grid-cell panel-grid-cell-mobile-last\" ><div id=\"panel-1471-9-1-0\" class=\"so-panel widget widget_themegrill_flash_slider tg-section tg-slider-widget panel-first-child panel-last-child\" data-index=\"15\" ><div class=\"tg-slider-widget slider-light slider-content-center  full-width\">\n\t<div class=\"swiper-container\">\n\t\t<div class=\"swiper-wrapper\">\n\t\t\t\n\t\t\t\t\t<div class=\"swiper-slide\">\n\t\t\t\t\t\t<figure class=\"slider-image\" >\n\t\t\t\t\t\t\t<img fetchpriority=\"high\" width=\"2640\" height=\"3520\"\t\t\t\t\t\t\t\t\tsrc=\"http:\/\/jeanjeanfilms.fr\/wp-content\/uploads\/2020\/01\/tournage_derniere_heure.jpg\"\n\t\t\t\t\t\t\t\t\talt=\"tournage derniere heure\"\n\t\t\t\t\t\t\t\t\ttitle=\"\"\/>\n\t\t\t\t\t\t\t<div class=\"overlay\"><\/div>\n\t\t\t\t\t\t<\/figure>\n\t\t\t\t\t\t<div class=\"slider-content\">\n\t\t\t\t\t\t\t<div class=\"tg-container\">\n\t\t\t\t\t\t\t\t<div class=\"caption-title\"><\/div>\n\t\t\t\t\t\t\t\t<div class=\"caption-desc\"><\/div>\n\t\t\t\t\t\t\t\t\t\t\t\t\t\t\t<\/div>\n\t\t\t\t\t\t<\/div>\n\t\t\t\t\t<\/div>\n\n\t\t\t\t\n\t\t\t\t\t<div class=\"swiper-slide\">\n\t\t\t\t\t\t<figure class=\"slider-image\" >\n\t\t\t\t\t\t\t<img width=\"2448\" height=\"3264\"\t\t\t\t\t\t\t\t\tsrc=\"http:\/\/jeanjeanfilms.fr\/wp-content\/uploads\/2020\/01\/tournage_derniere_heure2.jpg\"\n\t\t\t\t\t\t\t\t\talt=\"tournage derniere heure\"\n\t\t\t\t\t\t\t\t\ttitle=\"\"\/>\n\t\t\t\t\t\t\t<div class=\"overlay\"><\/div>\n\t\t\t\t\t\t<\/figure>\n\t\t\t\t\t\t<div class=\"slider-content\">\n\t\t\t\t\t\t\t<div class=\"tg-container\">\n\t\t\t\t\t\t\t\t<div class=\"caption-title\"><\/div>\n\t\t\t\t\t\t\t\t<div class=\"caption-desc\"><\/div>\n\t\t\t\t\t\t\t\t\t\t\t\t\t\t\t<\/div>\n\t\t\t\t\t\t<\/div>\n\t\t\t\t\t<\/div>\n\n\t\t\t\t\n\t\t\t\t\t<div class=\"swiper-slide\">\n\t\t\t\t\t\t<figure class=\"slider-image\" >\n\t\t\t\t\t\t\t<img width=\"3024\" height=\"4032\"\t\t\t\t\t\t\t\t\tsrc=\"http:\/\/jeanjeanfilms.fr\/wp-content\/uploads\/2020\/01\/tournage_derniere_heure4.jpg\"\n\t\t\t\t\t\t\t\t\talt=\"tournage derniere heure\"\n\t\t\t\t\t\t\t\t\ttitle=\"\"\/>\n\t\t\t\t\t\t\t<div class=\"overlay\"><\/div>\n\t\t\t\t\t\t<\/figure>\n\t\t\t\t\t\t<div class=\"slider-content\">\n\t\t\t\t\t\t\t<div class=\"tg-container\">\n\t\t\t\t\t\t\t\t<div class=\"caption-title\"><\/div>\n\t\t\t\t\t\t\t\t<div class=\"caption-desc\"><\/div>\n\t\t\t\t\t\t\t\t\t\t\t\t\t\t\t<\/div>\n\t\t\t\t\t\t<\/div>\n\t\t\t\t\t<\/div>\n\n\t\t\t\t\n\t\t\t\t\t<div class=\"swiper-slide\">\n\t\t\t\t\t\t<figure class=\"slider-image\" >\n\t\t\t\t\t\t\t<img loading=\"lazy\" width=\"3024\" height=\"4032\"\t\t\t\t\t\t\t\t\tsrc=\"http:\/\/jeanjeanfilms.fr\/wp-content\/uploads\/2020\/01\/tournage_derniere_heure3.jpg\"\n\t\t\t\t\t\t\t\t\talt=\"tournage derniere heure\"\n\t\t\t\t\t\t\t\t\ttitle=\"\"\/>\n\t\t\t\t\t\t\t<div class=\"overlay\"><\/div>\n\t\t\t\t\t\t<\/figure>\n\t\t\t\t\t\t<div class=\"slider-content\">\n\t\t\t\t\t\t\t<div class=\"tg-container\">\n\t\t\t\t\t\t\t\t<div class=\"caption-title\"><\/div>\n\t\t\t\t\t\t\t\t<div class=\"caption-desc\"><\/div>\n\t\t\t\t\t\t\t\t\t\t\t\t\t\t\t<\/div>\n\t\t\t\t\t\t<\/div>\n\t\t\t\t\t<\/div>\n\n\t\t\t\t\t\t<\/div>\n\t\t<div class=\"swiper-pagination\"><\/div>\n\t\t<div class=\"slider-arrow\">\n\t\t\t<div class=\"swiper-button-next\"><\/div>\n\t\t\t<div class=\"swiper-button-prev\"><\/div>\n\t\t<\/div>\n\t<\/div>\n<\/div>\n<\/div><\/div><div id=\"pgc-1471-9-2\"  class=\"panel-grid-cell panel-grid-cell-empty\" ><\/div><\/div><\/div>","protected":false},"excerpt":{"rendered":"<p>La derni\u00e8re heure : synopsis Rachel, accompagn\u00e9e de ses deux enfants, passe une journ\u00e9e \u00e0 la campagne avec sa s\u0153ur, [&hellip;]<\/p>\n","protected":false},"author":1,"featured_media":0,"parent":1453,"menu_order":0,"comment_status":"closed","ping_status":"closed","template":"","meta":{"_monsterinsights_skip_tracking":false,"_monsterinsights_sitenote_active":false,"_monsterinsights_sitenote_note":"","_monsterinsights_sitenote_category":0,"footnotes":""},"class_list":["post-1471","page","type-page","status-publish","hentry"],"_links":{"self":[{"href":"https:\/\/jeanjeanfilms.fr\/index.php\/wp-json\/wp\/v2\/pages\/1471","targetHints":{"allow":["GET"]}}],"collection":[{"href":"https:\/\/jeanjeanfilms.fr\/index.php\/wp-json\/wp\/v2\/pages"}],"about":[{"href":"https:\/\/jeanjeanfilms.fr\/index.php\/wp-json\/wp\/v2\/types\/page"}],"author":[{"embeddable":true,"href":"https:\/\/jeanjeanfilms.fr\/index.php\/wp-json\/wp\/v2\/users\/1"}],"replies":[{"embeddable":true,"href":"https:\/\/jeanjeanfilms.fr\/index.php\/wp-json\/wp\/v2\/comments?post=1471"}],"version-history":[{"count":11,"href":"https:\/\/jeanjeanfilms.fr\/index.php\/wp-json\/wp\/v2\/pages\/1471\/revisions"}],"predecessor-version":[{"id":1479,"href":"https:\/\/jeanjeanfilms.fr\/index.php\/wp-json\/wp\/v2\/pages\/1471\/revisions\/1479"}],"up":[{"embeddable":true,"href":"https:\/\/jeanjeanfilms.fr\/index.php\/wp-json\/wp\/v2\/pages\/1453"}],"wp:attachment":[{"href":"https:\/\/jeanjeanfilms.fr\/index.php\/wp-json\/wp\/v2\/media?parent=1471"}],"curies":[{"name":"wp","href":"https:\/\/api.w.org\/{rel}","templated":true}]}}