{"id":1573,"date":"2020-01-29T16:26:58","date_gmt":"2020-01-29T15:26:58","guid":{"rendered":"http:\/\/jeanjeanfilms.fr\/?page_id=1573"},"modified":"2020-01-29T16:26:58","modified_gmt":"2020-01-29T15:26:58","slug":"le-radeau-cabaret-2019","status":"publish","type":"page","link":"https:\/\/jeanjeanfilms.fr\/index.php\/captations-teasers\/le-radeau-cabaret-2019\/","title":{"rendered":"Le Radeau cabaret (2019)"},"content":{"rendered":"<div id=\"pl-1573\"  class=\"panel-layout\" ><div id=\"pg-1573-0\"  class=\"panel-grid panel-no-style\" ><div id=\"pgc-1573-0-0\"  class=\"panel-grid-cell\" ><div id=\"panel-1573-0-0-0\" class=\"so-panel widget widget_themegrill_flash_heading tg-widget section-title-wrapper panel-first-child panel-last-child\" data-index=\"0\" >\t<h3 class=\"section-title\">Le Radeau cabaret : captation et teaser<\/h3>\n<\/div><\/div><\/div><div id=\"pg-1573-1\"  class=\"panel-grid panel-no-style\" ><div id=\"pgc-1573-1-0\"  class=\"panel-grid-cell\" ><div id=\"panel-1573-1-0-0\" class=\"so-panel widget widget_text panel-first-child panel-last-child\" data-index=\"1\" >\t\t\t<div class=\"textwidget\"><p>Captation et teaser r\u00e9alis\u00e9s en mars 2019 au th\u00e9\u00e2tre de Gleiz\u00e9.<\/p>\n<p><em>Le Radeau cabaret<\/em> est une com\u00e9die musicale du duo\u00a0<strong>Samuel Peronnet<\/strong> et <strong>Tamara Dannreuther<\/strong>.<\/p>\n<p>Chanteuse : <strong>Tamara Dannreuther<\/strong><br \/>\nPianiste : <strong>Samuel Peronnet<\/strong><\/p>\n<p>En savoir + sur le spectacle\u00a0<a href=\"http:\/\/www.radeaucabaret.com\/Radeau_Cabaret.html\" target=\"_blank\" rel=\"noopener\">ici<\/a><\/p>\n<\/div>\n\t\t<\/div><\/div><\/div><div id=\"pg-1573-2\"  class=\"panel-grid panel-no-style\" ><div id=\"pgc-1573-2-0\"  class=\"panel-grid-cell\" ><div id=\"panel-1573-2-0-0\" class=\"so-panel widget widget_themegrill_flash_heading tg-widget section-title-wrapper panel-first-child panel-last-child\" data-index=\"2\" >\t<h3 class=\"section-title\">Teaser<\/h3>\n<\/div><\/div><\/div><div id=\"pg-1573-3\"  class=\"panel-grid panel-no-style\" ><div id=\"pgc-1573-3-0\"  class=\"panel-grid-cell\" ><div id=\"panel-1573-3-0-0\" class=\"so-panel widget widget_media_video panel-first-child panel-last-child\" data-index=\"3\" ><div style=\"width:100%;\" class=\"wp-video\"><video class=\"wp-video-shortcode\" id=\"video-1573-1\" preload=\"metadata\" controls=\"controls\"><source type=\"video\/youtube\" src=\"https:\/\/youtu.be\/3-3IIBkfCUQ?_=1\" \/><a href=\"https:\/\/youtu.be\/3-3IIBkfCUQ\">https:\/\/youtu.be\/3-3IIBkfCUQ<\/a><\/video><\/div><\/div><\/div><\/div><div id=\"pg-1573-4\"  class=\"panel-grid panel-no-style\" ><div id=\"pgc-1573-4-0\"  class=\"panel-grid-cell\" ><div id=\"panel-1573-4-0-0\" class=\"so-panel widget widget_text panel-first-child panel-last-child\" data-index=\"4\" >\t\t\t<div class=\"textwidget\"><p>&nbsp;<\/p>\n<\/div>\n\t\t<\/div><\/div><\/div><\/div>","protected":false},"excerpt":{"rendered":"<p>Captation et teaser r\u00e9alis\u00e9s en mars 2019 au th\u00e9\u00e2tre de Gleiz\u00e9. Le Radeau cabaret est une com\u00e9die musicale du duo\u00a0Samuel [&hellip;]<\/p>\n","protected":false},"author":1,"featured_media":0,"parent":1548,"menu_order":0,"comment_status":"closed","ping_status":"closed","template":"","meta":{"_monsterinsights_skip_tracking":false,"_monsterinsights_sitenote_active":false,"_monsterinsights_sitenote_note":"","_monsterinsights_sitenote_category":0,"footnotes":""},"class_list":["post-1573","page","type-page","status-publish","hentry"],"_links":{"self":[{"href":"https:\/\/jeanjeanfilms.fr\/index.php\/wp-json\/wp\/v2\/pages\/1573","targetHints":{"allow":["GET"]}}],"collection":[{"href":"https:\/\/jeanjeanfilms.fr\/index.php\/wp-json\/wp\/v2\/pages"}],"about":[{"href":"https:\/\/jeanjeanfilms.fr\/index.php\/wp-json\/wp\/v2\/types\/page"}],"author":[{"embeddable":true,"href":"https:\/\/jeanjeanfilms.fr\/index.php\/wp-json\/wp\/v2\/users\/1"}],"replies":[{"embeddable":true,"href":"https:\/\/jeanjeanfilms.fr\/index.php\/wp-json\/wp\/v2\/comments?post=1573"}],"version-history":[{"count":2,"href":"https:\/\/jeanjeanfilms.fr\/index.php\/wp-json\/wp\/v2\/pages\/1573\/revisions"}],"predecessor-version":[{"id":1575,"href":"https:\/\/jeanjeanfilms.fr\/index.php\/wp-json\/wp\/v2\/pages\/1573\/revisions\/1575"}],"up":[{"embeddable":true,"href":"https:\/\/jeanjeanfilms.fr\/index.php\/wp-json\/wp\/v2\/pages\/1548"}],"wp:attachment":[{"href":"https:\/\/jeanjeanfilms.fr\/index.php\/wp-json\/wp\/v2\/media?parent=1573"}],"curies":[{"name":"wp","href":"https:\/\/api.w.org\/{rel}","templated":true}]}}