{"id":1935,"date":"2020-07-21T15:21:14","date_gmt":"2020-07-21T13:21:14","guid":{"rendered":"http:\/\/jeanjeanfilms.fr\/?page_id=1935"},"modified":"2020-08-26T11:43:26","modified_gmt":"2020-08-26T09:43:26","slug":"a-ship-for-sale-2020","status":"publish","type":"page","link":"https:\/\/jeanjeanfilms.fr\/index.php\/captations-teasers\/a-ship-for-sale-2020\/","title":{"rendered":"A ship for sale (2020)"},"content":{"rendered":"<div id=\"pl-1935\"  class=\"panel-layout\" ><div id=\"pg-1935-0\"  class=\"panel-grid panel-no-style\" ><div id=\"pgc-1935-0-0\"  class=\"panel-grid-cell\" ><div id=\"panel-1935-0-0-0\" class=\"so-panel widget widget_themegrill_flash_heading tg-widget section-title-wrapper panel-first-child panel-last-child\" data-index=\"0\" >\t<h3 class=\"section-title\">A ship for sale : clip<\/h3>\n<\/div><\/div><\/div><div id=\"pg-1935-1\"  class=\"panel-grid panel-no-style\" ><div id=\"pgc-1935-1-0\"  class=\"panel-grid-cell\" ><div id=\"panel-1935-1-0-0\" class=\"so-panel widget widget_text panel-first-child panel-last-child\" data-index=\"1\" >\t\t\t<div class=\"textwidget\"><p>\u00ab\u00a0A ship for sale\u00a0\u00bb est un clip de danse collaboratif, initi\u00e9 par la chor\u00e9graphe\u00a0<a class=\"profileLink\" title=\"Charlotte Mattei\" href=\"https:\/\/www.facebook.com\/charlotte.mattei.568?__tn__=K-R&amp;eid=ARDZfrzxTSnoUFBbo4rjIshrUZRtp-ihiJFRMyudRyfTxwqyENcp92LPvvvB9HpaCumbRjiMmqMrxRfY&amp;fref=mentions&amp;__xts__%5B0%5D=68.ARCvH32GTmcJ_y7-cgJIfD1NZ0xBkbqxNrCVdJYFGzQLaA1rJFR1_xHaXUaJBNdmVotfd9sLTFQaGSis9-PzZRCmRJC_cDjVIBzNU47EEBmQ8MVj_WWVPm_ul65QfTRCu2eXtAa5vco0UnE8A_Bg3BATthYTKHvbeX3xBd732PIrZ2hTZgwF3j7QLb3ZZGBj_nxB7kVp374oStTd1mycfuf9I-RD6IMMI-p9wQFD6McrGGPhEyWLB4KcovgI00HaF7gVGSCEWOA5nrnx-z6o320o0GvBKsClgmg-dWpmUoi56-bpT5j5OEAgX5rCe0VTmBK-e_gfZsVeC-7bDcIO2BM\" data-hovercard=\"\/ajax\/hovercard\/user.php?id=100010105201545&amp;extragetparams=%7B%22__tn__%22%3A%22%2CdK-R-R%22%2C%22eid%22%3A%22ARDZfrzxTSnoUFBbo4rjIshrUZRtp-ihiJFRMyudRyfTxwqyENcp92LPvvvB9HpaCumbRjiMmqMrxRfY%22%2C%22fref%22%3A%22mentions%22%7D\" data-hovercard-prefer-more-content-show=\"1\">Charlotte Mattei<\/a>, professeure \u00e0 l&rsquo;<a class=\"profileLink\" href=\"https:\/\/www.facebook.com\/EcolededanseFarandoles\/?__tn__=K-R&amp;eid=ARDgOkcx4pfuuMAI7_VExigfbFlHeaqd58BgkCGtAIdaRpOPmkQyEZLme8iJXIioInVKOISfuI9YRNd5&amp;fref=mentions&amp;__xts__%5B0%5D=68.ARCvH32GTmcJ_y7-cgJIfD1NZ0xBkbqxNrCVdJYFGzQLaA1rJFR1_xHaXUaJBNdmVotfd9sLTFQaGSis9-PzZRCmRJC_cDjVIBzNU47EEBmQ8MVj_WWVPm_ul65QfTRCu2eXtAa5vco0UnE8A_Bg3BATthYTKHvbeX3xBd732PIrZ2hTZgwF3j7QLb3ZZGBj_nxB7kVp374oStTd1mycfuf9I-RD6IMMI-p9wQFD6McrGGPhEyWLB4KcovgI00HaF7gVGSCEWOA5nrnx-z6o320o0GvBKsClgmg-dWpmUoi56-bpT5j5OEAgX5rCe0VTmBK-e_gfZsVeC-7bDcIO2BM\" data-hovercard=\"\/ajax\/hovercard\/page.php?id=441595753267040&amp;extragetparams=%7B%22__tn__%22%3A%22%2CdK-R-R%22%2C%22eid%22%3A%22ARDgOkcx4pfuuMAI7_VExigfbFlHeaqd58BgkCGtAIdaRpOPmkQyEZLme8iJXIioInVKOISfuI9YRNd5%22%2C%22fref%22%3A%22mentions%22%7D\" data-hovercard-prefer-more-content-show=\"1\">Ecole de danse Farandoles<\/a> \u00e0 Lyon. Le clip a \u00e9t\u00e9 tourn\u00e9 \u00e0 Lyon et \u00e0 Saint-Cyr-au-Mont-d&rsquo;Or en juillet 2020.<\/p>\n<p><strong>Mise en sc\u00e8ne &amp; chor\u00e9graphie :\u00a0<\/strong><a href=\"https:\/\/charlottemattei.wordpress.com\/\" target=\"_blank\" rel=\"noopener\">Charlotte Mattei<\/a><\/p>\n<p><strong>Musique &amp; chant : <\/strong><a href=\"https:\/\/jeremie-esperet.com\/\" target=\"_blank\" rel=\"noopener\">J\u00e9r\u00e9mie Esperet<\/a><\/p>\n<p><strong>Chant &amp; violon :<\/strong>\u00a0<a href=\"https:\/\/www.facebook.com\/clementinedubostfolk\/\" target=\"_blank\" rel=\"noopener\">Cl\u00e9mentine Dubost<\/a><\/p>\n<p><strong>Danseurs et danseuses :<\/strong> Virginie Bienvenue, Jean Bild\u00e9, <a href=\"https:\/\/www.marion-bonnavent.com\/bio\" target=\"_blank\" rel=\"noopener\">Marion Bonnavent<\/a>, Myriam Boulay, Laura Brenot, Florence Chevat, Julie Clavelier, Mathilde Corna, J\u00e9r\u00e9mie Esperet, Marine Grange, Harmony Guinamard, Louise Jacq, H\u00e9lo\u00efse Jonda, Am\u00e9lia Makoundou, Charlotte Mattei, S\u00e9bastien Monat, Clara Roman, Cl\u00e9mentine Se\u00eft\u00e9 et Lindsey Walker.<\/p>\n<p><strong>Chef op\u00e9rateur :<\/strong> Thiebault Gu\u00e9rin<\/p>\n<p><strong>Op\u00e9rateur :<\/strong> C\u00e9dric Magnien<\/p>\n<p><strong>Montage :<\/strong> Thiebault Gu\u00e9rin et Cl\u00e9mentine Se\u00eft\u00e9<\/p>\n<p><strong>Remerciements : <\/strong>Lindsey, Ania et Juliette, <a href=\"https:\/\/ecolededansefarandoles.wordpress.com\/\" target=\"_blank\" rel=\"noopener\">\u00c9cole de danse Farandoles<\/a>, J\u00e9r\u00e9mie Esperet-music composer, Jeanjean Films, <a href=\"https:\/\/www.facebook.com\/tangodesoie\/\" target=\"_blank\" rel=\"noopener\">Tango de Soie<\/a>, <a href=\"https:\/\/www.atelier-galerie-le-cygne.com\/\" target=\"_blank\" rel=\"noopener\">Atelier Vitrail Le Cygne<\/a><\/p>\n<p>&nbsp;<\/p>\n<\/div>\n\t\t<\/div><\/div><\/div><div id=\"pg-1935-2\"  class=\"panel-grid panel-no-style\" ><div id=\"pgc-1935-2-0\"  class=\"panel-grid-cell\" ><div id=\"panel-1935-2-0-0\" class=\"so-panel widget widget_themegrill_flash_heading tg-widget section-title-wrapper panel-first-child panel-last-child\" data-index=\"2\" >\t<h3 class=\"section-title\">Clip<\/h3>\n<\/div><\/div><\/div><div id=\"pg-1935-3\"  class=\"panel-grid panel-no-style\" ><div id=\"pgc-1935-3-0\"  class=\"panel-grid-cell\" ><div id=\"panel-1935-3-0-0\" class=\"so-panel widget widget_media_video panel-first-child panel-last-child\" data-index=\"3\" ><div style=\"width:100%;\" class=\"wp-video\"><video class=\"wp-video-shortcode\" id=\"video-1935-1\" preload=\"metadata\" controls=\"controls\"><source type=\"video\/vimeo\" src=\"https:\/\/vimeo.com\/433514473?loop=0&#038;_=1\" \/><a href=\"https:\/\/vimeo.com\/433514473?loop=0\">https:\/\/vimeo.com\/433514473?loop=0<\/a><\/video><\/div><\/div><\/div><\/div><div id=\"pg-1935-4\"  class=\"panel-grid panel-no-style\" ><div id=\"pgc-1935-4-0\"  class=\"panel-grid-cell\" ><div id=\"panel-1935-4-0-0\" class=\"so-panel widget widget_text panel-first-child panel-last-child\" data-index=\"4\" >\t\t\t<div class=\"textwidget\"><p>&nbsp;<\/p>\n<\/div>\n\t\t<\/div><\/div><\/div><div id=\"pg-1935-5\"  class=\"panel-grid panel-no-style\" ><div id=\"pgc-1935-5-0\"  class=\"panel-grid-cell\" ><div id=\"panel-1935-5-0-0\" class=\"so-panel widget widget_themegrill_flash_heading tg-widget section-title-wrapper panel-first-child\" data-index=\"5\" >\t<h3 class=\"section-title\">Presse<\/h3>\n<\/div><div id=\"panel-1935-5-0-1\" class=\"so-panel widget widget_text\" data-index=\"6\" >\t\t\t<div class=\"textwidget\"><div dir=\"auto\">Merci au journal Le Progr\u00e8s et la ville de Lyon pour leurs relais<\/div>\n<div dir=\"auto\"><\/div>\n<\/div>\n\t\t<\/div><div id=\"panel-1935-5-0-2\" class=\"so-panel widget widget_text panel-last-child\" data-index=\"7\" >\t\t\t<div class=\"textwidget\"><p>&nbsp;<\/p>\n<\/div>\n\t\t<\/div><\/div><\/div><div id=\"pg-1935-6\"  class=\"panel-grid panel-no-style\" ><div id=\"pgc-1935-6-0\"  class=\"panel-grid-cell\" ><div id=\"panel-1935-6-0-0\" class=\"so-panel widget widget_media_image panel-first-child panel-last-child\" data-index=\"8\" ><a href=\"https:\/\/jeanjeanfilms.fr\/wp-content\/uploads\/2020\/08\/article_Progres_180820_vf_web.jpg\"><img fetchpriority=\"high\" decoding=\"async\" width=\"300\" height=\"212\" src=\"https:\/\/jeanjeanfilms.fr\/wp-content\/uploads\/2020\/08\/article_Progres_180820_vf_web-300x212.jpg\" class=\"image wp-image-1963  attachment-medium size-medium\" alt=\"article le progres ship for sale\" style=\"max-width: 100%; height: auto;\" srcset=\"https:\/\/jeanjeanfilms.fr\/wp-content\/uploads\/2020\/08\/article_Progres_180820_vf_web-300x212.jpg 300w, https:\/\/jeanjeanfilms.fr\/wp-content\/uploads\/2020\/08\/article_Progres_180820_vf_web-1024x724.jpg 1024w, https:\/\/jeanjeanfilms.fr\/wp-content\/uploads\/2020\/08\/article_Progres_180820_vf_web-768x543.jpg 768w, https:\/\/jeanjeanfilms.fr\/wp-content\/uploads\/2020\/08\/article_Progres_180820_vf_web-1536x1086.jpg 1536w, https:\/\/jeanjeanfilms.fr\/wp-content\/uploads\/2020\/08\/article_Progres_180820_vf_web.jpg 1754w\" sizes=\"(max-width: 300px) 100vw, 300px\" \/><\/a><\/div><\/div><div id=\"pgc-1935-6-1\"  class=\"panel-grid-cell\" ><div id=\"panel-1935-6-1-0\" class=\"so-panel widget widget_media_image panel-first-child panel-last-child\" data-index=\"9\" ><img decoding=\"async\" width=\"250\" height=\"300\" src=\"https:\/\/jeanjeanfilms.fr\/wp-content\/uploads\/2020\/08\/publication_culture_lyonfr_310720-250x300.jpg\" class=\"image wp-image-1964  attachment-medium size-medium\" alt=\"publication facebook culture lyon\" style=\"max-width: 100%; height: auto;\" srcset=\"https:\/\/jeanjeanfilms.fr\/wp-content\/uploads\/2020\/08\/publication_culture_lyonfr_310720-250x300.jpg 250w, https:\/\/jeanjeanfilms.fr\/wp-content\/uploads\/2020\/08\/publication_culture_lyonfr_310720.jpg 517w\" sizes=\"(max-width: 250px) 100vw, 250px\" \/><\/div><\/div><\/div><div id=\"pg-1935-7\"  class=\"panel-grid panel-no-style\" ><div id=\"pgc-1935-7-0\"  class=\"panel-grid-cell\" ><div id=\"panel-1935-7-0-0\" class=\"so-panel widget widget_text panel-first-child panel-last-child\" data-index=\"10\" >\t\t\t<div class=\"textwidget\"><p>Article de Marion Mayer paru dans le journal Le Progr\u00e8s le 18 ao\u00fbt 2020.<\/p>\n<p>Voir la version en ligne <a href=\"https:\/\/c.leprogres.fr\/culture-loisirs\/2020\/08\/18\/a-ship-on-sale-un-clip-musical-100-lyonnais\" target=\"_blank\" rel=\"noopener\">ici<\/a><\/p>\n<\/div>\n\t\t<\/div><\/div><div id=\"pgc-1935-7-1\"  class=\"panel-grid-cell\" ><div id=\"panel-1935-7-1-0\" class=\"so-panel widget widget_text panel-first-child panel-last-child\" data-index=\"11\" >\t\t\t<div class=\"textwidget\"><p>Publication sur la <a href=\"https:\/\/www.facebook.com\/culture.lyon.fr\" target=\"_blank\" rel=\"noopener\">page Facebook de la ville de Lyon d\u00e9di\u00e9e \u00e0 la culture<\/a> le 28 juillet 2020.<\/p>\n<\/div>\n\t\t<\/div><\/div><\/div><\/div>","protected":false},"excerpt":{"rendered":"<p>\u00ab\u00a0A ship for sale\u00a0\u00bb est un clip de danse collaboratif, initi\u00e9 par la chor\u00e9graphe\u00a0Charlotte Mattei, professeure \u00e0 l&rsquo;Ecole de danse [&hellip;]<\/p>\n","protected":false},"author":1,"featured_media":0,"parent":1548,"menu_order":0,"comment_status":"closed","ping_status":"closed","template":"","meta":{"_monsterinsights_skip_tracking":false,"_monsterinsights_sitenote_active":false,"_monsterinsights_sitenote_note":"","_monsterinsights_sitenote_category":0,"footnotes":""},"class_list":["post-1935","page","type-page","status-publish","hentry"],"_links":{"self":[{"href":"https:\/\/jeanjeanfilms.fr\/index.php\/wp-json\/wp\/v2\/pages\/1935","targetHints":{"allow":["GET"]}}],"collection":[{"href":"https:\/\/jeanjeanfilms.fr\/index.php\/wp-json\/wp\/v2\/pages"}],"about":[{"href":"https:\/\/jeanjeanfilms.fr\/index.php\/wp-json\/wp\/v2\/types\/page"}],"author":[{"embeddable":true,"href":"https:\/\/jeanjeanfilms.fr\/index.php\/wp-json\/wp\/v2\/users\/1"}],"replies":[{"embeddable":true,"href":"https:\/\/jeanjeanfilms.fr\/index.php\/wp-json\/wp\/v2\/comments?post=1935"}],"version-history":[{"count":19,"href":"https:\/\/jeanjeanfilms.fr\/index.php\/wp-json\/wp\/v2\/pages\/1935\/revisions"}],"predecessor-version":[{"id":1938,"href":"https:\/\/jeanjeanfilms.fr\/index.php\/wp-json\/wp\/v2\/pages\/1935\/revisions\/1938"}],"up":[{"embeddable":true,"href":"https:\/\/jeanjeanfilms.fr\/index.php\/wp-json\/wp\/v2\/pages\/1548"}],"wp:attachment":[{"href":"https:\/\/jeanjeanfilms.fr\/index.php\/wp-json\/wp\/v2\/media?parent=1935"}],"curies":[{"name":"wp","href":"https:\/\/api.w.org\/{rel}","templated":true}]}}