{"id":2127,"date":"2022-03-25T22:41:13","date_gmt":"2022-03-25T21:41:13","guid":{"rendered":"http:\/\/jeanjeanfilms.fr\/?page_id=2127"},"modified":"2023-11-23T13:01:44","modified_gmt":"2023-11-23T12:01:44","slug":"cassoulet-plaisir-2022","status":"publish","type":"page","link":"https:\/\/jeanjeanfilms.fr\/index.php\/courts-metrages\/cassoulet-plaisir-2022\/","title":{"rendered":"Cassoulet plaisir (2022)"},"content":{"rendered":"<div id=\"pl-2127\"  class=\"panel-layout\" ><div id=\"pg-2127-0\"  class=\"panel-grid panel-no-style\" ><div id=\"pgc-2127-0-0\"  class=\"panel-grid-cell\" ><div id=\"panel-2127-0-0-0\" class=\"so-panel widget widget_themegrill_flash_heading tg-widget section-title-wrapper panel-first-child panel-last-child\" data-index=\"0\" >\t<h3 class=\"section-title\">Cassoulet plaisir : synopsis<\/h3>\n<\/div><\/div><\/div><div id=\"pg-2127-1\"  class=\"panel-grid panel-no-style\" ><div id=\"pgc-2127-1-0\"  class=\"panel-grid-cell\" ><div id=\"panel-2127-1-0-0\" class=\"so-panel widget widget_themegrill_flash_image tg-widget tg-image-widget panel-first-child panel-last-child\" data-index=\"1\" >\t<img decoding=\"async\" src=\"http:\/\/jeanjeanfilms.fr\/wp-content\/uploads\/2023\/11\/Miniature-Cassoulet-plaisir_v2.jpg\" \/>\n<\/div><\/div><div id=\"pgc-2127-1-1\"  class=\"panel-grid-cell\" ><div id=\"panel-2127-1-1-0\" class=\"so-panel widget widget_siteorigin-panels-builder panel-first-child panel-last-child\" data-index=\"2\" ><div id=\"pl-w623e36f97c965\"  class=\"panel-layout\" ><div id=\"pg-w623e36f97c965-0\"  class=\"panel-grid panel-no-style\" ><div id=\"pgc-w623e36f97c965-0-0\"  class=\"panel-grid-cell\" ><div id=\"panel-w623e36f97c965-0-0-0\" class=\"so-panel widget widget_text panel-first-child panel-last-child\" data-index=\"0\" >\t\t\t<div class=\"textwidget\"><p>Line et Sarah sont deux com\u00e9diennes. Elles aspirent toutes les deux \u00e0 faire carri\u00e8re dans le cin\u00e9ma mais en attendant un r\u00f4le tremplin, elles multiplient les projets pour se faire rep\u00e9rer. Lors d&rsquo;une soir\u00e9e, alors que Line cr\u00e2ne d&rsquo;\u00eatre d\u00e9bord\u00e9e par des tournages d&rsquo;envergure, Sarah annonce \u00e0 Line qu&rsquo;elle a d\u00e9croch\u00e9 un r\u00f4le pour un film ind\u00e9pendant. Le lendemain de la f\u00eate, Line s&rsquo;aper\u00e7oit que Sarah ne s&rsquo;est pas r\u00e9veill\u00e9e et d\u00e9cide de se rendre au tournage \u00e0 sa place.<\/p>\n<\/div>\n\t\t<\/div><\/div><\/div><\/div><\/div><\/div><\/div><div id=\"pg-2127-2\"  class=\"panel-grid panel-no-style\" ><div id=\"pgc-2127-2-0\"  class=\"panel-grid-cell\" ><div id=\"panel-2127-2-0-0\" class=\"so-panel widget widget_text panel-first-child panel-last-child\" data-index=\"3\" >\t\t\t<div class=\"textwidget\"><p>&nbsp;<\/p>\n<\/div>\n\t\t<\/div><\/div><\/div><div id=\"pg-2127-3\"  class=\"panel-grid panel-no-style\" ><div id=\"pgc-2127-3-0\"  class=\"panel-grid-cell\" ><div id=\"panel-2127-3-0-0\" class=\"so-panel widget widget_themegrill_flash_heading tg-widget section-title-wrapper panel-first-child\" data-index=\"4\" >\t<h3 class=\"section-title\">Court-m\u00e9trage<\/h3>\n<\/div><div id=\"panel-2127-3-0-1\" class=\"so-panel widget widget_text panel-last-child\" data-index=\"5\" >\t\t\t<div class=\"textwidget\"><p class=\"first\">Court-m\u00e9trage \u00e9crit et r\u00e9alis\u00e9 en 1 mois dans le cadre du d\u00e9fi \u00ab\u00a0<a href=\"http:\/\/jeanjeanfilms.fr\/index.php\/les-courts-metrages__trashed\/realises-en-1-mois\/\">Kino Lyon<\/a>\u00a0\u00bb de mars 2022.<\/p>\n<p><strong>Th\u00e8me<\/strong> : \u00c9change<br \/>\n<strong>Contrainte<\/strong> : Plan serr\u00e9 sur une partie du corps<\/p>\n<\/div>\n\t\t<\/div><\/div><\/div><div id=\"pg-2127-4\"  class=\"panel-grid panel-no-style\" ><div id=\"pgc-2127-4-0\"  class=\"panel-grid-cell\" ><div id=\"panel-2127-4-0-0\" class=\"widget_text so-panel widget widget_custom_html panel-first-child panel-last-child\" data-index=\"6\" ><div class=\"textwidget custom-html-widget\"><div style=\"padding:56.25% 0 0 0;position:relative;\"><iframe src=\"https:\/\/player.vimeo.com\/video\/682433500?title=0&byline=0\" style=\"position:absolute;top:0;left:0;width:100%;height:100%;\" frameborder=\"0\" allow=\"autoplay; fullscreen\" allowfullscreen><\/iframe><\/div><script src=\"https:\/\/player.vimeo.com\/api\/player.js\"><\/script><\/div><\/div><\/div><\/div><div id=\"pg-2127-5\"  class=\"panel-grid panel-no-style\" ><div id=\"pgc-2127-5-0\"  class=\"panel-grid-cell\" ><div id=\"panel-2127-5-0-0\" class=\"so-panel widget widget_text panel-first-child panel-last-child\" data-index=\"7\" >\t\t\t<div class=\"textwidget\"><p>&nbsp;<\/p>\n<\/div>\n\t\t<\/div><\/div><\/div><div id=\"pg-2127-6\"  class=\"panel-grid panel-no-style\" ><div id=\"pgc-2127-6-0\"  class=\"panel-grid-cell\" ><div id=\"panel-2127-6-0-0\" class=\"so-panel widget widget_themegrill_flash_heading tg-widget section-title-wrapper panel-first-child panel-last-child\" data-index=\"8\" >\t<h3 class=\"section-title\">L&#039;\u00e9quipe du film<\/h3>\n<\/div><\/div><\/div><div id=\"pg-2127-7\"  class=\"panel-grid panel-no-style\" ><div id=\"pgc-2127-7-0\"  class=\"panel-grid-cell\" ><div id=\"panel-2127-7-0-0\" class=\"so-panel widget widget_text panel-first-child\" data-index=\"9\" ><h3 class=\"widget-title\">R\u00e9alisation<\/h3>\t\t\t<div class=\"textwidget\"><p><strong>Cl\u00e9mentine Se\u00eft\u00e9<br \/>\n<\/strong><\/p>\n<\/div>\n\t\t<\/div><div id=\"panel-2127-7-0-1\" class=\"so-panel widget widget_text\" data-index=\"10\" ><h3 class=\"widget-title\">Sc\u00e9nario<\/h3>\t\t\t<div class=\"textwidget\"><p><strong>Cl\u00e9mentine Se\u00eft\u00e9<br \/>\n<\/strong>Relecture : <strong>Thiebault Gu\u00e9rin<\/strong><\/p>\n<\/div>\n\t\t<\/div><div id=\"panel-2127-7-0-2\" class=\"so-panel widget widget_text panel-last-child\" data-index=\"11\" ><h3 class=\"widget-title\">Acteurs et actrices<\/h3>\t\t\t<div class=\"textwidget\"><div dir=\"auto\"><span class=\"nc684nl6\">Line : <strong>Marine Grange<\/strong><\/span><\/div>\n<div dir=\"auto\"><span class=\"nc684nl6\">Marco, le r\u00e9alisateur : <strong>Nicolas Mo\u00efsy<\/strong><\/span><br \/>\nSarah : <strong>Myriam Boulay<\/strong><br \/>\nMado, l&rsquo;assistante r\u00e9alisatrice : <strong>Lysiane Cl\u00e9ment<\/strong><\/div>\n<div dir=\"auto\">Le clap man : <strong>Thai-Son Richardier<\/strong><\/div>\n<div dir=\"auto\">Le mari : <strong>Thiebault Gu\u00e9rin<\/strong><\/div>\n<div dir=\"auto\"><span class=\"nc684nl6\">Les enfants : <strong>C\u00e9lyan G.<\/strong> et <strong>Maya G.<\/strong><\/span><\/div>\n<div dir=\"auto\">Technicien son : <strong>J\u00e9r\u00e9my Facchino<\/strong><\/div>\n<div dir=\"auto\">Op\u00e9rateur : <strong>Jean Buffard<\/strong><\/div>\n<div dir=\"auto\">Costumi\u00e8re : <strong>Dorine Galland<\/strong><\/div>\n<div dir=\"auto\">Technicienne lumi\u00e8re : <strong>St\u00e9phanie R\u00e9cupido<\/strong><\/div>\n<div dir=\"auto\">Script : <strong>Areej Shabook<\/strong><\/div>\n<div dir=\"auto\">Participant.e.s \u00e0 la soir\u00e9e : <strong>Charlotte, Deborah, J\u00e9r\u00e9mie, Julien, Marion, Mathilde, M\u00e9lanie, Thibault &amp; Tiphaine.<\/strong><\/div>\n<div dir=\"auto\"><\/div>\n<\/div>\n\t\t<\/div><\/div><div id=\"pgc-2127-7-1\"  class=\"panel-grid-cell\" ><div id=\"panel-2127-7-1-0\" class=\"so-panel widget widget_text panel-first-child\" data-index=\"12\" ><h3 class=\"widget-title\">\u00c9quipe technique<\/h3>\t\t\t<div class=\"textwidget\"><p>Op\u00e9rateur :\u00a0<b>Thiebault Gu\u00e9rin<\/b><strong><br \/>\n<\/strong>Techniciens son : <b>Thiebault Gu\u00e9rin<\/b> et <strong>Jean Buffard<\/strong><strong><b><br \/>\n<\/b><\/strong>Technicien lumi\u00e8re : <b>Thiebault Gu\u00e9rin<\/b><strong><br \/>\n<\/strong>Costumes et d\u00e9cors : <strong>Cl\u00e9mentine Se\u00eft\u00e9<\/strong><\/p>\n<\/div>\n\t\t<\/div><div id=\"panel-2127-7-1-1\" class=\"so-panel widget widget_text panel-last-child\" data-index=\"13\" ><h3 class=\"widget-title\">Musique<\/h3>\t\t\t<div class=\"textwidget\"><p><strong>J\u00e9r\u00e9mie Esperet<\/strong> et <strong>Johannes Brahms<\/strong><\/p>\n<\/div>\n\t\t<\/div><\/div><\/div><div id=\"pg-2127-8\"  class=\"panel-grid panel-no-style\" ><div id=\"pgc-2127-8-0\"  class=\"panel-grid-cell\" ><div id=\"panel-2127-8-0-0\" class=\"so-panel widget widget_themegrill_flash_heading tg-widget section-title-wrapper panel-first-child panel-last-child\" data-index=\"14\" >\t<h3 class=\"section-title\">Photos du tournage<\/h3>\n<\/div><\/div><\/div><div id=\"pg-2127-9\"  class=\"panel-grid panel-no-style\" ><div id=\"pgc-2127-9-0\"  class=\"panel-grid-cell panel-grid-cell-empty\" ><\/div><div id=\"pgc-2127-9-1\"  class=\"panel-grid-cell panel-grid-cell-mobile-last\" ><div id=\"panel-2127-9-1-0\" class=\"so-panel widget widget_themegrill_flash_slider tg-section tg-slider-widget panel-first-child panel-last-child\" data-index=\"15\" ><div class=\"tg-slider-widget slider-light slider-content-center  full-width\">\n\t<div class=\"swiper-container\">\n\t\t<div class=\"swiper-wrapper\">\n\t\t\t\n\t\t\t\t\t<div class=\"swiper-slide\">\n\t\t\t\t\t\t<figure class=\"slider-image\" >\n\t\t\t\t\t\t\t<img fetchpriority=\"high\" width=\"2048\" height=\"1153\"\t\t\t\t\t\t\t\t\tsrc=\"http:\/\/jeanjeanfilms.fr\/wp-content\/uploads\/2022\/03\/cassoulet-plaisir-16.jpg\"\n\t\t\t\t\t\t\t\t\talt=\"photo cassoulet plaisir\"\n\t\t\t\t\t\t\t\t\ttitle=\"\"\/>\n\t\t\t\t\t\t\t<div class=\"overlay\"><\/div>\n\t\t\t\t\t\t<\/figure>\n\t\t\t\t\t\t<div class=\"slider-content\">\n\t\t\t\t\t\t\t<div class=\"tg-container\">\n\t\t\t\t\t\t\t\t<div class=\"caption-title\"><\/div>\n\t\t\t\t\t\t\t\t<div class=\"caption-desc\"><\/div>\n\t\t\t\t\t\t\t\t\t\t\t\t\t\t\t<\/div>\n\t\t\t\t\t\t<\/div>\n\t\t\t\t\t<\/div>\n\n\t\t\t\t\n\t\t\t\t\t<div class=\"swiper-slide\">\n\t\t\t\t\t\t<figure class=\"slider-image\" >\n\t\t\t\t\t\t\t<img width=\"2048\" height=\"1153\"\t\t\t\t\t\t\t\t\tsrc=\"http:\/\/jeanjeanfilms.fr\/wp-content\/uploads\/2022\/03\/cassoulet-plaisir-15.jpg\"\n\t\t\t\t\t\t\t\t\talt=\"photo cassoulet plaisir\"\n\t\t\t\t\t\t\t\t\ttitle=\"\"\/>\n\t\t\t\t\t\t\t<div class=\"overlay\"><\/div>\n\t\t\t\t\t\t<\/figure>\n\t\t\t\t\t\t<div class=\"slider-content\">\n\t\t\t\t\t\t\t<div class=\"tg-container\">\n\t\t\t\t\t\t\t\t<div class=\"caption-title\"><\/div>\n\t\t\t\t\t\t\t\t<div class=\"caption-desc\"><\/div>\n\t\t\t\t\t\t\t\t\t\t\t\t\t\t\t<\/div>\n\t\t\t\t\t\t<\/div>\n\t\t\t\t\t<\/div>\n\n\t\t\t\t\n\t\t\t\t\t<div class=\"swiper-slide\">\n\t\t\t\t\t\t<figure class=\"slider-image\" >\n\t\t\t\t\t\t\t<img width=\"2048\" height=\"1153\"\t\t\t\t\t\t\t\t\tsrc=\"http:\/\/jeanjeanfilms.fr\/wp-content\/uploads\/2022\/03\/cassoulet-plaisir-9.jpg\"\n\t\t\t\t\t\t\t\t\talt=\"Photo cassoulet plaisir\"\n\t\t\t\t\t\t\t\t\ttitle=\"\"\/>\n\t\t\t\t\t\t\t<div class=\"overlay\"><\/div>\n\t\t\t\t\t\t<\/figure>\n\t\t\t\t\t\t<div class=\"slider-content\">\n\t\t\t\t\t\t\t<div class=\"tg-container\">\n\t\t\t\t\t\t\t\t<div class=\"caption-title\"><\/div>\n\t\t\t\t\t\t\t\t<div class=\"caption-desc\"><\/div>\n\t\t\t\t\t\t\t\t\t\t\t\t\t\t\t<\/div>\n\t\t\t\t\t\t<\/div>\n\t\t\t\t\t<\/div>\n\n\t\t\t\t\n\t\t\t\t\t<div class=\"swiper-slide\">\n\t\t\t\t\t\t<figure class=\"slider-image\" >\n\t\t\t\t\t\t\t<img loading=\"lazy\" width=\"2048\" height=\"1153\"\t\t\t\t\t\t\t\t\tsrc=\"http:\/\/jeanjeanfilms.fr\/wp-content\/uploads\/2022\/03\/cassoulet-plaisir-14.jpg\"\n\t\t\t\t\t\t\t\t\talt=\"Photo cassoulet plaisir\"\n\t\t\t\t\t\t\t\t\ttitle=\"\"\/>\n\t\t\t\t\t\t\t<div class=\"overlay\"><\/div>\n\t\t\t\t\t\t<\/figure>\n\t\t\t\t\t\t<div class=\"slider-content\">\n\t\t\t\t\t\t\t<div class=\"tg-container\">\n\t\t\t\t\t\t\t\t<div class=\"caption-title\"><\/div>\n\t\t\t\t\t\t\t\t<div class=\"caption-desc\"><\/div>\n\t\t\t\t\t\t\t\t\t\t\t\t\t\t\t<\/div>\n\t\t\t\t\t\t<\/div>\n\t\t\t\t\t<\/div>\n\n\t\t\t\t\n\t\t\t\t\t<div class=\"swiper-slide\">\n\t\t\t\t\t\t<figure class=\"slider-image\" >\n\t\t\t\t\t\t\t<img loading=\"lazy\" width=\"1920\" height=\"1080\"\t\t\t\t\t\t\t\t\tsrc=\"http:\/\/jeanjeanfilms.fr\/wp-content\/uploads\/2022\/03\/cassoulet-plaisir-12.jpg\"\n\t\t\t\t\t\t\t\t\talt=\"Photo cassoulet plaisir\"\n\t\t\t\t\t\t\t\t\ttitle=\"\"\/>\n\t\t\t\t\t\t\t<div class=\"overlay\"><\/div>\n\t\t\t\t\t\t<\/figure>\n\t\t\t\t\t\t<div class=\"slider-content\">\n\t\t\t\t\t\t\t<div class=\"tg-container\">\n\t\t\t\t\t\t\t\t<div class=\"caption-title\"><\/div>\n\t\t\t\t\t\t\t\t<div class=\"caption-desc\"><\/div>\n\t\t\t\t\t\t\t\t\t\t\t\t\t\t\t<\/div>\n\t\t\t\t\t\t<\/div>\n\t\t\t\t\t<\/div>\n\n\t\t\t\t\t\t<\/div>\n\t\t<div class=\"swiper-pagination\"><\/div>\n\t\t<div class=\"slider-arrow\">\n\t\t\t<div class=\"swiper-button-next\"><\/div>\n\t\t\t<div class=\"swiper-button-prev\"><\/div>\n\t\t<\/div>\n\t<\/div>\n<\/div>\n<\/div><\/div><div id=\"pgc-2127-9-2\"  class=\"panel-grid-cell panel-grid-cell-empty\" ><\/div><\/div><\/div>","protected":false},"excerpt":{"rendered":"<p>Cassoulet plaisir : synopsis Line et Sarah sont deux com\u00e9diennes. Elles aspirent toutes les deux \u00e0 faire carri\u00e8re dans le [&hellip;]<\/p>\n","protected":false},"author":1,"featured_media":0,"parent":1453,"menu_order":0,"comment_status":"closed","ping_status":"closed","template":"","meta":{"_monsterinsights_skip_tracking":false,"_monsterinsights_sitenote_active":false,"_monsterinsights_sitenote_note":"","_monsterinsights_sitenote_category":0,"footnotes":""},"class_list":["post-2127","page","type-page","status-publish","hentry"],"_links":{"self":[{"href":"https:\/\/jeanjeanfilms.fr\/index.php\/wp-json\/wp\/v2\/pages\/2127","targetHints":{"allow":["GET"]}}],"collection":[{"href":"https:\/\/jeanjeanfilms.fr\/index.php\/wp-json\/wp\/v2\/pages"}],"about":[{"href":"https:\/\/jeanjeanfilms.fr\/index.php\/wp-json\/wp\/v2\/types\/page"}],"author":[{"embeddable":true,"href":"https:\/\/jeanjeanfilms.fr\/index.php\/wp-json\/wp\/v2\/users\/1"}],"replies":[{"embeddable":true,"href":"https:\/\/jeanjeanfilms.fr\/index.php\/wp-json\/wp\/v2\/comments?post=2127"}],"version-history":[{"count":13,"href":"https:\/\/jeanjeanfilms.fr\/index.php\/wp-json\/wp\/v2\/pages\/2127\/revisions"}],"predecessor-version":[{"id":2416,"href":"https:\/\/jeanjeanfilms.fr\/index.php\/wp-json\/wp\/v2\/pages\/2127\/revisions\/2416"}],"up":[{"embeddable":true,"href":"https:\/\/jeanjeanfilms.fr\/index.php\/wp-json\/wp\/v2\/pages\/1453"}],"wp:attachment":[{"href":"https:\/\/jeanjeanfilms.fr\/index.php\/wp-json\/wp\/v2\/media?parent=2127"}],"curies":[{"name":"wp","href":"https:\/\/api.w.org\/{rel}","templated":true}]}}