{"id":2228,"date":"2023-01-15T22:26:18","date_gmt":"2023-01-15T21:26:18","guid":{"rendered":"https:\/\/jeanjeanfilms.fr\/?page_id=2228"},"modified":"2024-07-14T23:00:00","modified_gmt":"2024-07-14T21:00:00","slug":"clips","status":"publish","type":"page","link":"https:\/\/jeanjeanfilms.fr\/index.php\/clips\/","title":{"rendered":"Clips"},"content":{"rendered":"<div id=\"pl-2228\"  class=\"panel-layout\" ><div id=\"pg-2228-0\"  class=\"panel-grid panel-no-style\" ><div id=\"pgc-2228-0-0\"  class=\"panel-grid-cell\" ><div id=\"panel-2228-0-0-0\" class=\"so-panel widget widget_themegrill_flash_heading tg-widget section-title-wrapper panel-first-child panel-last-child\" data-index=\"0\" >\t<h3 class=\"section-title\">Clips<\/h3>\n<\/div><\/div><\/div><div id=\"pg-2228-1\"  class=\"panel-grid panel-no-style\" ><div id=\"pgc-2228-1-0\"  class=\"panel-grid-cell\" ><div id=\"panel-2228-1-0-0\" class=\"so-panel widget widget_themegrill_flash_image tg-widget tg-image-widget panel-first-child\" data-index=\"1\" >\t<a href=\"https:\/\/jeanjeanfilms.fr\/index.php\/clips\/irresponsables-2023\/\"><img decoding=\"async\" src=\"http:\/\/jeanjeanfilms.fr\/wp-content\/uploads\/2024\/07\/miniature_clip.jpg\" \/><\/a>\n<\/div><div id=\"panel-2228-1-0-1\" class=\"so-panel widget widget_text panel-last-child\" data-index=\"2\" >\t\t\t<div class=\"textwidget\"><div style=\"text-align: center;\"><a href=\"https:\/\/jeanjeanfilms.fr\/index.php\/clips\/azzurafa-les-machines-2024-2\/\"><strong>AZZURAFA | LES MACHINES &#8211; 2024<\/strong><\/a><br \/>\nProjet p\u00e9dagogique initi\u00e9 par le Conservatoire Roannais Agglom\u00e9ration.<\/div>\n<\/div>\n\t\t<\/div><\/div><div id=\"pgc-2228-1-1\"  class=\"panel-grid-cell\" ><div id=\"panel-2228-1-1-0\" class=\"so-panel widget widget_themegrill_flash_image tg-widget tg-image-widget panel-first-child\" data-index=\"3\" >\t<a href=\"https:\/\/jeanjeanfilms.fr\/index.php\/clips\/irresponsables-2023\/\"><img decoding=\"async\" src=\"http:\/\/jeanjeanfilms.fr\/wp-content\/uploads\/2023\/11\/vignette_irresponsables_photo5-1.jpg\" \/><\/a>\n<\/div><div id=\"panel-2228-1-1-1\" class=\"so-panel widget widget_text panel-last-child\" data-index=\"4\" >\t\t\t<div class=\"textwidget\"><div style=\"text-align: center;\"><a href=\"https:\/\/jeanjeanfilms.fr\/index.php\/clips\/irresponsables-2023\/\"><strong>IRRESPONSABLES &#8211; 2023<\/strong><\/a><br \/>\nClip r\u00e9alis\u00e9 pour les musiciens AJT et KickBass.<\/div>\n<\/div>\n\t\t<\/div><\/div><\/div><div id=\"pg-2228-2\"  class=\"panel-grid panel-no-style\" ><div id=\"pgc-2228-2-0\"  class=\"panel-grid-cell\" ><div id=\"panel-2228-2-0-0\" class=\"so-panel widget widget_text panel-first-child panel-last-child\" data-index=\"5\" >\t\t\t<div class=\"textwidget\"><p>&nbsp;<\/p>\n<\/div>\n\t\t<\/div><\/div><\/div><div id=\"pg-2228-3\"  class=\"panel-grid panel-no-style\" ><div id=\"pgc-2228-3-0\"  class=\"panel-grid-cell\" ><div id=\"panel-2228-3-0-0\" class=\"so-panel widget widget_themegrill_flash_image tg-widget tg-image-widget panel-first-child\" data-index=\"6\" >\t<a href=\"https:\/\/jeanjeanfilms.fr\/index.php\/clips\/mille-escaliers-2023\/\"><img decoding=\"async\" src=\"http:\/\/jeanjeanfilms.fr\/wp-content\/uploads\/2023\/01\/miniature_mille-escaliers_titre.jpg\" \/><\/a>\n<\/div><div id=\"panel-2228-3-0-1\" class=\"so-panel widget widget_text panel-last-child\" data-index=\"7\" >\t\t\t<div class=\"textwidget\"><div style=\"text-align: center;\"><a href=\"https:\/\/jeanjeanfilms.fr\/index.php\/clips\/mille-escaliers-2023\/\"><strong>MILLE ESCALIERS &#8211; 2023<\/strong><\/a><br \/>\nClip r\u00e9alis\u00e9 pour le groupe Mauss.<\/div>\n<\/div>\n\t\t<\/div><\/div><div id=\"pgc-2228-3-1\"  class=\"panel-grid-cell\" ><div id=\"panel-2228-3-1-0\" class=\"so-panel widget widget_themegrill_flash_image tg-widget tg-image-widget panel-first-child\" data-index=\"8\" >\t<a href=\"https:\/\/jeanjeanfilms.fr\/index.php\/clips\/silly-old-fashion-2022\/\"><img decoding=\"async\" src=\"http:\/\/jeanjeanfilms.fr\/wp-content\/uploads\/2023\/01\/Miniature_1920-1080.jpg\" \/><\/a>\n<\/div><div id=\"panel-2228-3-1-1\" class=\"so-panel widget widget_text panel-last-child\" data-index=\"9\" >\t\t\t<div class=\"textwidget\"><div style=\"text-align: center;\"><a href=\"https:\/\/jeanjeanfilms.fr\/index.php\/clips\/silly-old-fashion-2022\/\"><strong>SILLY OLD FASHION &#8211; 2022<\/strong><\/a><br \/>\nClip r\u00e9alis\u00e9 pour le compositeur J\u00e9r\u00e9mie Esperet, chor\u00e9graphi\u00e9 par Charlotte Mattei.<\/div>\n<\/div>\n\t\t<\/div><\/div><\/div><div id=\"pg-2228-4\"  class=\"panel-grid panel-no-style\" ><div id=\"pgc-2228-4-0\"  class=\"panel-grid-cell\" ><div id=\"panel-2228-4-0-0\" class=\"so-panel widget widget_text panel-first-child panel-last-child\" data-index=\"10\" >\t\t\t<div class=\"textwidget\"><p>&nbsp;<\/p>\n<\/div>\n\t\t<\/div><\/div><\/div><div id=\"pg-2228-5\"  class=\"panel-grid panel-no-style\" ><div id=\"pgc-2228-5-0\"  class=\"panel-grid-cell\" ><div id=\"panel-2228-5-0-0\" class=\"so-panel widget widget_themegrill_flash_image tg-widget tg-image-widget panel-first-child\" data-index=\"11\" >\t<a href=\"https:\/\/jeanjeanfilms.fr\/index.php\/clips\/aux-baleares-2022\/\"><img decoding=\"async\" src=\"http:\/\/jeanjeanfilms.fr\/wp-content\/uploads\/2023\/01\/Miniature_aux-baleares_1920-1080.jpg\" \/><\/a>\n<\/div><div id=\"panel-2228-5-0-1\" class=\"so-panel widget widget_text panel-last-child\" data-index=\"12\" >\t\t\t<div class=\"textwidget\"><div style=\"text-align: center;\"><a href=\"https:\/\/jeanjeanfilms.fr\/index.php\/clips\/aux-baleares-2022\/\"><strong>AUX BAL\u00c9ARES &#8211; 2022<\/strong><\/a><br \/>\nClip r\u00e9alis\u00e9 pour le groupe Mauss.<\/div>\n<\/div>\n\t\t<\/div><\/div><div id=\"pgc-2228-5-1\"  class=\"panel-grid-cell\" ><div id=\"panel-2228-5-1-0\" class=\"so-panel widget widget_themegrill_flash_image tg-widget tg-image-widget panel-first-child\" data-index=\"13\" >\t<a href=\"https:\/\/jeanjeanfilms.fr\/index.php\/clips\/jouons-2021\/\"><img decoding=\"async\" src=\"http:\/\/jeanjeanfilms.fr\/wp-content\/uploads\/2023\/01\/miniature_jouons.jpg\" \/><\/a>\n<\/div><div id=\"panel-2228-5-1-1\" class=\"so-panel widget widget_text panel-last-child\" data-index=\"14\" >\t\t\t<div class=\"textwidget\"><div style=\"text-align: center;\"><a href=\"https:\/\/jeanjeanfilms.fr\/index.php\/clips\/jouons-2021\/\"><b>JOUONS &#8211; 2021<\/b><\/a><br \/>\nClip de S\u00e9bastien Ghomari.<\/div>\n<\/div>\n\t\t<\/div><\/div><\/div><div id=\"pg-2228-6\"  class=\"panel-grid panel-no-style\" ><div id=\"pgc-2228-6-0\"  class=\"panel-grid-cell\" ><div id=\"panel-2228-6-0-0\" class=\"so-panel widget widget_text panel-first-child panel-last-child\" data-index=\"15\" >\t\t\t<div class=\"textwidget\"><p>&nbsp;<\/p>\n<\/div>\n\t\t<\/div><\/div><\/div><div id=\"pg-2228-7\"  class=\"panel-grid panel-no-style\" ><div id=\"pgc-2228-7-0\"  class=\"panel-grid-cell panel-grid-cell-mobile-last\" ><div id=\"panel-2228-7-0-0\" class=\"so-panel widget widget_themegrill_flash_image tg-widget tg-image-widget panel-first-child\" data-index=\"16\" >\t<a href=\"https:\/\/jeanjeanfilms.fr\/index.php\/clips\/a-ship-for-sale-2020\/\"><img decoding=\"async\" src=\"http:\/\/jeanjeanfilms.fr\/wp-content\/uploads\/2023\/01\/Miniature_aship-for-sale_1920-1080-1.jpg\" \/><\/a>\n<\/div><div id=\"panel-2228-7-0-1\" class=\"so-panel widget widget_text panel-last-child\" data-index=\"17\" >\t\t\t<div class=\"textwidget\"><div style=\"text-align: center;\"><a href=\"https:\/\/jeanjeanfilms.fr\/index.php\/captations-teasers\/a-ship-for-sale-2020\/\"><b>A SHIP FOR SALE &#8211; 2020<\/b><\/a><br \/>\nClip r\u00e9alis\u00e9 pour le compositeur J\u00e9r\u00e9mie Esperet, chor\u00e9graphi\u00e9 par Charlotte Mattei.<\/div>\n<\/div>\n\t\t<\/div><\/div><div id=\"pgc-2228-7-1\"  class=\"panel-grid-cell panel-grid-cell-empty\" ><\/div><\/div><\/div>","protected":false},"excerpt":{"rendered":"<p>AZZURAFA | LES MACHINES &#8211; 2024 Projet p\u00e9dagogique initi\u00e9 par le Conservatoire Roannais Agglom\u00e9ration. IRRESPONSABLES &#8211; 2023 Clip r\u00e9alis\u00e9 pour [&hellip;]<\/p>\n","protected":false},"author":1,"featured_media":0,"parent":0,"menu_order":0,"comment_status":"closed","ping_status":"closed","template":"","meta":{"_monsterinsights_skip_tracking":false,"_monsterinsights_sitenote_active":false,"_monsterinsights_sitenote_note":"","_monsterinsights_sitenote_category":0,"footnotes":""},"class_list":["post-2228","page","type-page","status-publish","hentry"],"_links":{"self":[{"href":"https:\/\/jeanjeanfilms.fr\/index.php\/wp-json\/wp\/v2\/pages\/2228","targetHints":{"allow":["GET"]}}],"collection":[{"href":"https:\/\/jeanjeanfilms.fr\/index.php\/wp-json\/wp\/v2\/pages"}],"about":[{"href":"https:\/\/jeanjeanfilms.fr\/index.php\/wp-json\/wp\/v2\/types\/page"}],"author":[{"embeddable":true,"href":"https:\/\/jeanjeanfilms.fr\/index.php\/wp-json\/wp\/v2\/users\/1"}],"replies":[{"embeddable":true,"href":"https:\/\/jeanjeanfilms.fr\/index.php\/wp-json\/wp\/v2\/comments?post=2228"}],"version-history":[{"count":42,"href":"https:\/\/jeanjeanfilms.fr\/index.php\/wp-json\/wp\/v2\/pages\/2228\/revisions"}],"predecessor-version":[{"id":2561,"href":"https:\/\/jeanjeanfilms.fr\/index.php\/wp-json\/wp\/v2\/pages\/2228\/revisions\/2561"}],"wp:attachment":[{"href":"https:\/\/jeanjeanfilms.fr\/index.php\/wp-json\/wp\/v2\/media?parent=2228"}],"curies":[{"name":"wp","href":"https:\/\/api.w.org\/{rel}","templated":true}]}}