{"id":2231,"date":"2023-01-15T22:43:58","date_gmt":"2023-01-15T21:43:58","guid":{"rendered":"https:\/\/jeanjeanfilms.fr\/?page_id=2231"},"modified":"2023-01-25T14:24:57","modified_gmt":"2023-01-25T13:24:57","slug":"jouons-2021","status":"publish","type":"page","link":"https:\/\/jeanjeanfilms.fr\/index.php\/clips\/jouons-2021\/","title":{"rendered":"Jouons (2021)"},"content":{"rendered":"<div id=\"pl-2231\"  class=\"panel-layout\" ><div id=\"pg-2231-0\"  class=\"panel-grid panel-no-style\" ><div id=\"pgc-2231-0-0\"  class=\"panel-grid-cell\" ><div id=\"panel-2231-0-0-0\" class=\"so-panel widget widget_themegrill_flash_heading tg-widget section-title-wrapper panel-first-child panel-last-child\" data-index=\"0\" >\t<h3 class=\"section-title\">Jouons : clip<\/h3>\n<\/div><\/div><\/div><div id=\"pg-2231-1\"  class=\"panel-grid panel-no-style\" ><div id=\"pgc-2231-1-0\"  class=\"panel-grid-cell\" ><div id=\"panel-2231-1-0-0\" class=\"so-panel widget widget_text panel-first-child panel-last-child\" data-index=\"1\" >\t\t\t<div class=\"textwidget\"><p>\u00ab\u00a0Jouons\u00a0\u00bb est un clip r\u00e9alis\u00e9 pour le musicien S\u00e9bastien Ghomari.<\/p>\n<p><strong>R\u00e9alisation, musique, texte et image :<\/strong> S\u00e9bastien Ghomari<br \/>\n<strong>Clown et voix-off :<\/strong> Julie Serrano<br \/>\n<strong>Image et montage (version alternative) :<\/strong> Cl\u00e9mentine Se\u00eft\u00e9<br \/>\n<strong>Mastering :<\/strong> Lo\u00efc Brisset<br \/>\n<strong>Remerciements :<\/strong> Thiebault Gu\u00e9rin et Jeanjean Films<\/p>\n<p>&nbsp;<\/p>\n<\/div>\n\t\t<\/div><\/div><\/div><div id=\"pg-2231-2\"  class=\"panel-grid panel-no-style\" ><div id=\"pgc-2231-2-0\"  class=\"panel-grid-cell\" ><div id=\"panel-2231-2-0-0\" class=\"so-panel widget widget_themegrill_flash_heading tg-widget section-title-wrapper panel-first-child panel-last-child\" data-index=\"2\" >\t<h3 class=\"section-title\">Clip<\/h3>\n<\/div><\/div><\/div><div id=\"pg-2231-3\"  class=\"panel-grid panel-no-style\" ><div id=\"pgc-2231-3-0\"  class=\"panel-grid-cell\" ><div id=\"panel-2231-3-0-0\" class=\"so-panel widget widget_media_video panel-first-child panel-last-child\" data-index=\"3\" ><div style=\"width:100%;\" class=\"wp-video\"><video class=\"wp-video-shortcode\" id=\"video-2231-1\" preload=\"metadata\" controls=\"controls\"><source type=\"video\/youtube\" src=\"https:\/\/youtu.be\/K7TaSYYS1wU?_=1\" \/><a href=\"https:\/\/youtu.be\/K7TaSYYS1wU\">https:\/\/youtu.be\/K7TaSYYS1wU<\/a><\/video><\/div><\/div><\/div><\/div><\/div>","protected":false},"excerpt":{"rendered":"<p>\u00ab\u00a0Jouons\u00a0\u00bb est un clip r\u00e9alis\u00e9 pour le musicien S\u00e9bastien Ghomari. R\u00e9alisation, musique, texte et image : S\u00e9bastien Ghomari Clown et [&hellip;]<\/p>\n","protected":false},"author":1,"featured_media":0,"parent":2228,"menu_order":0,"comment_status":"closed","ping_status":"closed","template":"","meta":{"_monsterinsights_skip_tracking":false,"_monsterinsights_sitenote_active":false,"_monsterinsights_sitenote_note":"","_monsterinsights_sitenote_category":0,"footnotes":""},"class_list":["post-2231","page","type-page","status-publish","hentry"],"_links":{"self":[{"href":"https:\/\/jeanjeanfilms.fr\/index.php\/wp-json\/wp\/v2\/pages\/2231","targetHints":{"allow":["GET"]}}],"collection":[{"href":"https:\/\/jeanjeanfilms.fr\/index.php\/wp-json\/wp\/v2\/pages"}],"about":[{"href":"https:\/\/jeanjeanfilms.fr\/index.php\/wp-json\/wp\/v2\/types\/page"}],"author":[{"embeddable":true,"href":"https:\/\/jeanjeanfilms.fr\/index.php\/wp-json\/wp\/v2\/users\/1"}],"replies":[{"embeddable":true,"href":"https:\/\/jeanjeanfilms.fr\/index.php\/wp-json\/wp\/v2\/comments?post=2231"}],"version-history":[{"count":7,"href":"https:\/\/jeanjeanfilms.fr\/index.php\/wp-json\/wp\/v2\/pages\/2231\/revisions"}],"predecessor-version":[{"id":2326,"href":"https:\/\/jeanjeanfilms.fr\/index.php\/wp-json\/wp\/v2\/pages\/2231\/revisions\/2326"}],"up":[{"embeddable":true,"href":"https:\/\/jeanjeanfilms.fr\/index.php\/wp-json\/wp\/v2\/pages\/2228"}],"wp:attachment":[{"href":"https:\/\/jeanjeanfilms.fr\/index.php\/wp-json\/wp\/v2\/media?parent=2231"}],"curies":[{"name":"wp","href":"https:\/\/api.w.org\/{rel}","templated":true}]}}