{"id":2234,"date":"2023-01-15T22:49:18","date_gmt":"2023-01-15T21:49:18","guid":{"rendered":"https:\/\/jeanjeanfilms.fr\/?page_id=2234"},"modified":"2023-01-25T14:24:09","modified_gmt":"2023-01-25T13:24:09","slug":"silly-old-fashion-2022","status":"publish","type":"page","link":"https:\/\/jeanjeanfilms.fr\/index.php\/clips\/silly-old-fashion-2022\/","title":{"rendered":"Silly Old Fashion (2022)"},"content":{"rendered":"<div id=\"pl-2234\"  class=\"panel-layout\" ><div id=\"pg-2234-0\"  class=\"panel-grid panel-no-style\" ><div id=\"pgc-2234-0-0\"  class=\"panel-grid-cell\" ><div id=\"panel-2234-0-0-0\" class=\"so-panel widget widget_themegrill_flash_heading tg-widget section-title-wrapper panel-first-child panel-last-child\" data-index=\"0\" >\t<h3 class=\"section-title\">Silly Old Fashion : clip<\/h3>\n<\/div><\/div><\/div><div id=\"pg-2234-1\"  class=\"panel-grid panel-no-style\" ><div id=\"pgc-2234-1-0\"  class=\"panel-grid-cell\" ><div id=\"panel-2234-1-0-0\" class=\"so-panel widget widget_text panel-first-child panel-last-child\" data-index=\"1\" >\t\t\t<div class=\"textwidget\"><p>\u00ab\u00a0Silly old fashion\u00a0\u00bb est un clip de danse collaboratif, initi\u00e9 par la chor\u00e9graphe Charlotte Mattei, professeure \u00e0 l&rsquo;Ecole de danse Farandoles \u00e0 Lyon. Le clip a \u00e9t\u00e9 tourn\u00e9 \u00e0 Saint-Just-la-pendue en d\u00e9cembre 2022.<\/p>\n<p><strong>Mise en sc\u00e8ne &amp; chor\u00e9graphie :\u00a0<\/strong>Charlotte Mattei<br \/>\n<strong>Musique &amp; chant : <\/strong><a href=\"https:\/\/jeremie-esperet.com\/\" target=\"_blank\" rel=\"noopener\">J\u00e9r\u00e9mie Esperet<\/a><br \/>\n<strong>Danseurs et danseuses : <\/strong>Myriam Boulay, Florence Chevat, Marine Grg, Tom Graveleine Jessica Joyet, Fanny Magne, Eric Maronnier, Claire Pichot, Sarah Rabel, <span class=\"xt0psk2\">Cl\u00e9mentine Se\u00eft\u00e9<br \/>\n<\/span><strong>Images &amp; montage :<\/strong> Thiebault Gu\u00e9rin<br \/>\n<strong>Images &amp; \u00e9talonnage :<\/strong> <span class=\"xt0psk2\">Thibault Bernard<br \/>\n<\/span><strong>Sc\u00e9nographie :<\/strong> <span class=\"xt0psk2\">Atelier Vitrail Le Cygne<br \/>\n<\/span><strong>Production :<\/strong> <span class=\"xt0psk2\">Jeanjean Films<\/span>, <span class=\"xt0psk2\">Thibault Bernard<\/span> &amp; <span class=\"xt0psk2\">Ecole de danse Farandoles<br \/>\n<\/span><strong>Remerciements :<\/strong> <span class=\"xt0psk2\">Maison Ume,<\/span> <span class=\"xt0psk2\">I Like Production,<\/span> <span class=\"xt0psk2\">Compagnie Thespis,<\/span> Baptiste Baron et Thierry Bracqbien<\/p>\n<p>&nbsp;<\/p>\n<\/div>\n\t\t<\/div><\/div><\/div><div id=\"pg-2234-2\"  class=\"panel-grid panel-no-style\" ><div id=\"pgc-2234-2-0\"  class=\"panel-grid-cell\" ><div id=\"panel-2234-2-0-0\" class=\"so-panel widget widget_themegrill_flash_heading tg-widget section-title-wrapper panel-first-child panel-last-child\" data-index=\"2\" >\t<h3 class=\"section-title\">Clip<\/h3>\n<\/div><\/div><\/div><div id=\"pg-2234-3\"  class=\"panel-grid panel-no-style\" ><div id=\"pgc-2234-3-0\"  class=\"panel-grid-cell\" ><div id=\"panel-2234-3-0-0\" class=\"so-panel widget widget_media_video panel-first-child panel-last-child\" data-index=\"3\" ><div style=\"width:100%;\" class=\"wp-video\"><video class=\"wp-video-shortcode\" id=\"video-2234-1\" preload=\"metadata\" controls=\"controls\"><source type=\"video\/youtube\" src=\"https:\/\/www.youtube.com\/watch?v=WUa_40UsT9U&#038;_=1\" \/><a href=\"https:\/\/www.youtube.com\/watch?v=WUa_40UsT9U\">https:\/\/www.youtube.com\/watch?v=WUa_40UsT9U<\/a><\/video><\/div><\/div><\/div><\/div><\/div>","protected":false},"excerpt":{"rendered":"<p>\u00ab\u00a0Silly old fashion\u00a0\u00bb est un clip de danse collaboratif, initi\u00e9 par la chor\u00e9graphe Charlotte Mattei, professeure \u00e0 l&rsquo;Ecole de danse [&hellip;]<\/p>\n","protected":false},"author":1,"featured_media":0,"parent":2228,"menu_order":0,"comment_status":"closed","ping_status":"closed","template":"","meta":{"_monsterinsights_skip_tracking":false,"_monsterinsights_sitenote_active":false,"_monsterinsights_sitenote_note":"","_monsterinsights_sitenote_category":0,"footnotes":""},"class_list":["post-2234","page","type-page","status-publish","hentry"],"_links":{"self":[{"href":"https:\/\/jeanjeanfilms.fr\/index.php\/wp-json\/wp\/v2\/pages\/2234","targetHints":{"allow":["GET"]}}],"collection":[{"href":"https:\/\/jeanjeanfilms.fr\/index.php\/wp-json\/wp\/v2\/pages"}],"about":[{"href":"https:\/\/jeanjeanfilms.fr\/index.php\/wp-json\/wp\/v2\/types\/page"}],"author":[{"embeddable":true,"href":"https:\/\/jeanjeanfilms.fr\/index.php\/wp-json\/wp\/v2\/users\/1"}],"replies":[{"embeddable":true,"href":"https:\/\/jeanjeanfilms.fr\/index.php\/wp-json\/wp\/v2\/comments?post=2234"}],"version-history":[{"count":6,"href":"https:\/\/jeanjeanfilms.fr\/index.php\/wp-json\/wp\/v2\/pages\/2234\/revisions"}],"predecessor-version":[{"id":2322,"href":"https:\/\/jeanjeanfilms.fr\/index.php\/wp-json\/wp\/v2\/pages\/2234\/revisions\/2322"}],"up":[{"embeddable":true,"href":"https:\/\/jeanjeanfilms.fr\/index.php\/wp-json\/wp\/v2\/pages\/2228"}],"wp:attachment":[{"href":"https:\/\/jeanjeanfilms.fr\/index.php\/wp-json\/wp\/v2\/media?parent=2234"}],"curies":[{"name":"wp","href":"https:\/\/api.w.org\/{rel}","templated":true}]}}