{"id":2269,"date":"2023-01-15T23:52:18","date_gmt":"2023-01-15T22:52:18","guid":{"rendered":"https:\/\/jeanjeanfilms.fr\/?page_id=2269"},"modified":"2023-01-15T23:53:20","modified_gmt":"2023-01-15T22:53:20","slug":"qui-a-tue-le-grand-mechant-loup-cest-pas-nous-2022","status":"publish","type":"page","link":"https:\/\/jeanjeanfilms.fr\/index.php\/captations-teasers\/qui-a-tue-le-grand-mechant-loup-cest-pas-nous-2022\/","title":{"rendered":"Qui a tu\u00e9 Le Grand M\u00e9chant Loup ? C&rsquo;est pas nous&#8230; (2022)"},"content":{"rendered":"<div id=\"pl-2269\"  class=\"panel-layout\" ><div id=\"pg-2269-0\"  class=\"panel-grid panel-no-style\" ><div id=\"pgc-2269-0-0\"  class=\"panel-grid-cell\" ><div id=\"panel-2269-0-0-0\" class=\"so-panel widget widget_themegrill_flash_heading tg-widget section-title-wrapper panel-first-child panel-last-child\" data-index=\"0\" >\t<h3 class=\"section-title\">Qui a tu\u00e9 le Grand M\u00e9chant Loup ? C&#039;est pas nous... captation et teaser<\/h3>\n<\/div><\/div><\/div><div id=\"pg-2269-1\"  class=\"panel-grid panel-no-style\" ><div id=\"pgc-2269-1-0\"  class=\"panel-grid-cell\" ><div id=\"panel-2269-1-0-0\" class=\"so-panel widget widget_text panel-first-child panel-last-child\" data-index=\"1\" >\t\t\t<div class=\"textwidget\"><div class=\"elementor-column elementor-col-50 elementor-inner-column elementor-element elementor-element-16a315c\" data-id=\"16a315c\" data-element_type=\"column\">\n<div class=\"elementor-widget-wrap elementor-element-populated\">\n<div class=\"elementor-element elementor-element-3fb01cd7 elementor-widget elementor-widget-text-editor\" data-id=\"3fb01cd7\" data-element_type=\"widget\" data-widget_type=\"text-editor.default\">\n<div class=\"elementor-widget-container\">\n<p>Captation r\u00e9alis\u00e9e au Centre culturel Le Millenium \u00e0 L\u2019Isle D\u2019Abeau (38) le 18 juin 2022.<\/p>\n<p><em>Qui a tu\u00e9 le Grand M\u00e9chant Loup ? C&rsquo;est pas nous&#8230;<\/em> est une pi\u00e8ce de th\u00e9\u00e2tre jeune public du <a href=\"https:\/\/collectifinterdisciplinaire.com\/\">Collectif InterDisciplinaire<\/a><\/p>\n<p>Mise en sc\u00e8ne : <strong>Les membres du CID : Collectif InterDisciplinaire<br \/>\n<\/strong>Interpr\u00e9tation : <strong>Tamara Dannreuther<\/strong>, <strong>Maud Roussel<\/strong> et <strong>Amandine Vinson<br \/>\n<\/strong>Sc\u00e9nographie :\u00a0<strong>C\u00e9cile Debricon<br \/>\n<\/strong>Cr\u00e9ation lumi\u00e8re : <strong>Gabriel Denante<br \/>\n<\/strong>R\u00e9gie lumi\u00e8re : <strong>Lila Burdet<\/strong> et <strong>Hugo Molina<br \/>\n<\/strong>R\u00e9gie Son : <strong>Benjamin Bouvier<br \/>\n<\/strong>Costumes : <strong>No\u00e9mie Revial<\/strong><\/p>\n<\/div>\n<\/div>\n<\/div>\n<\/div>\n<\/div>\n\t\t<\/div><\/div><\/div><div id=\"pg-2269-2\"  class=\"panel-grid panel-no-style\" ><div id=\"pgc-2269-2-0\"  class=\"panel-grid-cell\" ><div id=\"panel-2269-2-0-0\" class=\"so-panel widget widget_themegrill_flash_heading tg-widget section-title-wrapper panel-first-child panel-last-child\" data-index=\"2\" >\t<h3 class=\"section-title\">Teaser<\/h3>\n<\/div><\/div><\/div><div id=\"pg-2269-3\"  class=\"panel-grid panel-no-style\" ><div id=\"pgc-2269-3-0\"  class=\"panel-grid-cell\" ><div id=\"panel-2269-3-0-0\" class=\"so-panel widget widget_media_video panel-first-child panel-last-child\" data-index=\"3\" ><div style=\"width:100%;\" class=\"wp-video\"><video class=\"wp-video-shortcode\" id=\"video-2269-1\" preload=\"metadata\" controls=\"controls\"><source type=\"video\/youtube\" src=\"https:\/\/youtu.be\/fLelCC6_qyk?_=1\" \/><a href=\"https:\/\/youtu.be\/fLelCC6_qyk\">https:\/\/youtu.be\/fLelCC6_qyk<\/a><\/video><\/div><\/div><\/div><\/div><div id=\"pg-2269-4\"  class=\"panel-grid panel-no-style\" ><div id=\"pgc-2269-4-0\"  class=\"panel-grid-cell\" ><div id=\"panel-2269-4-0-0\" class=\"so-panel widget widget_text panel-first-child panel-last-child\" data-index=\"4\" >\t\t\t<div class=\"textwidget\"><p>&nbsp;<\/p>\n<\/div>\n\t\t<\/div><\/div><\/div><\/div>","protected":false},"excerpt":{"rendered":"<p>Captation r\u00e9alis\u00e9e au Centre culturel Le Millenium \u00e0 L\u2019Isle D\u2019Abeau (38) le 18 juin 2022. Qui a tu\u00e9 le Grand [&hellip;]<\/p>\n","protected":false},"author":1,"featured_media":0,"parent":1548,"menu_order":0,"comment_status":"closed","ping_status":"closed","template":"","meta":{"_monsterinsights_skip_tracking":false,"_monsterinsights_sitenote_active":false,"_monsterinsights_sitenote_note":"","_monsterinsights_sitenote_category":0,"footnotes":""},"class_list":["post-2269","page","type-page","status-publish","hentry"],"_links":{"self":[{"href":"https:\/\/jeanjeanfilms.fr\/index.php\/wp-json\/wp\/v2\/pages\/2269","targetHints":{"allow":["GET"]}}],"collection":[{"href":"https:\/\/jeanjeanfilms.fr\/index.php\/wp-json\/wp\/v2\/pages"}],"about":[{"href":"https:\/\/jeanjeanfilms.fr\/index.php\/wp-json\/wp\/v2\/types\/page"}],"author":[{"embeddable":true,"href":"https:\/\/jeanjeanfilms.fr\/index.php\/wp-json\/wp\/v2\/users\/1"}],"replies":[{"embeddable":true,"href":"https:\/\/jeanjeanfilms.fr\/index.php\/wp-json\/wp\/v2\/comments?post=2269"}],"version-history":[{"count":7,"href":"https:\/\/jeanjeanfilms.fr\/index.php\/wp-json\/wp\/v2\/pages\/2269\/revisions"}],"predecessor-version":[{"id":2276,"href":"https:\/\/jeanjeanfilms.fr\/index.php\/wp-json\/wp\/v2\/pages\/2269\/revisions\/2276"}],"up":[{"embeddable":true,"href":"https:\/\/jeanjeanfilms.fr\/index.php\/wp-json\/wp\/v2\/pages\/1548"}],"wp:attachment":[{"href":"https:\/\/jeanjeanfilms.fr\/index.php\/wp-json\/wp\/v2\/media?parent=2269"}],"curies":[{"name":"wp","href":"https:\/\/api.w.org\/{rel}","templated":true}]}}