{"id":2303,"date":"2023-01-25T14:12:37","date_gmt":"2023-01-25T13:12:37","guid":{"rendered":"https:\/\/jeanjeanfilms.fr\/?page_id=2303"},"modified":"2024-07-14T23:06:33","modified_gmt":"2024-07-14T21:06:33","slug":"mille-escaliers-2023","status":"publish","type":"page","link":"https:\/\/jeanjeanfilms.fr\/index.php\/clips\/mille-escaliers-2023\/","title":{"rendered":"Mille escaliers (2023)"},"content":{"rendered":"<div id=\"pl-2303\"  class=\"panel-layout\" ><div id=\"pg-2303-0\"  class=\"panel-grid panel-no-style\" ><div id=\"pgc-2303-0-0\"  class=\"panel-grid-cell\" ><div id=\"panel-2303-0-0-0\" class=\"so-panel widget widget_themegrill_flash_heading tg-widget section-title-wrapper panel-first-child panel-last-child\" data-index=\"0\" >\t<h3 class=\"section-title\">Mille escaliers : clip<\/h3>\n<\/div><\/div><\/div><div id=\"pg-2303-1\"  class=\"panel-grid panel-no-style\" ><div id=\"pgc-2303-1-0\"  class=\"panel-grid-cell\" ><div id=\"panel-2303-1-0-0\" class=\"so-panel widget widget_text panel-first-child panel-last-child\" data-index=\"1\" >\t\t\t<div class=\"textwidget\"><p>\u00ab\u00a0Mille escaliers\u00a0\u00bb est un clip r\u00e9alis\u00e9 pour le groupe de musique Mauss, emmen\u00e9 par son leader Fabrice Mauss. \u00ab\u00a0Mille escaliers\u00a0\u00bb est un titre de l<a href=\"https:\/\/www.youtube.com\/playlist?list=OLAK5uy_mHUf9drVJsx3sGi7cD9ouxfbqsN2CfQxg\" target=\"_blank\" rel=\"noopener\">&lsquo;EP \u00ab\u00a0L&rsquo;\u00e9claireur\u00a0\u00bb<\/a>.<br \/>\nLe clip raconte l&rsquo;histoire de deux mimes qui remontent inlassablement une danseuse, jusqu&rsquo;\u00e0 son effondrement.<\/p>\n<p>Il a \u00e9t\u00e9 vu 115 000 fois sur YouTube.<\/p>\n<p>Festivals et s\u00e9lections :<\/p>\n<ul>\n<li>Projection \u00e0 la soir\u00e9e \u00ab\u00a0culture clip\u00a0\u00bb de l&rsquo;<a href=\"https:\/\/aquarium-cine-cafe.fr\/\" target=\"_blank\" rel=\"noopener\">Aquarium Cin\u00e9-Caf\u00e9<\/a> en septembre 2023. \u00c0 l&rsquo;issue des votes de cette soir\u00e9e du public et du jury, il a \u00e9t\u00e9 s\u00e9lectionn\u00e9 pour participer \u00e0 la grande finale des clips s\u00e9lectionn\u00e9s tout au long de l&rsquo;ann\u00e9e, qui s&rsquo;est d\u00e9roul\u00e9e en juin 2024 au March\u00e9 Gare \u00e0 Lyon.<\/li>\n<li>Laur\u00e9at du prix du Jury Jeune dans la cat\u00e9gorie \u00ab\u00a0Clips Musicaux\u00a0\u00bb du <span class=\"html-span xdj266r x11i5rnm xat24cr x1mh8g0r xexx8yu x4uap5 x18d9i69 xkhd6sd x1hl2dhg x16tdsg8 x1vvkbs\"><a class=\"x1i10hfl xjbqb8w x1ejq31n xd10rxx x1sy0etr x17r0tee x972fbf xcfux6l x1qhh985 xm0m39n x9f619 x1ypdohk xt0psk2 xe8uvvx xdj266r x11i5rnm xat24cr x1mh8g0r xexx8yu x4uap5 x18d9i69 xkhd6sd x16tdsg8 x1hl2dhg xggy1nq x1a2a7pz x1sur9pj xkrqix3 x1fey0fg xo1l8bm\" tabindex=\"0\" role=\"link\" href=\"https:\/\/www.facebook.com\/FestivalPremiereMarche?__cft__[0]=AZUBlZPrtv4J3low9TePRV1U_27-RzgWF0AYwdpXJYFv0C_jq5-3ezhjG0K68igjb21BGaXdAfSSarorpAvr39ppOCwJ9OAdS48CNHtCTjNG7JZUGq0Jifq1DswdhjuNmrNLCiGoFhX6TVhi81oUcz3kGMahcHHhxoQvF58Mu651qcRS-f7OoavDEEnJMD73rjOgsHeuM7BCD0fHjXe0rOr8&amp;__tn__=-]K-R\"><span class=\"xt0psk2\">Festival 1\u00e8re Marche<\/span><\/a><\/span> de Troyes en mai 2024.<\/li>\n<\/ul>\n<p><strong>Musique :<\/strong> Mauss feat. Charlie<br \/>\n<strong>Com\u00e9dien.ne.s :<\/strong> Nicolas Mo\u00efsy, Alexandra Nicola\u00efdis<br \/>\n<strong>Danseuse :<\/strong> Marion Bonnavent<br \/>\n<strong>Direction artistique, r\u00e9alisation, prise de vue, montage :<\/strong> Jeanjean Films<br \/>\n<strong>Technique :<\/strong> <span class=\"html-span xdj266r x11i5rnm xat24cr x1mh8g0r xexx8yu x4uap5 x18d9i69 xkhd6sd x1hl2dhg x16tdsg8 x1vvkbs\"><span class=\"xt0psk2\">Jean Buffard,<\/span><\/span> <span class=\"html-span xdj266r x11i5rnm xat24cr x1mh8g0r xexx8yu x4uap5 x18d9i69 xkhd6sd x1hl2dhg x16tdsg8 x1vvkbs\"><span class=\"xt0psk2\">C\u00e9dric Dkd<\/span><\/span> et <span class=\"html-span xdj266r x11i5rnm xat24cr x1mh8g0r xexx8yu x4uap5 x18d9i69 xkhd6sd x1hl2dhg x16tdsg8 x1vvkbs\"><span class=\"xt0psk2\">Fatah Boudia<\/span><br \/>\n<\/span><strong>Remerciements :<\/strong> <span class=\"html-span xdj266r x11i5rnm xat24cr x1mh8g0r xexx8yu x4uap5 x18d9i69 xkhd6sd x1hl2dhg x16tdsg8 x1vvkbs\"><span class=\"xt0psk2\">MJC d&rsquo;Oullins<\/span><\/span><\/p>\n<p>&nbsp;<\/p>\n<\/div>\n\t\t<\/div><\/div><\/div><div id=\"pg-2303-2\"  class=\"panel-grid panel-no-style\" ><div id=\"pgc-2303-2-0\"  class=\"panel-grid-cell\" ><div id=\"panel-2303-2-0-0\" class=\"so-panel widget widget_themegrill_flash_heading tg-widget section-title-wrapper panel-first-child panel-last-child\" data-index=\"2\" >\t<h3 class=\"section-title\">Clip<\/h3>\n<\/div><\/div><\/div><div id=\"pg-2303-3\"  class=\"panel-grid panel-no-style\" ><div id=\"pgc-2303-3-0\"  class=\"panel-grid-cell\" ><div id=\"panel-2303-3-0-0\" class=\"so-panel widget widget_media_video panel-first-child panel-last-child\" data-index=\"3\" ><div style=\"width:100%;\" class=\"wp-video\"><video class=\"wp-video-shortcode\" id=\"video-2303-1\" preload=\"metadata\" controls=\"controls\"><source type=\"video\/youtube\" src=\"https:\/\/youtu.be\/pREngXdHPNQ?_=1\" \/><a href=\"https:\/\/youtu.be\/pREngXdHPNQ\">https:\/\/youtu.be\/pREngXdHPNQ<\/a><\/video><\/div><\/div><\/div><\/div><\/div>","protected":false},"excerpt":{"rendered":"<p>\u00ab\u00a0Mille escaliers\u00a0\u00bb est un clip r\u00e9alis\u00e9 pour le groupe de musique Mauss, emmen\u00e9 par son leader Fabrice Mauss. \u00ab\u00a0Mille escaliers\u00a0\u00bb [&hellip;]<\/p>\n","protected":false},"author":1,"featured_media":0,"parent":2228,"menu_order":0,"comment_status":"closed","ping_status":"closed","template":"","meta":{"_monsterinsights_skip_tracking":false,"_monsterinsights_sitenote_active":false,"_monsterinsights_sitenote_note":"","_monsterinsights_sitenote_category":0,"footnotes":""},"class_list":["post-2303","page","type-page","status-publish","hentry"],"_links":{"self":[{"href":"https:\/\/jeanjeanfilms.fr\/index.php\/wp-json\/wp\/v2\/pages\/2303","targetHints":{"allow":["GET"]}}],"collection":[{"href":"https:\/\/jeanjeanfilms.fr\/index.php\/wp-json\/wp\/v2\/pages"}],"about":[{"href":"https:\/\/jeanjeanfilms.fr\/index.php\/wp-json\/wp\/v2\/types\/page"}],"author":[{"embeddable":true,"href":"https:\/\/jeanjeanfilms.fr\/index.php\/wp-json\/wp\/v2\/users\/1"}],"replies":[{"embeddable":true,"href":"https:\/\/jeanjeanfilms.fr\/index.php\/wp-json\/wp\/v2\/comments?post=2303"}],"version-history":[{"count":10,"href":"https:\/\/jeanjeanfilms.fr\/index.php\/wp-json\/wp\/v2\/pages\/2303\/revisions"}],"predecessor-version":[{"id":2562,"href":"https:\/\/jeanjeanfilms.fr\/index.php\/wp-json\/wp\/v2\/pages\/2303\/revisions\/2562"}],"up":[{"embeddable":true,"href":"https:\/\/jeanjeanfilms.fr\/index.php\/wp-json\/wp\/v2\/pages\/2228"}],"wp:attachment":[{"href":"https:\/\/jeanjeanfilms.fr\/index.php\/wp-json\/wp\/v2\/media?parent=2303"}],"curies":[{"name":"wp","href":"https:\/\/api.w.org\/{rel}","templated":true}]}}