{"id":2436,"date":"2023-11-24T09:33:22","date_gmt":"2023-11-24T08:33:22","guid":{"rendered":"https:\/\/jeanjeanfilms.fr\/?page_id=2436"},"modified":"2023-11-24T10:16:12","modified_gmt":"2023-11-24T09:16:12","slug":"irresponsables-2023","status":"publish","type":"page","link":"https:\/\/jeanjeanfilms.fr\/index.php\/clips\/irresponsables-2023\/","title":{"rendered":"Irresponsables (2023)"},"content":{"rendered":"<div id=\"pl-2436\"  class=\"panel-layout\" ><div id=\"pg-2436-0\"  class=\"panel-grid panel-no-style\" ><div id=\"pgc-2436-0-0\"  class=\"panel-grid-cell\" ><div id=\"panel-2436-0-0-0\" class=\"so-panel widget widget_themegrill_flash_heading tg-widget section-title-wrapper panel-first-child panel-last-child\" data-index=\"0\" >\t<h3 class=\"section-title\">Mille escaliers : clip<\/h3>\n<\/div><\/div><\/div><div id=\"pg-2436-1\"  class=\"panel-grid panel-no-style\" ><div id=\"pgc-2436-1-0\"  class=\"panel-grid-cell\" ><div id=\"panel-2436-1-0-0\" class=\"so-panel widget widget_text panel-first-child panel-last-child\" data-index=\"1\" >\t\t\t<div class=\"textwidget\"><p>\u00ab\u00a0Irresponsables\u00a0\u00bb est un clip r\u00e9alis\u00e9 pour les musiciens AJT et KickBass. \u00ab\u00a0Irresponsables\u00a0\u00bb est un titre de l&rsquo;<a href=\"https:\/\/music.apple.com\/fr\/album\/le-sens-du-vent\/1690388299\" target=\"_blank\" rel=\"noopener\">album \u00ab\u00a0Le sens du vent\u00a0\u00bb<\/a>.<br \/>\nLe clip raconte l&rsquo;histoire d&rsquo;une femme endormie qui d\u00e9ambule dans les rues de Lyon et qui peu \u00e0 peu va se r\u00e9veiller.<\/p>\n<p><strong>Musique :<\/strong> AJT et KickBass<br \/>\n<strong>Com\u00e9dienne :<\/strong> Maroussia Frolin<br \/>\n<strong>R\u00e9alisation, prise de vue, montage :<\/strong> Jeanjean Films<\/p>\n<p>&nbsp;<\/p>\n<\/div>\n\t\t<\/div><\/div><\/div><div id=\"pg-2436-2\"  class=\"panel-grid panel-no-style\" ><div id=\"pgc-2436-2-0\"  class=\"panel-grid-cell\" ><div id=\"panel-2436-2-0-0\" class=\"so-panel widget widget_themegrill_flash_heading tg-widget section-title-wrapper panel-first-child panel-last-child\" data-index=\"2\" >\t<h3 class=\"section-title\">Clip<\/h3>\n<\/div><\/div><\/div><div id=\"pg-2436-3\"  class=\"panel-grid panel-no-style\" ><div id=\"pgc-2436-3-0\"  class=\"panel-grid-cell\" ><div id=\"panel-2436-3-0-0\" class=\"so-panel widget widget_media_video panel-first-child panel-last-child\" data-index=\"3\" ><div style=\"width:100%;\" class=\"wp-video\"><video class=\"wp-video-shortcode\" id=\"video-2436-1\" preload=\"metadata\" controls=\"controls\"><source type=\"video\/youtube\" src=\"https:\/\/youtu.be\/f3RvVCUrOKo?_=1\" \/><a href=\"https:\/\/youtu.be\/f3RvVCUrOKo\">https:\/\/youtu.be\/f3RvVCUrOKo<\/a><\/video><\/div><\/div><\/div><\/div><\/div>","protected":false},"excerpt":{"rendered":"<p>\u00ab\u00a0Irresponsables\u00a0\u00bb est un clip r\u00e9alis\u00e9 pour les musiciens AJT et KickBass. \u00ab\u00a0Irresponsables\u00a0\u00bb est un titre de l&rsquo;album \u00ab\u00a0Le sens du [&hellip;]<\/p>\n","protected":false},"author":1,"featured_media":0,"parent":2228,"menu_order":0,"comment_status":"closed","ping_status":"closed","template":"","meta":{"_monsterinsights_skip_tracking":false,"_monsterinsights_sitenote_active":false,"_monsterinsights_sitenote_note":"","_monsterinsights_sitenote_category":0,"footnotes":""},"class_list":["post-2436","page","type-page","status-publish","hentry"],"_links":{"self":[{"href":"https:\/\/jeanjeanfilms.fr\/index.php\/wp-json\/wp\/v2\/pages\/2436","targetHints":{"allow":["GET"]}}],"collection":[{"href":"https:\/\/jeanjeanfilms.fr\/index.php\/wp-json\/wp\/v2\/pages"}],"about":[{"href":"https:\/\/jeanjeanfilms.fr\/index.php\/wp-json\/wp\/v2\/types\/page"}],"author":[{"embeddable":true,"href":"https:\/\/jeanjeanfilms.fr\/index.php\/wp-json\/wp\/v2\/users\/1"}],"replies":[{"embeddable":true,"href":"https:\/\/jeanjeanfilms.fr\/index.php\/wp-json\/wp\/v2\/comments?post=2436"}],"version-history":[{"count":7,"href":"https:\/\/jeanjeanfilms.fr\/index.php\/wp-json\/wp\/v2\/pages\/2436\/revisions"}],"predecessor-version":[{"id":2450,"href":"https:\/\/jeanjeanfilms.fr\/index.php\/wp-json\/wp\/v2\/pages\/2436\/revisions\/2450"}],"up":[{"embeddable":true,"href":"https:\/\/jeanjeanfilms.fr\/index.php\/wp-json\/wp\/v2\/pages\/2228"}],"wp:attachment":[{"href":"https:\/\/jeanjeanfilms.fr\/index.php\/wp-json\/wp\/v2\/media?parent=2436"}],"curies":[{"name":"wp","href":"https:\/\/api.w.org\/{rel}","templated":true}]}}