{"id":2569,"date":"2024-07-14T23:40:47","date_gmt":"2024-07-14T21:40:47","guid":{"rendered":"https:\/\/jeanjeanfilms.fr\/?page_id=2569"},"modified":"2024-07-14T23:40:47","modified_gmt":"2024-07-14T21:40:47","slug":"projet-h-2024","status":"publish","type":"page","link":"https:\/\/jeanjeanfilms.fr\/index.php\/captations-teasers\/projet-h-2024\/","title":{"rendered":"Projet H (2024)"},"content":{"rendered":"<div id=\"pl-2569\"  class=\"panel-layout\" ><div id=\"pg-2569-0\"  class=\"panel-grid panel-no-style\" ><div id=\"pgc-2569-0-0\"  class=\"panel-grid-cell\" ><div id=\"panel-2569-0-0-0\" class=\"so-panel widget widget_themegrill_flash_heading tg-widget section-title-wrapper panel-first-child panel-last-child\" data-index=\"0\" >\t<h3 class=\"section-title\">Projet H : captation et teaser<\/h3>\n<\/div><\/div><\/div><div id=\"pg-2569-1\"  class=\"panel-grid panel-no-style\" ><div id=\"pgc-2569-1-0\"  class=\"panel-grid-cell\" ><div id=\"panel-2569-1-0-0\" class=\"so-panel widget widget_text panel-first-child panel-last-child\" data-index=\"1\" >\t\t\t<div class=\"textwidget\"><p>Captation r\u00e9alis\u00e9e en mai 2024 au centre culturel le Rize \u00e0 Villeurbanne.<\/p>\n<p><em>Projet H, manuel de combat<\/em>\u00a0est une pi\u00e8ce de th\u00e9\u00e2tre de la compagnie Le Lien Th\u00e9\u00e2tre.<\/p>\n<p>En savoir + : voir leur <a href=\"https:\/\/www.lelientheatre.com\/theatre-et-societe\/projet-h-manuel-de-combat\/\" target=\"_blank\" rel=\"noopener\">site internet<\/a><\/p>\n<\/div>\n\t\t<\/div><\/div><\/div><div id=\"pg-2569-2\"  class=\"panel-grid panel-no-style\" ><div id=\"pgc-2569-2-0\"  class=\"panel-grid-cell\" ><div id=\"panel-2569-2-0-0\" class=\"so-panel widget widget_text panel-first-child panel-last-child\" data-index=\"2\" >\t\t\t<div class=\"textwidget\"><p>&nbsp;<\/p>\n<\/div>\n\t\t<\/div><\/div><\/div><div id=\"pg-2569-3\"  class=\"panel-grid panel-no-style\" ><div id=\"pgc-2569-3-0\"  class=\"panel-grid-cell\" ><div id=\"panel-2569-3-0-0\" class=\"so-panel widget widget_themegrill_flash_heading tg-widget section-title-wrapper panel-first-child panel-last-child\" data-index=\"3\" >\t<h3 class=\"section-title\">Teaser<\/h3>\n<\/div><\/div><\/div><div id=\"pg-2569-4\"  class=\"panel-grid panel-no-style\" ><div id=\"pgc-2569-4-0\"  class=\"panel-grid-cell\" ><div id=\"panel-2569-4-0-0\" class=\"so-panel widget widget_media_video panel-first-child panel-last-child\" data-index=\"4\" ><div style=\"width:100%;\" class=\"wp-video\"><video class=\"wp-video-shortcode\" id=\"video-2569-1\" preload=\"metadata\" controls=\"controls\"><source type=\"video\/youtube\" src=\"https:\/\/youtu.be\/v3u0QEsFMDQ?_=1\" \/><a href=\"https:\/\/youtu.be\/v3u0QEsFMDQ\">https:\/\/youtu.be\/v3u0QEsFMDQ<\/a><\/video><\/div><\/div><\/div><\/div><div id=\"pg-2569-5\"  class=\"panel-grid panel-no-style\" ><div id=\"pgc-2569-5-0\"  class=\"panel-grid-cell\" ><div id=\"panel-2569-5-0-0\" class=\"so-panel widget widget_text panel-first-child panel-last-child\" data-index=\"5\" >\t\t\t<div class=\"textwidget\"><p>&nbsp;<\/p>\n<\/div>\n\t\t<\/div><\/div><\/div><\/div>","protected":false},"excerpt":{"rendered":"<p>Captation r\u00e9alis\u00e9e en mai 2024 au centre culturel le Rize \u00e0 Villeurbanne. Projet H, manuel de combat\u00a0est une pi\u00e8ce de [&hellip;]<\/p>\n","protected":false},"author":1,"featured_media":0,"parent":1548,"menu_order":0,"comment_status":"closed","ping_status":"closed","template":"","meta":{"_monsterinsights_skip_tracking":false,"_monsterinsights_sitenote_active":false,"_monsterinsights_sitenote_note":"","_monsterinsights_sitenote_category":0,"footnotes":""},"class_list":["post-2569","page","type-page","status-publish","hentry"],"_links":{"self":[{"href":"https:\/\/jeanjeanfilms.fr\/index.php\/wp-json\/wp\/v2\/pages\/2569","targetHints":{"allow":["GET"]}}],"collection":[{"href":"https:\/\/jeanjeanfilms.fr\/index.php\/wp-json\/wp\/v2\/pages"}],"about":[{"href":"https:\/\/jeanjeanfilms.fr\/index.php\/wp-json\/wp\/v2\/types\/page"}],"author":[{"embeddable":true,"href":"https:\/\/jeanjeanfilms.fr\/index.php\/wp-json\/wp\/v2\/users\/1"}],"replies":[{"embeddable":true,"href":"https:\/\/jeanjeanfilms.fr\/index.php\/wp-json\/wp\/v2\/comments?post=2569"}],"version-history":[{"count":1,"href":"https:\/\/jeanjeanfilms.fr\/index.php\/wp-json\/wp\/v2\/pages\/2569\/revisions"}],"predecessor-version":[{"id":2570,"href":"https:\/\/jeanjeanfilms.fr\/index.php\/wp-json\/wp\/v2\/pages\/2569\/revisions\/2570"}],"up":[{"embeddable":true,"href":"https:\/\/jeanjeanfilms.fr\/index.php\/wp-json\/wp\/v2\/pages\/1548"}],"wp:attachment":[{"href":"https:\/\/jeanjeanfilms.fr\/index.php\/wp-json\/wp\/v2\/media?parent=2569"}],"curies":[{"name":"wp","href":"https:\/\/api.w.org\/{rel}","templated":true}]}}