{"id":584,"date":"2017-01-02T08:28:52","date_gmt":"2017-01-02T08:28:52","guid":{"rendered":"https:\/\/demo.themegrill.com\/flash-default-2\/?page_id=5"},"modified":"2023-12-01T11:09:18","modified_gmt":"2023-12-01T10:09:18","slug":"home","status":"publish","type":"page","link":"https:\/\/jeanjeanfilms.fr\/","title":{"rendered":"Accueil"},"content":{"rendered":"<div id=\"pl-584\"  class=\"panel-layout\" ><div id=\"pg-584-0\"  class=\"panel-grid panel-has-style\" ><div class=\"siteorigin-panels-stretch panel-row-style panel-row-style-for-584-0\" data-stretch-type=\"full-stretched\" ><div id=\"pgc-584-0-0\"  class=\"panel-grid-cell\" ><div id=\"panel-584-0-0-0\" class=\"so-panel widget widget_metaslider_widget panel-first-child panel-last-child\" data-index=\"0\" ><div id=\"metaslider-id-2475\" style=\"width: 100%;\" class=\"ml-slider-3-101-0 metaslider metaslider-flex metaslider-2475 ml-slider ms-theme-default nav-hidden\" role=\"region\" aria-label=\"Header\" data-height=\"700\" data-width=\"2500\">\n    <div id=\"metaslider_container_2475\">\n        <div id=\"metaslider_2475\">\n            <ul class='slides'>\n                <li style=\"display: block; width: 100%;\" class=\"slide-2476 ms-image \" aria-roledescription=\"slide\" data-date=\"2023-12-01 10:06:10\"><a href=\"https:\/\/jeanjeanfilms.fr\/index.php\/courts-metrages\/encore-un-matin-2024\/\" target=\"_self\" aria-label=\"View Slide Details\" class=\"metaslider_image_link\"><img fetchpriority=\"high\" decoding=\"async\" src=\"https:\/\/jeanjeanfilms.fr\/wp-content\/uploads\/2024\/07\/Banniere-accueil_siteweb_encore-un-matin.jpg\" height=\"700\" width=\"2500\" alt=\"banniere site web\" class=\"slider-2475 slide-2476 msDefaultImage\" title=\"Banni\u00e8re-accueil_siteweb_encore un matin\" \/><\/a><\/li>\n                <li style=\"display: none; width: 100%;\" class=\"slide-2595 ms-image \" aria-roledescription=\"slide\" data-date=\"2024-07-19 15:58:15\"><a href=\"https:\/\/jeanjeanfilms.fr\/index.php\/courts-metrages\/tetard-2-2024\/\" target=\"_self\" aria-label=\"View Slide Details\" class=\"metaslider_image_link\"><img decoding=\"async\" src=\"https:\/\/jeanjeanfilms.fr\/wp-content\/uploads\/2024\/07\/Banniere-tetard-2.jpg\" height=\"700\" width=\"2500\" alt=\"banniere tetard 2\" class=\"slider-2475 slide-2595 msDefaultImage\" title=\"Banni\u00e8re-tetard 2\" \/><\/a><\/li>\n                <li style=\"display: none; width: 100%;\" class=\"slide-2478 ms-image \" aria-roledescription=\"slide\" data-date=\"2023-12-01 10:06:10\"><a href=\"https:\/\/jeanjeanfilms.fr\/index.php\/courts-metrages\/cassoulet-plaisir-2022\/\" target=\"_self\" aria-label=\"View Slide Details\" class=\"metaslider_image_link\"><img decoding=\"async\" src=\"https:\/\/jeanjeanfilms.fr\/wp-content\/uploads\/2023\/11\/BANNIERE-CASSOULET-PLAISIR.jpg\" height=\"700\" width=\"2500\" alt=\"BANNIERE CASSOULET PLAISIR\" class=\"slider-2475 slide-2478 msDefaultImage\" title=\"BANNIERE CASSOULET PLAISIR\" \/><\/a><\/li>\n                <li style=\"display: none; width: 100%;\" class=\"slide-2479 ms-image \" aria-roledescription=\"slide\" data-date=\"2023-12-01 10:06:10\"><a href=\"http:\/\/jeanjeanfilms.fr\/index.php\/courts-metrages\/la-tranche-2017\/\" target=\"_self\" aria-label=\"View Slide Details\" class=\"metaslider_image_link\"><img loading=\"lazy\" decoding=\"async\" src=\"https:\/\/jeanjeanfilms.fr\/wp-content\/uploads\/2020\/01\/Banni\u00e8re-La_Tranche.jpg\" height=\"700\" width=\"2500\" alt=\"banniere la tranche\" class=\"slider-2475 slide-2479 msDefaultImage\" title=\"Banni\u00e8re-La_Tranche\" \/><\/a><\/li>\n                <li style=\"display: none; width: 100%;\" class=\"slide-2480 ms-image \" aria-roledescription=\"slide\" data-date=\"2023-12-01 10:06:10\"><a href=\"http:\/\/jeanjeanfilms.fr\/index.php\/courts-metrages\/lhomme-poule\/\" target=\"_self\" aria-label=\"View Slide Details\" class=\"metaslider_image_link\"><img loading=\"lazy\" decoding=\"async\" src=\"https:\/\/jeanjeanfilms.fr\/wp-content\/uploads\/2020\/01\/Banni\u00e8re-L_homme_poule.jpg\" height=\"700\" width=\"2500\" alt=\"banniere homme poule\" class=\"slider-2475 slide-2480 msDefaultImage\" title=\"Banni\u00e8re-L_homme_poule\" \/><\/a><\/li>\n            <\/ul>\n        <\/div>\n        \n    <\/div>\n<\/div><\/div><\/div><\/div><\/div><div id=\"pg-584-1\"  class=\"panel-grid panel-has-style\" ><div class=\"panel-row-style panel-row-style-for-584-1\" ><div id=\"pgc-584-1-0\"  class=\"panel-grid-cell\" ><div id=\"panel-584-1-0-0\" class=\"so-panel widget widget_themegrill_flash_service tg-widget tg-single-service panel-first-child panel-last-child\" data-index=\"1\" >\n<div class=\"tg-service-widget tg-service-layout-1\">\n\t<div class=\"service-wrapper\">\n\t\t<div class=\"service-icon-title-wrapper clearfix\">\n\t\t\t\t\t\t<div class=\"service-icon-wrap\"><i class=\"fa fa-film\"><\/i><\/div>\n\t\t\t\t\t\t\t\t\t\t\t\t<h3 class=\"service-title-wrap\">\n\t\t\t\t\t\t\t\t<a href=\"http:\/\/jeanjeanfilms.fr\/index.php\/courts-metrages\/\">\n\t\t\t\tCOURTS-M\u00c9TRAGES\t\t\t\t\t\t\t\t<\/a>\n\t\t\t\t\t\t\t<\/h3>\n\t\t\t\t\t<\/div>\n\t\t\t\t<div class=\"service-content-wrap\">Jeanjean Films r\u00e9alise des courts-m\u00e9trages de fiction.<\/div>\n\t\t\t\t\t\t<a class=\"service-more\" href=\"http:\/\/jeanjeanfilms.fr\/index.php\/courts-metrages\/\">Voir les courts-m\u00e9trages<\/a>\n\t\t\t<\/div>\n<\/div>\n<\/div><\/div><div id=\"pgc-584-1-1\"  class=\"panel-grid-cell\" ><div id=\"panel-584-1-1-0\" class=\"so-panel widget widget_themegrill_flash_service tg-widget tg-single-service panel-first-child panel-last-child\" data-index=\"2\" >\n<div class=\"tg-service-widget tg-service-layout-1\">\n\t<div class=\"service-wrapper\">\n\t\t<div class=\"service-icon-title-wrapper clearfix\">\n\t\t\t\t\t\t<div class=\"service-icon-wrap\"><i class=\"fa fa-video-camera\"><\/i><\/div>\n\t\t\t\t\t\t\t\t\t\t\t\t<h3 class=\"service-title-wrap\">\n\t\t\t\t\t\t\t\t<a href=\"http:\/\/jeanjeanfilms.fr\/index.php\/captations-teasers\/\">\n\t\t\t\tCAPTATIONS &amp; TEASERS\t\t\t\t\t\t\t\t<\/a>\n\t\t\t\t\t\t\t<\/h3>\n\t\t\t\t\t<\/div>\n\t\t\t\t<div class=\"service-content-wrap\">Jeanjean Films r\u00e9alise des captations de th\u00e9\u00e2tre et des teasers pour accompagner les compagnies dans la diffusion de leurs pi\u00e8ces<\/div>\n\t\t\t\t\t\t<a class=\"service-more\" href=\"http:\/\/jeanjeanfilms.fr\/index.php\/captations-teasers\/\">En savoir +<\/a>\n\t\t\t<\/div>\n<\/div>\n<\/div><\/div><div id=\"pgc-584-1-2\"  class=\"panel-grid-cell\" ><div id=\"panel-584-1-2-0\" class=\"so-panel widget widget_themegrill_flash_service tg-widget tg-single-service panel-first-child panel-last-child\" data-index=\"3\" >\n<div class=\"tg-service-widget tg-service-layout-1\">\n\t<div class=\"service-wrapper\">\n\t\t<div class=\"service-icon-title-wrapper clearfix\">\n\t\t\t\t\t\t<div class=\"service-icon-wrap\"><i class=\"fa fa-music\"><\/i><\/div>\n\t\t\t\t\t\t\t\t\t\t\t\t<h3 class=\"service-title-wrap\">\n\t\t\t\t\t\t\t\t<a href=\"http:\/\/jeanjeanfilms.fr\/index.php\/clips\/\">\n\t\t\t\tCLIPS\t\t\t\t\t\t\t\t<\/a>\n\t\t\t\t\t\t\t<\/h3>\n\t\t\t\t\t<\/div>\n\t\t\t\t<div class=\"service-content-wrap\">Jeanjean Films r\u00e9alise des clips musicaux en collaboration avec les artistes<\/div>\n\t\t\t\t\t\t<a class=\"service-more\" href=\"http:\/\/jeanjeanfilms.fr\/index.php\/clips\/\">Voir les clips<\/a>\n\t\t\t<\/div>\n<\/div>\n<\/div><\/div><\/div><\/div><div id=\"pg-584-2\"  class=\"panel-grid panel-has-style\" ><div class=\"siteorigin-panels-stretch panel-row-style panel-row-style-for-584-2\" data-stretch-type=\"full\" ><div id=\"pgc-584-2-0\"  class=\"panel-grid-cell\" ><div id=\"panel-584-2-0-0\" class=\"so-panel widget widget_themegrill_flash_heading tg-widget section-title-wrapper panel-first-child\" data-index=\"4\" >\t<h3 class=\"section-title\">ACTUALIT\u00c9S<\/h3>\n<\/div><div id=\"panel-584-2-0-1\" class=\"so-panel widget widget_themegrill_flash_blog tg-widget blog-section panel-last-child\" data-index=\"5\" >\n<div class=\"blog-wrapper tg-column-wrapper tg-blog-widget-layout-2\">\n\t\t<div class=\"tg-blog-widget tg-column-3\">\n\t\t\t\t<div class=\"post-image \">\n\t\t\t<figure><a href=\"https:\/\/jeanjeanfilms.fr\/index.php\/2025\/09\/26\/projection-encore-un-matin-projete-a-la-soiree-cine-sante-a-nice\/\" title=\"[Projection] \u00ab\u00a0Encore un matin\u00a0\u00bb projet\u00e9 \u00e0 la soir\u00e9e cin\u00e9 sant\u00e9 \u00e0 Nice\"><img loading=\"lazy\" decoding=\"async\" width=\"370\" height=\"270\" src=\"https:\/\/jeanjeanfilms.fr\/wp-content\/uploads\/2025\/09\/visuel_cine-sante-1-370x270.jpg\" class=\"attachment-flash-grid size-flash-grid wp-post-image\" alt=\"visuel soiree cine sante\" \/><\/a><\/figure>\t\t\t<span class=\"entry-date\">\n\t\t\t\t<i class=\"fa fa-clock-o\"><\/i><a href=\"https:\/\/jeanjeanfilms.fr\/index.php\/2025\/09\/26\/projection-encore-un-matin-projete-a-la-soiree-cine-sante-a-nice\/\" rel=\"bookmark\">26 septembre 2025<\/a>\n\t\t\t<\/span>\n\t\t\t\t\t<\/div>\n\t\t<div class=\"blog-content\">\n\t\t\t<h3 class=\"entry-title\"><a href=\"https:\/\/jeanjeanfilms.fr\/index.php\/2025\/09\/26\/projection-encore-un-matin-projete-a-la-soiree-cine-sante-a-nice\/\">[Projection] \u00ab\u00a0Encore un matin\u00a0\u00bb projet\u00e9 \u00e0 la soir\u00e9e cin\u00e9 sant\u00e9 \u00e0 Nice<\/a><\/h3>\n\t\t\t\t\t\t<div class=\"entry-summary\">\n\t\t\t\t<p>Notre court-m\u00e9trage \u00ab\u00a0Encore un matin\u00a0\u00bb sera projet\u00e9 \u00e0 Nice le 7 octobre 2025 lors d&rsquo;une soir\u00e9e cin\u00e9 sant\u00e9. La soir\u00e9e [&hellip;]<\/p>\n\t\t\t<\/div>\n\t\t\t\t\t\t<div class=\"read-more-container\">\n\t\t\t\t<span class=\"entry-author\">\n\t\t\t\t\t<i class=\"fa fa-user\"><\/i><a class=\"url fn n\" href=\"https:\/\/jeanjeanfilms.fr\/index.php\/author\/admin7750\/\">Jeanjean Films<\/a>\n\t\t\t\t<\/span>\n\t\t\t\t<div class=\"read-more\">\n\t\t\t\t\t<a href=\"https:\/\/jeanjeanfilms.fr\/index.php\/2025\/09\/26\/projection-encore-un-matin-projete-a-la-soiree-cine-sante-a-nice\/\">Read More<\/a>\n\t\t\t\t<\/div>\n\t\t\t<\/div>\n\t\t\t\t\t<\/div>\n\t<\/div>\n\t\t<div class=\"tg-blog-widget tg-column-3\">\n\t\t\t\t<div class=\"post-image \">\n\t\t\t<figure><a href=\"https:\/\/jeanjeanfilms.fr\/index.php\/2025\/09\/01\/festival-encore-un-matin-selectionne-au-festival-armoricourt\/\" title=\"[Festival] \u00ab\u00a0Encore un matin\u00a0\u00bb s\u00e9lectionn\u00e9 au festival Armoricourt\"><img loading=\"lazy\" decoding=\"async\" width=\"370\" height=\"270\" src=\"https:\/\/jeanjeanfilms.fr\/wp-content\/uploads\/2025\/09\/visuel_armoricourt-370x270.jpg\" class=\"attachment-flash-grid size-flash-grid wp-post-image\" alt=\"selection armoricourt\" \/><\/a><\/figure>\t\t\t<span class=\"entry-date\">\n\t\t\t\t<i class=\"fa fa-clock-o\"><\/i><a href=\"https:\/\/jeanjeanfilms.fr\/index.php\/2025\/09\/01\/festival-encore-un-matin-selectionne-au-festival-armoricourt\/\" rel=\"bookmark\">1 septembre 2025<\/a>\n\t\t\t<\/span>\n\t\t\t\t\t<\/div>\n\t\t<div class=\"blog-content\">\n\t\t\t<h3 class=\"entry-title\"><a href=\"https:\/\/jeanjeanfilms.fr\/index.php\/2025\/09\/01\/festival-encore-un-matin-selectionne-au-festival-armoricourt\/\">[Festival] \u00ab\u00a0Encore un matin\u00a0\u00bb s\u00e9lectionn\u00e9 au festival Armoricourt<\/a><\/h3>\n\t\t\t\t\t\t<div class=\"entry-summary\">\n\t\t\t\t<p>Notre film \u00ab\u00a0Encore un matin\u00a0\u00bb a \u00e9t\u00e9 s\u00e9lectionn\u00e9 au Festival Armoricourt. Il sera projet\u00e9 le 15 novembre 2025 dans les [&hellip;]<\/p>\n\t\t\t<\/div>\n\t\t\t\t\t\t<div class=\"read-more-container\">\n\t\t\t\t<span class=\"entry-author\">\n\t\t\t\t\t<i class=\"fa fa-user\"><\/i><a class=\"url fn n\" href=\"https:\/\/jeanjeanfilms.fr\/index.php\/author\/admin7750\/\">Jeanjean Films<\/a>\n\t\t\t\t<\/span>\n\t\t\t\t<div class=\"read-more\">\n\t\t\t\t\t<a href=\"https:\/\/jeanjeanfilms.fr\/index.php\/2025\/09\/01\/festival-encore-un-matin-selectionne-au-festival-armoricourt\/\">Read More<\/a>\n\t\t\t\t<\/div>\n\t\t\t<\/div>\n\t\t\t\t\t<\/div>\n\t<\/div>\n\t\t<div class=\"tg-blog-widget tg-column-3\">\n\t\t\t\t<div class=\"post-image \">\n\t\t\t<figure><a href=\"https:\/\/jeanjeanfilms.fr\/index.php\/2025\/01\/07\/label-encore-un-matin-labellise-short-film-market-picks\/\" title=\"[Label] \u00ab\u00a0Encore un matin\u00a0\u00bb labellis\u00e9 Short Film Market Picks\"><img loading=\"lazy\" decoding=\"async\" width=\"370\" height=\"270\" src=\"https:\/\/jeanjeanfilms.fr\/wp-content\/uploads\/2025\/01\/visuel_shortfilmmarketpicks-370x270.jpg\" class=\"attachment-flash-grid size-flash-grid wp-post-image\" alt=\"banniere short film market picks encore un matin\" \/><\/a><\/figure>\t\t\t<span class=\"entry-date\">\n\t\t\t\t<i class=\"fa fa-clock-o\"><\/i><a href=\"https:\/\/jeanjeanfilms.fr\/index.php\/2025\/01\/07\/label-encore-un-matin-labellise-short-film-market-picks\/\" rel=\"bookmark\">7 janvier 2025<\/a>\n\t\t\t<\/span>\n\t\t\t\t\t<\/div>\n\t\t<div class=\"blog-content\">\n\t\t\t<h3 class=\"entry-title\"><a href=\"https:\/\/jeanjeanfilms.fr\/index.php\/2025\/01\/07\/label-encore-un-matin-labellise-short-film-market-picks\/\">[Label] \u00ab\u00a0Encore un matin\u00a0\u00bb labellis\u00e9 Short Film Market Picks<\/a><\/h3>\n\t\t\t\t\t\t<div class=\"entry-summary\">\n\t\t\t\t<p>\ud83c\udf1f L&rsquo;ann\u00e9e 2025 d\u00e9marre avec une excellente nouvelle pour notre court-m\u00e9trage \u00ab\u00a0Encore un matin\u00a0\u00bb : il a \u00e9t\u00e9 labellis\u00e9 \u00ab\u00a0Short [&hellip;]<\/p>\n\t\t\t<\/div>\n\t\t\t\t\t\t<div class=\"read-more-container\">\n\t\t\t\t<span class=\"entry-author\">\n\t\t\t\t\t<i class=\"fa fa-user\"><\/i><a class=\"url fn n\" href=\"https:\/\/jeanjeanfilms.fr\/index.php\/author\/admin7750\/\">Jeanjean Films<\/a>\n\t\t\t\t<\/span>\n\t\t\t\t<div class=\"read-more\">\n\t\t\t\t\t<a href=\"https:\/\/jeanjeanfilms.fr\/index.php\/2025\/01\/07\/label-encore-un-matin-labellise-short-film-market-picks\/\">Read More<\/a>\n\t\t\t\t<\/div>\n\t\t\t<\/div>\n\t\t\t\t\t<\/div>\n\t<\/div>\n\t<\/div><!-- .blog-wrapper -->\n<\/div><\/div><\/div><\/div><div id=\"pg-584-3\"  class=\"panel-grid panel-has-style\" ><div class=\"so-parallax siteorigin-panels-stretch panel-row-style panel-row-style-for-584-3\" data-stretch-type=\"full\" ><img decoding=\"async\" width=\"1920\" height=\"338\" src=\"https:\/\/jeanjeanfilms.fr\/wp-content\/uploads\/2017\/01\/fun-facts-bg.jpg\" class=\"attachment-full size-full\" alt=\"\" data-siteorigin-parallax=\"true\" loading=\"eager\" srcset=\"https:\/\/jeanjeanfilms.fr\/wp-content\/uploads\/2017\/01\/fun-facts-bg.jpg 1920w, https:\/\/jeanjeanfilms.fr\/wp-content\/uploads\/2017\/01\/fun-facts-bg-300x53.jpg 300w, https:\/\/jeanjeanfilms.fr\/wp-content\/uploads\/2017\/01\/fun-facts-bg-768x135.jpg 768w, https:\/\/jeanjeanfilms.fr\/wp-content\/uploads\/2017\/01\/fun-facts-bg-1024x180.jpg 1024w, https:\/\/jeanjeanfilms.fr\/wp-content\/uploads\/2017\/01\/fun-facts-bg-600x106.jpg 600w\" sizes=\"(max-width: 1920px) 100vw, 1920px\" \/><div id=\"pgc-584-3-0\"  class=\"panel-grid-cell\" ><div id=\"panel-584-3-0-0\" class=\"so-panel widget widget_themegrill_flash_counter tg-widget tg-single-counter panel-first-child panel-last-child\" data-index=\"6\" ><div class=\"fun-facts-section\">\n\t<div class=\"tg-fun-facts-widget tg-fun-facts-layout-1\">\n\t\t<div class=\"fun-facts-wrapper\">\n\t\t\t\t\t\t<span class=\"fun-facts-icon-wrap\"><i class=\"fa fa-film\"><\/i><\/span>\n\t\t\t\t\t\t\t\t\t<span class=\"counter-wrapper\"><span class=\"counter\">15<\/span><i class=\"fa fa-plus\"><\/i><\/span>\n\t\t\t\t\t\t\t\t\t<h3 class=\"fun-facts-title-wrap\">Courts-m\u00e9trages<\/h3>\n\t\t\t\t\t<\/div>\n\t<\/div>\n<\/div>\n<\/div><\/div><div id=\"pgc-584-3-1\"  class=\"panel-grid-cell\" ><div id=\"panel-584-3-1-0\" class=\"so-panel widget widget_themegrill_flash_counter tg-widget tg-single-counter panel-first-child panel-last-child\" data-index=\"7\" ><div class=\"fun-facts-section\">\n\t<div class=\"tg-fun-facts-widget tg-fun-facts-layout-1\">\n\t\t<div class=\"fun-facts-wrapper\">\n\t\t\t\t\t\t<span class=\"fun-facts-icon-wrap\"><i class=\"fa fa-trophy\"><\/i><\/span>\n\t\t\t\t\t\t\t\t\t<span class=\"counter-wrapper\"><span class=\"counter\">13<\/span><i class=\"fa fa-plus\"><\/i><\/span>\n\t\t\t\t\t\t\t\t\t<h3 class=\"fun-facts-title-wrap\">R\u00e9compenses<\/h3>\n\t\t\t\t\t<\/div>\n\t<\/div>\n<\/div>\n<\/div><\/div><div id=\"pgc-584-3-2\"  class=\"panel-grid-cell\" ><div id=\"panel-584-3-2-0\" class=\"so-panel widget widget_themegrill_flash_counter tg-widget tg-single-counter panel-first-child panel-last-child\" data-index=\"8\" ><div class=\"fun-facts-section\">\n\t<div class=\"tg-fun-facts-widget tg-fun-facts-layout-1\">\n\t\t<div class=\"fun-facts-wrapper\">\n\t\t\t\t\t\t<span class=\"fun-facts-icon-wrap\"><i class=\"fa fa-video-camera\"><\/i><\/span>\n\t\t\t\t\t\t\t\t\t<span class=\"counter-wrapper\"><span class=\"counter\">19<\/span><i class=\"fa fa-plus\"><\/i><\/span>\n\t\t\t\t\t\t\t\t\t<h3 class=\"fun-facts-title-wrap\">Captations et teasers de th\u00e9\u00e2tre<\/h3>\n\t\t\t\t\t<\/div>\n\t<\/div>\n<\/div>\n<\/div><\/div><\/div><\/div><div id=\"pg-584-4\"  class=\"panel-grid panel-has-style\" ><div class=\"siteorigin-panels-stretch panel-row-style panel-row-style-for-584-4\" data-stretch-type=\"full\" ><div id=\"pgc-584-4-0\"  class=\"panel-grid-cell\" ><div id=\"panel-584-4-0-0\" class=\"so-panel widget widget_themegrill_flash_cta tg-widget call-to-action-section panel-first-child panel-last-child\" data-index=\"9\" ><div class=\"panel-widget-style panel-widget-style-for-584-4-0-0\" ><div class=\"cta-wrapper call-to-action-section-layout-1\">\n\t<div class=\"section-title-wrapper\">\n\t\t\t\t<h3 class=\"section-title\">SUIVEZ L&#039;ACTUALIT\u00c9 DE JEANJEAN FILMS<\/h3>\n\t\t\t<\/div>\n\t\t<div class=\"btn-wrapper\">\n\t\t\t\t<a class=\"btn\" href=\"https:\/\/www.facebook.com\/JeanjeanFilms\/\">sur Facebook<\/a>\n\t\t\t\t\t<\/div>\n\t<\/div>\n<\/div><\/div><\/div><\/div><\/div><\/div>","protected":false},"excerpt":{"rendered":"","protected":false},"author":1,"featured_media":0,"parent":0,"menu_order":0,"comment_status":"closed","ping_status":"closed","template":"page-templates\/pagebuilder.php","meta":{"_monsterinsights_skip_tracking":false,"_monsterinsights_sitenote_active":false,"_monsterinsights_sitenote_note":"","_monsterinsights_sitenote_category":0,"footnotes":""},"class_list":["post-584","page","type-page","status-publish","hentry"],"_links":{"self":[{"href":"https:\/\/jeanjeanfilms.fr\/index.php\/wp-json\/wp\/v2\/pages\/584","targetHints":{"allow":["GET"]}}],"collection":[{"href":"https:\/\/jeanjeanfilms.fr\/index.php\/wp-json\/wp\/v2\/pages"}],"about":[{"href":"https:\/\/jeanjeanfilms.fr\/index.php\/wp-json\/wp\/v2\/types\/page"}],"author":[{"embeddable":true,"href":"https:\/\/jeanjeanfilms.fr\/index.php\/wp-json\/wp\/v2\/users\/1"}],"replies":[{"embeddable":true,"href":"https:\/\/jeanjeanfilms.fr\/index.php\/wp-json\/wp\/v2\/comments?post=584"}],"version-history":[{"count":98,"href":"https:\/\/jeanjeanfilms.fr\/index.php\/wp-json\/wp\/v2\/pages\/584\/revisions"}],"predecessor-version":[{"id":2516,"href":"https:\/\/jeanjeanfilms.fr\/index.php\/wp-json\/wp\/v2\/pages\/584\/revisions\/2516"}],"wp:attachment":[{"href":"https:\/\/jeanjeanfilms.fr\/index.php\/wp-json\/wp\/v2\/media?parent=584"}],"curies":[{"name":"wp","href":"https:\/\/api.w.org\/{rel}","templated":true}]}}