{"id":732,"date":"2020-01-09T11:03:00","date_gmt":"2020-01-09T10:03:00","guid":{"rendered":"http:\/\/jeanjeanfilms.fr\/?page_id=732"},"modified":"2023-05-26T14:44:13","modified_gmt":"2023-05-26T12:44:13","slug":"lhomme-poule","status":"publish","type":"page","link":"https:\/\/jeanjeanfilms.fr\/index.php\/courts-metrages\/lhomme-poule\/","title":{"rendered":"L&rsquo;homme poule (2019)"},"content":{"rendered":"<div id=\"pl-732\"  class=\"panel-layout\" ><div id=\"pg-732-0\"  class=\"panel-grid panel-no-style\" ><div id=\"pgc-732-0-0\"  class=\"panel-grid-cell\" ><div id=\"panel-732-0-0-0\" class=\"so-panel widget widget_themegrill_flash_heading tg-widget section-title-wrapper panel-first-child panel-last-child\" data-index=\"0\" >\t<h3 class=\"section-title\">L&#039;homme poule : synopsis<\/h3>\n<\/div><\/div><\/div><div id=\"pg-732-1\"  class=\"panel-grid panel-no-style\" ><div id=\"pgc-732-1-0\"  class=\"panel-grid-cell\" ><div id=\"panel-732-1-0-0\" class=\"so-panel widget widget_themegrill_flash_image tg-widget tg-image-widget panel-first-child panel-last-child\" data-index=\"1\" >\t<img decoding=\"async\" src=\"http:\/\/jeanjeanfilms.fr\/wp-content\/uploads\/2020\/01\/affiche_hommepoule.jpg\" \/>\n<\/div><\/div><div id=\"pgc-732-1-1\"  class=\"panel-grid-cell\" ><div id=\"panel-732-1-1-0\" class=\"so-panel widget widget_siteorigin-panels-builder panel-first-child panel-last-child\" data-index=\"2\" ><div id=\"pl-w5e3177ff494db\"  class=\"panel-layout\" ><div id=\"pg-w5e3177ff494db-0\"  class=\"panel-grid panel-no-style\" ><div id=\"pgc-w5e3177ff494db-0-0\"  class=\"panel-grid-cell\" ><div id=\"panel-w5e3177ff494db-0-0-0\" class=\"so-panel widget widget_text panel-first-child panel-last-child\" data-index=\"0\" >\t\t\t<div class=\"textwidget\"><p><em><strong>A la suite d\u2019un incident dans l\u2019abattoir o\u00f9 il travaillait, Jean est boulevers\u00e9 et a d\u00e9sormais l\u2019intime conviction qu&rsquo;il fait partie du monde des poules. Il m\u00e8ne alors une vie de plus en plus marginale.<\/strong><\/em><\/p>\n<p>Dans son d\u00e9sir intense de changer d\u2019\u00e9tat, il se construit m\u00e9thodiquement un costume de volaille. A cette fin, il s\u2019introduit par effraction dans le domicile d\u2019une femme pour voler ses bas. Jean est arr\u00eat\u00e9 puis intern\u00e9 dans un h\u00f4pital psychiatrique o\u00f9 il re\u00e7oit la visite de sa s\u0153ur. Cette derni\u00e8re s\u2019aper\u00e7oit que son fr\u00e8re ne pourra vivre \u00e9panoui en reniant l\u2019id\u00e9e qu\u2019il s\u2019est fait de lui-m\u00eame. Elle d\u00e9cide alors de l\u2019aider \u00e0 s\u2019\u00e9vader afin qu\u2019il puisse mener son projet \u00e0 terme sans entrave.<\/p>\n<\/div>\n\t\t<\/div><\/div><\/div><\/div><\/div><\/div><\/div><div id=\"pg-732-2\"  class=\"panel-grid panel-no-style\" ><div id=\"pgc-732-2-0\"  class=\"panel-grid-cell\" ><div id=\"panel-732-2-0-0\" class=\"so-panel widget widget_text panel-first-child panel-last-child\" data-index=\"3\" >\t\t\t<div class=\"textwidget\"><p>&nbsp;<\/p>\n<\/div>\n\t\t<\/div><\/div><\/div><div id=\"pg-732-3\"  class=\"panel-grid panel-no-style\" ><div id=\"pgc-732-3-0\"  class=\"panel-grid-cell\" ><div id=\"panel-732-3-0-0\" class=\"so-panel widget widget_themegrill_flash_heading tg-widget section-title-wrapper panel-first-child\" data-index=\"4\" >\t<h3 class=\"section-title\">Court-m\u00e9trage<\/h3>\n<\/div><div id=\"panel-732-3-0-1\" class=\"so-panel widget widget_text panel-last-child\" data-index=\"5\" >\t\t\t<div class=\"textwidget\"><p><strong><em>L&rsquo;homme poule<\/em><\/strong> a \u00e9t\u00e9 <a href=\"http:\/\/jeanjeanfilms.fr\/index.php\/2020\/01\/13\/festivals-lhomme-poule-selectionne-dans-9-festivals\/\" target=\"_blank\" rel=\"noopener\">s\u00e9lectionn\u00e9 dans plusieurs festivals<\/a>. Il a \u00e9t\u00e9 r\u00e9compens\u00e9 du prix du public de l&rsquo;Aquarium cin\u00e9-caf\u00e9 \u00e0 Lyon, du prix du meilleur sc\u00e9nario original au\u00a0festival <a href=\"https:\/\/florencefilmawards.com\/\" target=\"_blank\" rel=\"noopener\">Florence Film Awards,<\/a> du prix du meilleur film dramatique au festival <a href=\"https:\/\/shorttothepoint.com\/\" target=\"_blank\" rel=\"noopener\">Short to the point<\/a>\u00a0et du prix \u00ab\u00a0Long short\u00a0\u00bb au Berlin flash film festival.<\/p>\n<\/div>\n\t\t<\/div><\/div><\/div><div id=\"pg-732-4\"  class=\"panel-grid panel-no-style\" ><div id=\"pgc-732-4-0\"  class=\"panel-grid-cell\" ><div id=\"panel-732-4-0-0\" class=\"widget_text so-panel widget widget_custom_html panel-first-child panel-last-child\" data-index=\"6\" ><div class=\"textwidget custom-html-widget\"><div style=\"padding:52.73% 0 0 0;position:relative;\"><iframe src=\"https:\/\/player.vimeo.com\/video\/368731586?title=0&byline=0&portrait=0\" style=\"position:absolute;top:0;left:0;width:100%;height:100%;\" frameborder=\"0\" allow=\"autoplay; fullscreen\" allowfullscreen><\/iframe><\/div><script src=\"https:\/\/player.vimeo.com\/api\/player.js\"><\/script><\/div><\/div><\/div><\/div><div id=\"pg-732-5\"  class=\"panel-grid panel-no-style\" ><div id=\"pgc-732-5-0\"  class=\"panel-grid-cell\" ><div id=\"panel-732-5-0-0\" class=\"so-panel widget widget_text panel-first-child panel-last-child\" data-index=\"7\" >\t\t\t<div class=\"textwidget\"><p>&nbsp;<\/p>\n<\/div>\n\t\t<\/div><\/div><\/div><div id=\"pg-732-6\"  class=\"panel-grid panel-no-style\" ><div id=\"pgc-732-6-0\"  class=\"panel-grid-cell\" ><div id=\"panel-732-6-0-0\" class=\"so-panel widget widget_themegrill_flash_heading tg-widget section-title-wrapper panel-first-child panel-last-child\" data-index=\"8\" >\t<h3 class=\"section-title\">L&#039;\u00e9quipe du film<\/h3>\n<\/div><\/div><\/div><div id=\"pg-732-7\"  class=\"panel-grid panel-no-style\" ><div id=\"pgc-732-7-0\"  class=\"panel-grid-cell\" ><div id=\"panel-732-7-0-0\" class=\"so-panel widget widget_text panel-first-child\" data-index=\"9\" ><h3 class=\"widget-title\">R\u00e9alisation<\/h3>\t\t\t<div class=\"textwidget\"><p><strong>Thiebault Gu\u00e9rin<br \/>\n<\/strong><\/p>\n<\/div>\n\t\t<\/div><div id=\"panel-732-7-0-1\" class=\"so-panel widget widget_text\" data-index=\"10\" ><h3 class=\"widget-title\">Sc\u00e9nario<\/h3>\t\t\t<div class=\"textwidget\"><p><strong>Thiebault Gu\u00e9rin<br \/>\n<\/strong>Aide sc\u00e9nario et dialogues : <strong>Lucas Blanes, Magali Gu\u00e9rin et Sarah Richardier<\/strong><\/p>\n<\/div>\n\t\t<\/div><div id=\"panel-732-7-0-2\" class=\"so-panel widget widget_text\" data-index=\"11\" ><h3 class=\"widget-title\">Acteurs et actrices<\/h3>\t\t\t<div class=\"textwidget\"><p>L&rsquo;homme poule :\u00a0<strong>Jean Lacroix<br \/>\n<\/strong>La s\u0153ur :\u00a0<strong>Meryl Mourey<br \/>\n<\/strong>La fille :\u00a0<strong>Maya G.<br \/>\n<\/strong>Le gar\u00e7on :\u00a0<strong>C\u00e9lyan G.<\/strong><strong><br \/>\n<\/strong>La m\u00e8re des enfants :\u00a0<strong>Maroussia Frolin<br \/>\n<\/strong>L&rsquo;infirmier :\u00a0<strong>Lo\u00efc Bonnet<br \/>\n<\/strong>Le sans abri :\u00a0<strong>Fatah Boudia<br \/>\n<\/strong>Le sans abri :\u00a0<strong>Victor Bratovic<br \/>\n<\/strong>La voisine :\u00a0<strong>Lysiane Cl\u00e9ment<br \/>\n<\/strong>L&rsquo;infirmi\u00e8re :\u00a0<strong>Cl\u00e9mentine Se\u00eft\u00e9<br \/>\n<\/strong>Le patient :\u00a0<strong>Gino Di Stefano<\/strong><\/p>\n<\/div>\n\t\t<\/div><div id=\"panel-732-7-0-3\" class=\"so-panel widget widget_text panel-last-child\" data-index=\"12\" ><h3 class=\"widget-title\">Musiques<\/h3>\t\t\t<div class=\"textwidget\"><p><strong>Benjamin Richardier<br \/>\nGr\u00e9goire Blanc<\/strong><\/p>\n<p>&nbsp;<\/p>\n<\/div>\n\t\t<\/div><\/div><div id=\"pgc-732-7-1\"  class=\"panel-grid-cell\" ><div id=\"panel-732-7-1-0\" class=\"so-panel widget widget_text panel-first-child panel-last-child\" data-index=\"13\" ><h3 class=\"widget-title\">\u00c9quipe technique<\/h3>\t\t\t<div class=\"textwidget\"><p>Directeur de la photographie : <strong>Christophe Persoz<\/strong><br \/>\nAssistant r\u00e9alisateur : <strong>Alexandre Giroux<br \/>\n<\/strong>1er assistant cam\u00e9ra :\u00a0<strong>Maxime Kieken<\/strong><br \/>\n2\u00e8me assistante cam\u00e9ra :\u00a0<strong>C\u00e9lia Longcourty<\/strong><br \/>\nChefs \u00e9lectriciens :\u00a0<strong>Etienne Mordier<\/strong> et\u00a0<strong>Ivan Ghez-Enjoubert<\/strong><br \/>\n\u00c9lectricienne :\u00a0<strong>Laura Perrotto\u00a0<\/strong><br \/>\n\u00c9lectricien :\u00a0<strong>Cl\u00e9ment Delhommais<\/strong><br \/>\nMachiniste :\u00a0<strong>Laurie Copeaux<\/strong><br \/>\nIng\u00e9nieurs son :\u00a0<strong>Loris Gainsborough<\/strong> et <strong>Pierre Chamming&rsquo;s<\/strong><br \/>\nPerchewoman :\u00a0<strong>Manon Bourgeat-Lami<\/strong><br \/>\nAssistants s\u00e9curit\u00e9 :\u00a0<strong>Benjamin Richardier<\/strong> et <strong>C\u00e9dric Magnien<\/strong><br \/>\nR\u00e9gisseur : <strong>Antoine Rousseau<br \/>\n<\/strong>Maquillage :\u00a0<strong>Justine Poulat<br \/>\n<\/strong>Costumes :\u00a0<strong>Justine Poulat<\/strong> et <strong>Cl\u00e9mentine Se\u00eft\u00e9<br \/>\n<\/strong>D\u00e9cors :\u00a0<strong>Thiebault Gu\u00e9rin, Cl\u00e9mentine Se\u00eft\u00e9<br \/>\n<\/strong>Peintures : <strong>Jocelyne Steffenino<br \/>\n<\/strong>Graphisme : <strong>Cl\u00e9mentine Se\u00eft\u00e9<\/strong><\/p>\n<p>&nbsp;<\/p>\n<p>&nbsp;<\/p>\n<p><strong>\u00a0<\/strong><\/p>\n<\/div>\n\t\t<\/div><\/div><\/div><div id=\"pg-732-8\"  class=\"panel-grid panel-no-style\" ><div id=\"pgc-732-8-0\"  class=\"panel-grid-cell\" ><div id=\"panel-732-8-0-0\" class=\"so-panel widget widget_themegrill_flash_heading tg-widget section-title-wrapper panel-first-child panel-last-child\" data-index=\"14\" >\t<h3 class=\"section-title\">Photos du tournage<\/h3>\n<\/div><\/div><\/div><div id=\"pg-732-9\"  class=\"panel-grid panel-no-style\" ><div id=\"pgc-732-9-0\"  class=\"panel-grid-cell panel-grid-cell-empty\" ><\/div><div id=\"pgc-732-9-1\"  class=\"panel-grid-cell panel-grid-cell-mobile-last\" ><div id=\"panel-732-9-1-0\" class=\"so-panel widget widget_themegrill_flash_slider tg-section tg-slider-widget panel-first-child panel-last-child\" data-index=\"15\" ><div class=\"tg-slider-widget slider-light slider-content-center  full-width\">\n\t<div class=\"swiper-container\">\n\t\t<div class=\"swiper-wrapper\">\n\t\t\t\n\t\t\t\t\t<div class=\"swiper-slide\">\n\t\t\t\t\t\t<figure class=\"slider-image\" >\n\t\t\t\t\t\t\t<img fetchpriority=\"high\" width=\"6388\" height=\"4259\"\t\t\t\t\t\t\t\t\tsrc=\"http:\/\/jeanjeanfilms.fr\/wp-content\/uploads\/2020\/01\/hommepoulegrenier.jpg\"\n\t\t\t\t\t\t\t\t\talt=\"\"\n\t\t\t\t\t\t\t\t\ttitle=\"\"\/>\n\t\t\t\t\t\t\t<div class=\"overlay\"><\/div>\n\t\t\t\t\t\t<\/figure>\n\t\t\t\t\t\t<div class=\"slider-content\">\n\t\t\t\t\t\t\t<div class=\"tg-container\">\n\t\t\t\t\t\t\t\t<div class=\"caption-title\"><\/div>\n\t\t\t\t\t\t\t\t<div class=\"caption-desc\"><\/div>\n\t\t\t\t\t\t\t\t\t\t\t\t\t\t\t<\/div>\n\t\t\t\t\t\t<\/div>\n\t\t\t\t\t<\/div>\n\n\t\t\t\t\n\t\t\t\t\t<div class=\"swiper-slide\">\n\t\t\t\t\t\t<figure class=\"slider-image\" >\n\t\t\t\t\t\t\t<img width=\"4032\" height=\"3024\"\t\t\t\t\t\t\t\t\tsrc=\"http:\/\/jeanjeanfilms.fr\/wp-content\/uploads\/2020\/01\/20190126_095743.jpg\"\n\t\t\t\t\t\t\t\t\talt=\"\"\n\t\t\t\t\t\t\t\t\ttitle=\"\"\/>\n\t\t\t\t\t\t\t<div class=\"overlay\"><\/div>\n\t\t\t\t\t\t<\/figure>\n\t\t\t\t\t\t<div class=\"slider-content\">\n\t\t\t\t\t\t\t<div class=\"tg-container\">\n\t\t\t\t\t\t\t\t<div class=\"caption-title\"><\/div>\n\t\t\t\t\t\t\t\t<div class=\"caption-desc\"><\/div>\n\t\t\t\t\t\t\t\t\t\t\t\t\t\t\t<\/div>\n\t\t\t\t\t\t<\/div>\n\t\t\t\t\t<\/div>\n\n\t\t\t\t\n\t\t\t\t\t<div class=\"swiper-slide\">\n\t\t\t\t\t\t<figure class=\"slider-image\" >\n\t\t\t\t\t\t\t<img width=\"4032\" height=\"3024\"\t\t\t\t\t\t\t\t\tsrc=\"http:\/\/jeanjeanfilms.fr\/wp-content\/uploads\/2020\/01\/20190125_152239.jpg\"\n\t\t\t\t\t\t\t\t\talt=\"\"\n\t\t\t\t\t\t\t\t\ttitle=\"\"\/>\n\t\t\t\t\t\t\t<div class=\"overlay\"><\/div>\n\t\t\t\t\t\t<\/figure>\n\t\t\t\t\t\t<div class=\"slider-content\">\n\t\t\t\t\t\t\t<div class=\"tg-container\">\n\t\t\t\t\t\t\t\t<div class=\"caption-title\"><\/div>\n\t\t\t\t\t\t\t\t<div class=\"caption-desc\"><\/div>\n\t\t\t\t\t\t\t\t\t\t\t\t\t\t\t<\/div>\n\t\t\t\t\t\t<\/div>\n\t\t\t\t\t<\/div>\n\n\t\t\t\t\t\t<\/div>\n\t\t<div class=\"swiper-pagination\"><\/div>\n\t\t<div class=\"slider-arrow\">\n\t\t\t<div class=\"swiper-button-next\"><\/div>\n\t\t\t<div class=\"swiper-button-prev\"><\/div>\n\t\t<\/div>\n\t<\/div>\n<\/div>\n<\/div><\/div><div id=\"pgc-732-9-2\"  class=\"panel-grid-cell panel-grid-cell-empty\" ><\/div><\/div><\/div>","protected":false},"excerpt":{"rendered":"<p>L&#039;homme poule : synopsis A la suite d\u2019un incident dans l\u2019abattoir o\u00f9 il travaillait, Jean est boulevers\u00e9 et a d\u00e9sormais [&hellip;]<\/p>\n","protected":false},"author":1,"featured_media":0,"parent":1453,"menu_order":0,"comment_status":"closed","ping_status":"closed","template":"","meta":{"_monsterinsights_skip_tracking":false,"_monsterinsights_sitenote_active":false,"_monsterinsights_sitenote_note":"","_monsterinsights_sitenote_category":0,"footnotes":""},"class_list":["post-732","page","type-page","status-publish","hentry"],"_links":{"self":[{"href":"https:\/\/jeanjeanfilms.fr\/index.php\/wp-json\/wp\/v2\/pages\/732","targetHints":{"allow":["GET"]}}],"collection":[{"href":"https:\/\/jeanjeanfilms.fr\/index.php\/wp-json\/wp\/v2\/pages"}],"about":[{"href":"https:\/\/jeanjeanfilms.fr\/index.php\/wp-json\/wp\/v2\/types\/page"}],"author":[{"embeddable":true,"href":"https:\/\/jeanjeanfilms.fr\/index.php\/wp-json\/wp\/v2\/users\/1"}],"replies":[{"embeddable":true,"href":"https:\/\/jeanjeanfilms.fr\/index.php\/wp-json\/wp\/v2\/comments?post=732"}],"version-history":[{"count":75,"href":"https:\/\/jeanjeanfilms.fr\/index.php\/wp-json\/wp\/v2\/pages\/732\/revisions"}],"predecessor-version":[{"id":2350,"href":"https:\/\/jeanjeanfilms.fr\/index.php\/wp-json\/wp\/v2\/pages\/732\/revisions\/2350"}],"up":[{"embeddable":true,"href":"https:\/\/jeanjeanfilms.fr\/index.php\/wp-json\/wp\/v2\/pages\/1453"}],"wp:attachment":[{"href":"https:\/\/jeanjeanfilms.fr\/index.php\/wp-json\/wp\/v2\/media?parent=732"}],"curies":[{"name":"wp","href":"https:\/\/api.w.org\/{rel}","templated":true}]}}