{"id":800,"date":"2020-01-09T13:18:40","date_gmt":"2020-01-09T12:18:40","guid":{"rendered":"http:\/\/jeanjeanfilms.fr\/?page_id=800"},"modified":"2020-01-29T13:19:11","modified_gmt":"2020-01-29T12:19:11","slug":"mise-en-bouche","status":"publish","type":"page","link":"https:\/\/jeanjeanfilms.fr\/index.php\/courts-metrages\/mise-en-bouche\/","title":{"rendered":"Mise en bouche (2019)"},"content":{"rendered":"<div id=\"pl-800\"  class=\"panel-layout\" ><div id=\"pg-800-0\"  class=\"panel-grid panel-no-style\" ><div id=\"pgc-800-0-0\"  class=\"panel-grid-cell\" ><div id=\"panel-800-0-0-0\" class=\"so-panel widget widget_themegrill_flash_heading tg-widget section-title-wrapper panel-first-child panel-last-child\" data-index=\"0\" >\t<h3 class=\"section-title\">Mise en bouche : synopsis<\/h3>\n<\/div><\/div><\/div><div id=\"pg-800-1\"  class=\"panel-grid panel-no-style\" ><div id=\"pgc-800-1-0\"  class=\"panel-grid-cell\" ><div id=\"panel-800-1-0-0\" class=\"so-panel widget widget_themegrill_flash_image tg-widget tg-image-widget panel-first-child panel-last-child\" data-index=\"1\" >\t<img decoding=\"async\" src=\"http:\/\/jeanjeanfilms.fr\/wp-content\/uploads\/2020\/01\/Miniature_Mise_en_bouche.jpg\" \/>\n<\/div><\/div><div id=\"pgc-800-1-1\"  class=\"panel-grid-cell\" ><div id=\"panel-800-1-1-0\" class=\"so-panel widget widget_siteorigin-panels-builder panel-first-child panel-last-child\" data-index=\"2\" ><div id=\"pl-w5e31783f78c43\"  class=\"panel-layout\" ><div id=\"pg-w5e31783f78c43-0\"  class=\"panel-grid panel-no-style\" ><div id=\"pgc-w5e31783f78c43-0-0\"  class=\"panel-grid-cell\" ><div id=\"panel-w5e31783f78c43-0-0-0\" class=\"so-panel widget widget_text panel-first-child panel-last-child\" data-index=\"0\" >\t\t\t<div class=\"textwidget\"><p><strong><em>En tentant de terminer ses mots fl\u00e9ch\u00e9s, Jean va se plonger dans ses souvenirs et \u00eatre confront\u00e9 \u00e0 l\u2019un de ses plus profonds secrets. Et ce n\u2019est qu\u2019une mise en bouche\u2026<\/em><\/strong><\/p>\n<\/div>\n\t\t<\/div><\/div><\/div><\/div><\/div><\/div><\/div><div id=\"pg-800-2\"  class=\"panel-grid panel-no-style\" ><div id=\"pgc-800-2-0\"  class=\"panel-grid-cell\" ><div id=\"panel-800-2-0-0\" class=\"so-panel widget widget_text panel-first-child panel-last-child\" data-index=\"3\" >\t\t\t<div class=\"textwidget\"><p>&nbsp;<\/p>\n<\/div>\n\t\t<\/div><\/div><\/div><div id=\"pg-800-3\"  class=\"panel-grid panel-no-style\" ><div id=\"pgc-800-3-0\"  class=\"panel-grid-cell\" ><div id=\"panel-800-3-0-0\" class=\"so-panel widget widget_themegrill_flash_heading tg-widget section-title-wrapper panel-first-child\" data-index=\"4\" >\t<h3 class=\"section-title\">Court-m\u00e9trage<\/h3>\n<\/div><div id=\"panel-800-3-0-1\" class=\"so-panel widget widget_text panel-last-child\" data-index=\"5\" >\t\t\t<div class=\"textwidget\"><p><em>Mise en Bouche<\/em> a particip\u00e9 au d\u00e9fi <a href=\"http:\/\/jeanjeanfilms.fr\/index.php\/realises-en-1-mois\/\" target=\"_blank\" rel=\"noopener\">Kino Lyon<\/a> d&rsquo;octobre 2019 sur le th\u00e8me \u00ab\u00a0\u00c9nigme\u00a0\u00bb avec la contrainte \u00ab\u00a0Cliffhanger\u00a0\u00bb. Le court-m\u00e9trage a \u00e9t\u00e9 vainqueur du mois.<\/p>\n<\/div>\n\t\t<\/div><\/div><\/div><div id=\"pg-800-4\"  class=\"panel-grid panel-no-style\" ><div id=\"pgc-800-4-0\"  class=\"panel-grid-cell\" ><div id=\"panel-800-4-0-0\" class=\"widget_text so-panel widget widget_custom_html panel-first-child panel-last-child\" data-index=\"6\" ><div class=\"textwidget custom-html-widget\"><div style=\"padding:56.25% 0 0 0;position:relative;\"><iframe src=\"https:\/\/player.vimeo.com\/video\/367413478?title=0&byline=0&portrait=0\" style=\"position:absolute;top:0;left:0;width:100%;height:100%;\" frameborder=\"0\" allow=\"autoplay; fullscreen\" allowfullscreen><\/iframe><\/div><script src=\"https:\/\/player.vimeo.com\/api\/player.js\"><\/script><\/div><\/div><\/div><\/div><div id=\"pg-800-5\"  class=\"panel-grid panel-no-style\" ><div id=\"pgc-800-5-0\"  class=\"panel-grid-cell\" ><div id=\"panel-800-5-0-0\" class=\"so-panel widget widget_text panel-first-child panel-last-child\" data-index=\"7\" >\t\t\t<div class=\"textwidget\"><p>&nbsp;<\/p>\n<\/div>\n\t\t<\/div><\/div><\/div><div id=\"pg-800-6\"  class=\"panel-grid panel-no-style\" ><div id=\"pgc-800-6-0\"  class=\"panel-grid-cell\" ><div id=\"panel-800-6-0-0\" class=\"so-panel widget widget_themegrill_flash_heading tg-widget section-title-wrapper panel-first-child panel-last-child\" data-index=\"8\" >\t<h3 class=\"section-title\">L&#039;\u00e9quipe du film<\/h3>\n<\/div><\/div><\/div><div id=\"pg-800-7\"  class=\"panel-grid panel-no-style\" ><div id=\"pgc-800-7-0\"  class=\"panel-grid-cell\" ><div id=\"panel-800-7-0-0\" class=\"so-panel widget widget_text panel-first-child\" data-index=\"9\" ><h3 class=\"widget-title\">R\u00e9alisation<\/h3>\t\t\t<div class=\"textwidget\"><p><strong>Thiebault Gu\u00e9rin<br \/>\n<\/strong><\/p>\n<\/div>\n\t\t<\/div><div id=\"panel-800-7-0-1\" class=\"so-panel widget widget_text\" data-index=\"10\" ><h3 class=\"widget-title\">Sc\u00e9nario<\/h3>\t\t\t<div class=\"textwidget\"><p><strong>Thiebault Gu\u00e9rin<br \/>\nBrice Blondel<br \/>\nCamille Borie<br \/>\nCl\u00e9mentine Se\u00eft\u00e9<\/p>\n<p><\/strong><\/p>\n<\/div>\n\t\t<\/div><div id=\"panel-800-7-0-2\" class=\"so-panel widget widget_text panel-last-child\" data-index=\"11\" ><h3 class=\"widget-title\">Acteurs et actrices<\/h3>\t\t\t<div class=\"textwidget\"><p>Jean : <strong>Ga\u00ebl Dubreuil<\/strong><br \/>\nLa femme enceinte : <strong>Lysiane Cl\u00e9ment<\/strong><br \/>\nBuzz l&rsquo;\u00e9clair : <strong>Emma<\/strong><br \/>\nL&rsquo;amant : <strong>Lo\u00efc Bonnet<\/strong><br \/>\nLe pr\u00eatre : <strong>Victor Bratovic<\/strong><br \/>\nTata Ricard : <strong>Lili Charier<\/strong><br \/>\nL&rsquo;oncle \u00e0 la pipe : <strong>Fatah Boudia<\/strong><br \/>\nL&rsquo;\u00e9pouse : <strong>Cl\u00e9mentine Se\u00eft\u00e9<\/strong><\/p>\n<\/div>\n\t\t<\/div><\/div><div id=\"pgc-800-7-1\"  class=\"panel-grid-cell\" ><div id=\"panel-800-7-1-0\" class=\"so-panel widget widget_text panel-first-child panel-last-child\" data-index=\"12\" ><h3 class=\"widget-title\">\u00c9quipe technique<\/h3>\t\t\t<div class=\"textwidget\"><p>Op\u00e9rateur : <strong>Thiebault Gu\u00e9rin<\/strong><br \/>\nOp\u00e9ratrice : <strong>Cl\u00e9mentine Se\u00eft\u00e9<\/strong><br \/>\nTechnicien du son : <strong>S\u00e9bastien Maurel<\/strong><br \/>\nAide : <strong>Briac Vanney<\/strong><br \/>\nFabrication du cercueil : <strong>Thai-Son Richardier<\/strong><br \/>\nFabrication du vaux-ventre : <strong>Lysiane Cl\u00e9ment<\/strong><br \/>\nCostumes, d\u00e9cors, graphisme :<strong> Cl\u00e9mentine Se\u00eft\u00e9<\/strong><\/p>\n<\/div>\n\t\t<\/div><\/div><\/div><div id=\"pg-800-8\"  class=\"panel-grid panel-no-style\" ><div id=\"pgc-800-8-0\"  class=\"panel-grid-cell\" ><div id=\"panel-800-8-0-0\" class=\"so-panel widget widget_themegrill_flash_heading tg-widget section-title-wrapper panel-first-child panel-last-child\" data-index=\"13\" >\t<h3 class=\"section-title\">Photos du tournage<\/h3>\n<\/div><\/div><\/div><div id=\"pg-800-9\"  class=\"panel-grid panel-no-style\" ><div id=\"pgc-800-9-0\"  class=\"panel-grid-cell panel-grid-cell-empty\" ><\/div><div id=\"pgc-800-9-1\"  class=\"panel-grid-cell panel-grid-cell-mobile-last\" ><div id=\"panel-800-9-1-0\" class=\"so-panel widget widget_themegrill_flash_slider tg-section tg-slider-widget panel-first-child panel-last-child\" data-index=\"14\" ><div class=\"tg-slider-widget slider-light slider-content-center  full-width\">\n\t<div class=\"swiper-container\">\n\t\t<div class=\"swiper-wrapper\">\n\t\t\t\n\t\t\t\t\t<div class=\"swiper-slide\">\n\t\t\t\t\t\t<figure class=\"slider-image\" >\n\t\t\t\t\t\t\t<img fetchpriority=\"high\" width=\"1824\" height=\"1368\"\t\t\t\t\t\t\t\t\tsrc=\"http:\/\/jeanjeanfilms.fr\/wp-content\/uploads\/2020\/01\/miseenbouche1.jpg\"\n\t\t\t\t\t\t\t\t\talt=\"tournage mise en bouche\"\n\t\t\t\t\t\t\t\t\ttitle=\"\"\/>\n\t\t\t\t\t\t\t<div class=\"overlay\"><\/div>\n\t\t\t\t\t\t<\/figure>\n\t\t\t\t\t\t<div class=\"slider-content\">\n\t\t\t\t\t\t\t<div class=\"tg-container\">\n\t\t\t\t\t\t\t\t<div class=\"caption-title\"><\/div>\n\t\t\t\t\t\t\t\t<div class=\"caption-desc\"><\/div>\n\t\t\t\t\t\t\t\t\t\t\t\t\t\t\t<\/div>\n\t\t\t\t\t\t<\/div>\n\t\t\t\t\t<\/div>\n\n\t\t\t\t\n\t\t\t\t\t<div class=\"swiper-slide\">\n\t\t\t\t\t\t<figure class=\"slider-image\" >\n\t\t\t\t\t\t\t<img width=\"2016\" height=\"1512\"\t\t\t\t\t\t\t\t\tsrc=\"http:\/\/jeanjeanfilms.fr\/wp-content\/uploads\/2020\/01\/miseenbouche5.jpg\"\n\t\t\t\t\t\t\t\t\talt=\"tournage mise en bouche\"\n\t\t\t\t\t\t\t\t\ttitle=\"\"\/>\n\t\t\t\t\t\t\t<div class=\"overlay\"><\/div>\n\t\t\t\t\t\t<\/figure>\n\t\t\t\t\t\t<div class=\"slider-content\">\n\t\t\t\t\t\t\t<div class=\"tg-container\">\n\t\t\t\t\t\t\t\t<div class=\"caption-title\"><\/div>\n\t\t\t\t\t\t\t\t<div class=\"caption-desc\"><\/div>\n\t\t\t\t\t\t\t\t\t\t\t\t\t\t\t<\/div>\n\t\t\t\t\t\t<\/div>\n\t\t\t\t\t<\/div>\n\n\t\t\t\t\n\t\t\t\t\t<div class=\"swiper-slide\">\n\t\t\t\t\t\t<figure class=\"slider-image\" >\n\t\t\t\t\t\t\t<img width=\"2008\" height=\"1128\"\t\t\t\t\t\t\t\t\tsrc=\"http:\/\/jeanjeanfilms.fr\/wp-content\/uploads\/2020\/01\/miseenbouche8.jpg\"\n\t\t\t\t\t\t\t\t\talt=\"remise prix mise en bouche\"\n\t\t\t\t\t\t\t\t\ttitle=\"\"\/>\n\t\t\t\t\t\t\t<div class=\"overlay\"><\/div>\n\t\t\t\t\t\t<\/figure>\n\t\t\t\t\t\t<div class=\"slider-content\">\n\t\t\t\t\t\t\t<div class=\"tg-container\">\n\t\t\t\t\t\t\t\t<div class=\"caption-title\"><\/div>\n\t\t\t\t\t\t\t\t<div class=\"caption-desc\"><\/div>\n\t\t\t\t\t\t\t\t\t\t\t\t\t\t\t<\/div>\n\t\t\t\t\t\t<\/div>\n\t\t\t\t\t<\/div>\n\n\t\t\t\t\n\t\t\t\t\t<div class=\"swiper-slide\">\n\t\t\t\t\t\t<figure class=\"slider-image\" >\n\t\t\t\t\t\t\t<img loading=\"lazy\" width=\"2000\" height=\"1500\"\t\t\t\t\t\t\t\t\tsrc=\"http:\/\/jeanjeanfilms.fr\/wp-content\/uploads\/2020\/01\/miseenbouche6.jpg\"\n\t\t\t\t\t\t\t\t\talt=\"tournage mise en bouche\"\n\t\t\t\t\t\t\t\t\ttitle=\"\"\/>\n\t\t\t\t\t\t\t<div class=\"overlay\"><\/div>\n\t\t\t\t\t\t<\/figure>\n\t\t\t\t\t\t<div class=\"slider-content\">\n\t\t\t\t\t\t\t<div class=\"tg-container\">\n\t\t\t\t\t\t\t\t<div class=\"caption-title\"><\/div>\n\t\t\t\t\t\t\t\t<div class=\"caption-desc\"><\/div>\n\t\t\t\t\t\t\t\t\t\t\t\t\t\t\t<\/div>\n\t\t\t\t\t\t<\/div>\n\t\t\t\t\t<\/div>\n\n\t\t\t\t\n\t\t\t\t\t<div class=\"swiper-slide\">\n\t\t\t\t\t\t<figure class=\"slider-image\" >\n\t\t\t\t\t\t\t<img loading=\"lazy\" width=\"2016\" height=\"1512\"\t\t\t\t\t\t\t\t\tsrc=\"http:\/\/jeanjeanfilms.fr\/wp-content\/uploads\/2020\/01\/miseenbouche3.jpg\"\n\t\t\t\t\t\t\t\t\talt=\"tournage mise en bouche\"\n\t\t\t\t\t\t\t\t\ttitle=\"\"\/>\n\t\t\t\t\t\t\t<div class=\"overlay\"><\/div>\n\t\t\t\t\t\t<\/figure>\n\t\t\t\t\t\t<div class=\"slider-content\">\n\t\t\t\t\t\t\t<div class=\"tg-container\">\n\t\t\t\t\t\t\t\t<div class=\"caption-title\"><\/div>\n\t\t\t\t\t\t\t\t<div class=\"caption-desc\"><\/div>\n\t\t\t\t\t\t\t\t\t\t\t\t\t\t\t<\/div>\n\t\t\t\t\t\t<\/div>\n\t\t\t\t\t<\/div>\n\n\t\t\t\t\t\t<\/div>\n\t\t<div class=\"swiper-pagination\"><\/div>\n\t\t<div class=\"slider-arrow\">\n\t\t\t<div class=\"swiper-button-next\"><\/div>\n\t\t\t<div class=\"swiper-button-prev\"><\/div>\n\t\t<\/div>\n\t<\/div>\n<\/div>\n<\/div><\/div><div id=\"pgc-800-9-2\"  class=\"panel-grid-cell panel-grid-cell-empty\" ><\/div><\/div><\/div>","protected":false},"excerpt":{"rendered":"<p>Mise en bouche : synopsis En tentant de terminer ses mots fl\u00e9ch\u00e9s, Jean va se plonger dans ses souvenirs et [&hellip;]<\/p>\n","protected":false},"author":1,"featured_media":0,"parent":1453,"menu_order":0,"comment_status":"closed","ping_status":"closed","template":"","meta":{"_monsterinsights_skip_tracking":false,"_monsterinsights_sitenote_active":false,"_monsterinsights_sitenote_note":"","_monsterinsights_sitenote_category":0,"footnotes":""},"class_list":["post-800","page","type-page","status-publish","hentry"],"_links":{"self":[{"href":"https:\/\/jeanjeanfilms.fr\/index.php\/wp-json\/wp\/v2\/pages\/800","targetHints":{"allow":["GET"]}}],"collection":[{"href":"https:\/\/jeanjeanfilms.fr\/index.php\/wp-json\/wp\/v2\/pages"}],"about":[{"href":"https:\/\/jeanjeanfilms.fr\/index.php\/wp-json\/wp\/v2\/types\/page"}],"author":[{"embeddable":true,"href":"https:\/\/jeanjeanfilms.fr\/index.php\/wp-json\/wp\/v2\/users\/1"}],"replies":[{"embeddable":true,"href":"https:\/\/jeanjeanfilms.fr\/index.php\/wp-json\/wp\/v2\/comments?post=800"}],"version-history":[{"count":17,"href":"https:\/\/jeanjeanfilms.fr\/index.php\/wp-json\/wp\/v2\/pages\/800\/revisions"}],"predecessor-version":[{"id":1544,"href":"https:\/\/jeanjeanfilms.fr\/index.php\/wp-json\/wp\/v2\/pages\/800\/revisions\/1544"}],"up":[{"embeddable":true,"href":"https:\/\/jeanjeanfilms.fr\/index.php\/wp-json\/wp\/v2\/pages\/1453"}],"wp:attachment":[{"href":"https:\/\/jeanjeanfilms.fr\/index.php\/wp-json\/wp\/v2\/media?parent=800"}],"curies":[{"name":"wp","href":"https:\/\/api.w.org\/{rel}","templated":true}]}}