{"id":838,"date":"2020-01-09T14:27:04","date_gmt":"2020-01-09T13:27:04","guid":{"rendered":"http:\/\/jeanjeanfilms.fr\/?page_id=838"},"modified":"2020-01-29T13:18:52","modified_gmt":"2020-01-29T12:18:52","slug":"la-traversee-2016","status":"publish","type":"page","link":"https:\/\/jeanjeanfilms.fr\/index.php\/courts-metrages\/la-traversee-2016\/","title":{"rendered":"La Travers\u00e9e (2016)"},"content":{"rendered":"<div id=\"pl-838\"  class=\"panel-layout\" ><div id=\"pg-838-0\"  class=\"panel-grid panel-no-style\" ><div id=\"pgc-838-0-0\"  class=\"panel-grid-cell\" ><div id=\"panel-838-0-0-0\" class=\"so-panel widget widget_themegrill_flash_heading tg-widget section-title-wrapper panel-first-child panel-last-child\" data-index=\"0\" >\t<h3 class=\"section-title\">La Travers\u00e9e : synopsis<\/h3>\n<\/div><\/div><\/div><div id=\"pg-838-1\"  class=\"panel-grid panel-no-style\" ><div id=\"pgc-838-1-0\"  class=\"panel-grid-cell\" ><div id=\"panel-838-1-0-0\" class=\"so-panel widget widget_themegrill_flash_image tg-widget tg-image-widget panel-first-child panel-last-child\" data-index=\"1\" >\t<img decoding=\"async\" src=\"http:\/\/jeanjeanfilms.fr\/wp-content\/uploads\/2020\/01\/Miniature_La_Traversee.jpg\" \/>\n<\/div><\/div><div id=\"pgc-838-1-1\"  class=\"panel-grid-cell\" ><div id=\"panel-838-1-1-0\" class=\"so-panel widget widget_siteorigin-panels-builder panel-first-child panel-last-child\" data-index=\"2\" ><div id=\"pl-w5e31782cb3e48\"  class=\"panel-layout\" ><div id=\"pg-w5e31782cb3e48-0\"  class=\"panel-grid panel-no-style\" ><div id=\"pgc-w5e31782cb3e48-0-0\"  class=\"panel-grid-cell\" ><div id=\"panel-w5e31782cb3e48-0-0-0\" class=\"so-panel widget widget_text panel-first-child panel-last-child\" data-index=\"0\" >\t\t\t<div class=\"textwidget\"><p><strong><em>Autour d&rsquo;un caf\u00e9, deux inconnus apprennent \u00e0 se conna\u00eetre. Au moment de r\u00e9gler l&rsquo;addition, le rendez-vous se transforme en crois\u00e9e des chemins et l&rsquo;invitation devient l&rsquo;occasion d&rsquo;un nouveau d\u00e9part.<\/em><\/strong><\/p>\n<p>&nbsp;<\/p>\n<\/div>\n\t\t<\/div><\/div><\/div><\/div><\/div><\/div><\/div><div id=\"pg-838-2\"  class=\"panel-grid panel-no-style\" ><div id=\"pgc-838-2-0\"  class=\"panel-grid-cell\" ><div id=\"panel-838-2-0-0\" class=\"so-panel widget widget_text panel-first-child panel-last-child\" data-index=\"3\" >\t\t\t<div class=\"textwidget\"><p>&nbsp;<\/p>\n<\/div>\n\t\t<\/div><\/div><\/div><div id=\"pg-838-3\"  class=\"panel-grid panel-no-style\" ><div id=\"pgc-838-3-0\"  class=\"panel-grid-cell\" ><div id=\"panel-838-3-0-0\" class=\"so-panel widget widget_themegrill_flash_heading tg-widget section-title-wrapper panel-first-child\" data-index=\"4\" >\t<h3 class=\"section-title\">Court-m\u00e9trage<\/h3>\n<\/div><div id=\"panel-838-3-0-1\" class=\"so-panel widget widget_text panel-last-child\" data-index=\"5\" >\t\t\t<div class=\"textwidget\"><p>Le court-m\u00e9trage a \u00e9t\u00e9 r\u00e9alis\u00e9 dans le cadre du\u00a0\u00a0<a href=\"https:\/\/www.facebook.com\/certainslaimentcourt\/\" target=\"_blank\" rel=\"noopener\">festival C.L.A.C.<\/a> en 2016 dont le th\u00e8me \u00e9tait l&rsquo;invit\u00e9(e). Il a \u00e9t\u00e9 r\u00e9compens\u00e9 du prix de la meilleure r\u00e9alisation.<\/p>\n<\/div>\n\t\t<\/div><\/div><\/div><div id=\"pg-838-4\"  class=\"panel-grid panel-no-style\" ><div id=\"pgc-838-4-0\"  class=\"panel-grid-cell\" ><div id=\"panel-838-4-0-0\" class=\"widget_text so-panel widget widget_custom_html panel-first-child panel-last-child\" data-index=\"6\" ><div class=\"textwidget custom-html-widget\"><div style=\"padding:56.25% 0 0 0;position:relative;\"><iframe src=\"https:\/\/player.vimeo.com\/video\/251117536?title=0&byline=0&portrait=0\" style=\"position:absolute;top:0;left:0;width:100%;height:100%;\" frameborder=\"0\" allow=\"autoplay; fullscreen\" allowfullscreen><\/iframe><\/div><script src=\"https:\/\/player.vimeo.com\/api\/player.js\"><\/script><\/div><\/div><\/div><\/div><div id=\"pg-838-5\"  class=\"panel-grid panel-no-style\" ><div id=\"pgc-838-5-0\"  class=\"panel-grid-cell\" ><div id=\"panel-838-5-0-0\" class=\"so-panel widget widget_text panel-first-child panel-last-child\" data-index=\"7\" >\t\t\t<div class=\"textwidget\"><p>&nbsp;<\/p>\n<\/div>\n\t\t<\/div><\/div><\/div><div id=\"pg-838-6\"  class=\"panel-grid panel-no-style\" ><div id=\"pgc-838-6-0\"  class=\"panel-grid-cell\" ><div id=\"panel-838-6-0-0\" class=\"so-panel widget widget_themegrill_flash_heading tg-widget section-title-wrapper panel-first-child panel-last-child\" data-index=\"8\" >\t<h3 class=\"section-title\">L&#039;\u00e9quipe du film<\/h3>\n<\/div><\/div><\/div><div id=\"pg-838-7\"  class=\"panel-grid panel-no-style\" ><div id=\"pgc-838-7-0\"  class=\"panel-grid-cell\" ><div id=\"panel-838-7-0-0\" class=\"so-panel widget widget_text panel-first-child\" data-index=\"9\" ><h3 class=\"widget-title\">R\u00e9alisation<\/h3>\t\t\t<div class=\"textwidget\"><p><strong>Thiebault Gu\u00e9rin<br \/>\n<\/strong><\/p>\n<\/div>\n\t\t<\/div><div id=\"panel-838-7-0-1\" class=\"so-panel widget widget_text\" data-index=\"10\" ><h3 class=\"widget-title\">Sc\u00e9nario<\/h3>\t\t\t<div class=\"textwidget\"><p><strong>Thiebault Gu\u00e9rin<\/strong><\/p>\n<\/div>\n\t\t<\/div><div id=\"panel-838-7-0-2\" class=\"so-panel widget widget_text panel-last-child\" data-index=\"11\" ><h3 class=\"widget-title\">Acteurs et actrices<\/h3>\t\t\t<div class=\"textwidget\"><p>L&rsquo;homme : <strong>Lucas Blanes<\/strong><br \/>\nLa femme : <strong>Sarah Richardier<\/strong><br \/>\nLe serveur : <strong>Fatah Boudia<\/strong><\/p>\n<\/div>\n\t\t<\/div><\/div><div id=\"pgc-838-7-1\"  class=\"panel-grid-cell\" ><div id=\"panel-838-7-1-0\" class=\"so-panel widget widget_text panel-first-child panel-last-child\" data-index=\"12\" ><h3 class=\"widget-title\">\u00c9quipe technique<\/h3>\t\t\t<div class=\"textwidget\"><p>Op\u00e9rateur et technicien du son : <strong>Thiebault Gu\u00e9rin<\/strong><\/p>\n<\/div>\n\t\t<\/div><\/div><\/div><div id=\"pg-838-8\"  class=\"panel-grid panel-no-style\" ><div id=\"pgc-838-8-0\"  class=\"panel-grid-cell\" ><div id=\"panel-838-8-0-0\" class=\"so-panel widget widget_themegrill_flash_heading tg-widget section-title-wrapper panel-first-child panel-last-child\" data-index=\"13\" >\t<h3 class=\"section-title\">Photos<\/h3>\n<\/div><\/div><\/div><div id=\"pg-838-9\"  class=\"panel-grid panel-no-style\" ><div id=\"pgc-838-9-0\"  class=\"panel-grid-cell panel-grid-cell-empty\" ><\/div><div id=\"pgc-838-9-1\"  class=\"panel-grid-cell panel-grid-cell-mobile-last\" ><div id=\"panel-838-9-1-0\" class=\"so-panel widget widget_themegrill_flash_slider tg-section tg-slider-widget panel-first-child panel-last-child\" data-index=\"14\" ><div class=\"tg-slider-widget slider-light slider-content-center  full-width\">\n\t<div class=\"swiper-container\">\n\t\t<div class=\"swiper-wrapper\">\n\t\t\t\n\t\t\t\t\t<div class=\"swiper-slide\">\n\t\t\t\t\t\t<figure class=\"slider-image\" >\n\t\t\t\t\t\t\t<img fetchpriority=\"high\" width=\"4444\" height=\"2963\"\t\t\t\t\t\t\t\t\tsrc=\"http:\/\/jeanjeanfilms.fr\/wp-content\/uploads\/2020\/01\/CLAC-2016-5.jpg\"\n\t\t\t\t\t\t\t\t\talt=\"la traversee 4\"\n\t\t\t\t\t\t\t\t\ttitle=\"\"\/>\n\t\t\t\t\t\t\t<div class=\"overlay\"><\/div>\n\t\t\t\t\t\t<\/figure>\n\t\t\t\t\t\t<div class=\"slider-content\">\n\t\t\t\t\t\t\t<div class=\"tg-container\">\n\t\t\t\t\t\t\t\t<div class=\"caption-title\"><\/div>\n\t\t\t\t\t\t\t\t<div class=\"caption-desc\"><\/div>\n\t\t\t\t\t\t\t\t\t\t\t\t\t\t\t<\/div>\n\t\t\t\t\t\t<\/div>\n\t\t\t\t\t<\/div>\n\n\t\t\t\t\n\t\t\t\t\t<div class=\"swiper-slide\">\n\t\t\t\t\t\t<figure class=\"slider-image\" >\n\t\t\t\t\t\t\t<img width=\"5184\" height=\"3456\"\t\t\t\t\t\t\t\t\tsrc=\"http:\/\/jeanjeanfilms.fr\/wp-content\/uploads\/2020\/01\/CLAC-2016-1.jpg\"\n\t\t\t\t\t\t\t\t\talt=\"la traversee 2\"\n\t\t\t\t\t\t\t\t\ttitle=\"\"\/>\n\t\t\t\t\t\t\t<div class=\"overlay\"><\/div>\n\t\t\t\t\t\t<\/figure>\n\t\t\t\t\t\t<div class=\"slider-content\">\n\t\t\t\t\t\t\t<div class=\"tg-container\">\n\t\t\t\t\t\t\t\t<div class=\"caption-title\"><\/div>\n\t\t\t\t\t\t\t\t<div class=\"caption-desc\"><\/div>\n\t\t\t\t\t\t\t\t\t\t\t\t\t\t\t<\/div>\n\t\t\t\t\t\t<\/div>\n\t\t\t\t\t<\/div>\n\n\t\t\t\t\n\t\t\t\t\t<div class=\"swiper-slide\">\n\t\t\t\t\t\t<figure class=\"slider-image\" >\n\t\t\t\t\t\t\t<img width=\"718\" height=\"478\"\t\t\t\t\t\t\t\t\tsrc=\"http:\/\/jeanjeanfilms.fr\/wp-content\/uploads\/2020\/01\/tournage-traversee-2.jpg\"\n\t\t\t\t\t\t\t\t\talt=\"la traversee 3\"\n\t\t\t\t\t\t\t\t\ttitle=\"\"\/>\n\t\t\t\t\t\t\t<div class=\"overlay\"><\/div>\n\t\t\t\t\t\t<\/figure>\n\t\t\t\t\t\t<div class=\"slider-content\">\n\t\t\t\t\t\t\t<div class=\"tg-container\">\n\t\t\t\t\t\t\t\t<div class=\"caption-title\"><\/div>\n\t\t\t\t\t\t\t\t<div class=\"caption-desc\"><\/div>\n\t\t\t\t\t\t\t\t\t\t\t\t\t\t\t<\/div>\n\t\t\t\t\t\t<\/div>\n\t\t\t\t\t<\/div>\n\n\t\t\t\t\n\t\t\t\t\t<div class=\"swiper-slide\">\n\t\t\t\t\t\t<figure class=\"slider-image\" >\n\t\t\t\t\t\t\t<img loading=\"lazy\" width=\"5184\" height=\"3456\"\t\t\t\t\t\t\t\t\tsrc=\"http:\/\/jeanjeanfilms.fr\/wp-content\/uploads\/2020\/01\/CLAC-2016-3.jpg\"\n\t\t\t\t\t\t\t\t\talt=\"\"\n\t\t\t\t\t\t\t\t\ttitle=\"\"\/>\n\t\t\t\t\t\t\t<div class=\"overlay\"><\/div>\n\t\t\t\t\t\t<\/figure>\n\t\t\t\t\t\t<div class=\"slider-content\">\n\t\t\t\t\t\t\t<div class=\"tg-container\">\n\t\t\t\t\t\t\t\t<div class=\"caption-title\"><\/div>\n\t\t\t\t\t\t\t\t<div class=\"caption-desc\"><\/div>\n\t\t\t\t\t\t\t\t\t\t\t\t\t\t\t<\/div>\n\t\t\t\t\t\t<\/div>\n\t\t\t\t\t<\/div>\n\n\t\t\t\t\t\t<\/div>\n\t\t<div class=\"swiper-pagination\"><\/div>\n\t\t<div class=\"slider-arrow\">\n\t\t\t<div class=\"swiper-button-next\"><\/div>\n\t\t\t<div class=\"swiper-button-prev\"><\/div>\n\t\t<\/div>\n\t<\/div>\n<\/div>\n<\/div><\/div><div id=\"pgc-838-9-2\"  class=\"panel-grid-cell panel-grid-cell-empty\" ><\/div><\/div><\/div>","protected":false},"excerpt":{"rendered":"<p>La Travers\u00e9e : synopsis Autour d&rsquo;un caf\u00e9, deux inconnus apprennent \u00e0 se conna\u00eetre. Au moment de r\u00e9gler l&rsquo;addition, le rendez-vous [&hellip;]<\/p>\n","protected":false},"author":1,"featured_media":0,"parent":1453,"menu_order":0,"comment_status":"closed","ping_status":"closed","template":"","meta":{"_monsterinsights_skip_tracking":false,"_monsterinsights_sitenote_active":false,"_monsterinsights_sitenote_note":"","_monsterinsights_sitenote_category":0,"footnotes":""},"class_list":["post-838","page","type-page","status-publish","hentry"],"_links":{"self":[{"href":"https:\/\/jeanjeanfilms.fr\/index.php\/wp-json\/wp\/v2\/pages\/838","targetHints":{"allow":["GET"]}}],"collection":[{"href":"https:\/\/jeanjeanfilms.fr\/index.php\/wp-json\/wp\/v2\/pages"}],"about":[{"href":"https:\/\/jeanjeanfilms.fr\/index.php\/wp-json\/wp\/v2\/types\/page"}],"author":[{"embeddable":true,"href":"https:\/\/jeanjeanfilms.fr\/index.php\/wp-json\/wp\/v2\/users\/1"}],"replies":[{"embeddable":true,"href":"https:\/\/jeanjeanfilms.fr\/index.php\/wp-json\/wp\/v2\/comments?post=838"}],"version-history":[{"count":9,"href":"https:\/\/jeanjeanfilms.fr\/index.php\/wp-json\/wp\/v2\/pages\/838\/revisions"}],"predecessor-version":[{"id":1542,"href":"https:\/\/jeanjeanfilms.fr\/index.php\/wp-json\/wp\/v2\/pages\/838\/revisions\/1542"}],"up":[{"embeddable":true,"href":"https:\/\/jeanjeanfilms.fr\/index.php\/wp-json\/wp\/v2\/pages\/1453"}],"wp:attachment":[{"href":"https:\/\/jeanjeanfilms.fr\/index.php\/wp-json\/wp\/v2\/media?parent=838"}],"curies":[{"name":"wp","href":"https:\/\/api.w.org\/{rel}","templated":true}]}}