{"id":937,"date":"2020-01-15T15:28:48","date_gmt":"2020-01-15T14:28:48","guid":{"rendered":"http:\/\/jeanjeanfilms.fr\/?page_id=937"},"modified":"2020-02-22T18:23:35","modified_gmt":"2020-02-22T17:23:35","slug":"les-aventures-darlequin-2019","status":"publish","type":"page","link":"https:\/\/jeanjeanfilms.fr\/index.php\/captations-teasers\/les-aventures-darlequin-2019\/","title":{"rendered":"Les aventures d&rsquo;Arlequin (2019)"},"content":{"rendered":"<div id=\"pl-937\"  class=\"panel-layout\" ><div id=\"pg-937-0\"  class=\"panel-grid panel-no-style\" ><div id=\"pgc-937-0-0\"  class=\"panel-grid-cell\" ><div id=\"panel-937-0-0-0\" class=\"so-panel widget widget_themegrill_flash_heading tg-widget section-title-wrapper panel-first-child panel-last-child\" data-index=\"0\" >\t<h3 class=\"section-title\">Les aventures d&#039;Arlequin : captation<\/h3>\n<\/div><\/div><\/div><div id=\"pg-937-1\"  class=\"panel-grid panel-no-style\" ><div id=\"pgc-937-1-0\"  class=\"panel-grid-cell\" ><div id=\"panel-937-1-0-0\" class=\"so-panel widget widget_text panel-first-child panel-last-child\" data-index=\"1\" >\t\t\t<div class=\"textwidget\"><p>Captation r\u00e9alis\u00e9e en d\u00e9cembre 2019 \u00e0 l&rsquo;Amphi de l&rsquo;Op\u00e9ra de Lyon.<\/p>\n<p><em>Les aventures d&rsquo;Arlequin<\/em> sont un spectacle musical jeune public de la <a href=\"http:\/\/lacompagniedestravauxfinis.unblog.fr\/\" target=\"_blank\" rel=\"noopener\"><strong>Compagnie des Travaux Finis<\/strong><\/a> et de la <a href=\"https:\/\/compagniepappagallo.wixsite.com\/theatre\" target=\"_blank\" rel=\"noopener\"><strong>Compagnie Pappagallo<\/strong><\/a>.<\/p>\n<p>\u00c9criture et mise en sc\u00e8ne : <strong>Manon Barth\u00e9l\u00e9my<\/strong> et <strong>Caroline Riche<\/strong><br \/>\nCr\u00e9ation musicale : <strong>Marine Duchesnes<\/strong><br \/>\nCr\u00e9ation lumi\u00e8re et sc\u00e9nographie : <strong>Bastien G\u00e9rard<\/strong><br \/>\nCom\u00e9dien.ne.s : <strong>Manon Barth\u00e9l\u00e9my<\/strong>, <strong>Lo\u00efc Bonnet<\/strong>, <strong>Alicia Ligi<\/strong> et <strong>Caroline Riche<\/strong> (en alternance)<\/p>\n<p>En savoir + sur le spectacle <a href=\"http:\/\/lesaventuresdarlequin.unblog.fr\/\" target=\"_blank\" rel=\"noopener\">ici<\/a><\/p>\n<\/div>\n\t\t<\/div><\/div><\/div><div id=\"pg-937-2\"  class=\"panel-grid panel-no-style\" ><div id=\"pgc-937-2-0\"  class=\"panel-grid-cell\" ><div id=\"panel-937-2-0-0\" class=\"so-panel widget widget_text panel-first-child panel-last-child\" data-index=\"2\" >\t\t\t<div class=\"textwidget\"><p>&nbsp;<\/p>\n<\/div>\n\t\t<\/div><\/div><\/div><div id=\"pg-937-3\"  class=\"panel-grid panel-no-style\" ><div id=\"pgc-937-3-0\"  class=\"panel-grid-cell\" ><div id=\"panel-937-3-0-0\" class=\"so-panel widget widget_themegrill_flash_heading tg-widget section-title-wrapper panel-first-child panel-last-child\" data-index=\"3\" >\t<h3 class=\"section-title\">Extrait<\/h3>\n<\/div><\/div><\/div><div id=\"pg-937-4\"  class=\"panel-grid panel-no-style\" ><div id=\"pgc-937-4-0\"  class=\"panel-grid-cell\" ><div id=\"panel-937-4-0-0\" class=\"widget_text so-panel widget widget_custom_html panel-first-child panel-last-child\" data-index=\"4\" ><div class=\"textwidget custom-html-widget\"><iframe width=\"560\" height=\"315\" src=\"https:\/\/www.youtube.com\/embed\/9z1kwNEN-tk\" frameborder=\"0\" allow=\"accelerometer; autoplay; encrypted-media; gyroscope; picture-in-picture\" allowfullscreen><\/iframe><\/div><\/div><\/div><\/div><div id=\"pg-937-5\"  class=\"panel-grid panel-no-style\" ><div id=\"pgc-937-5-0\"  class=\"panel-grid-cell\" ><div id=\"panel-937-5-0-0\" class=\"so-panel widget widget_text panel-first-child panel-last-child\" data-index=\"5\" >\t\t\t<div class=\"textwidget\"><p>&nbsp;<\/p>\n<\/div>\n\t\t<\/div><\/div><\/div><\/div>","protected":false},"excerpt":{"rendered":"<p>Captation r\u00e9alis\u00e9e en d\u00e9cembre 2019 \u00e0 l&rsquo;Amphi de l&rsquo;Op\u00e9ra de Lyon. Les aventures d&rsquo;Arlequin sont un spectacle musical jeune public [&hellip;]<\/p>\n","protected":false},"author":1,"featured_media":0,"parent":1548,"menu_order":0,"comment_status":"closed","ping_status":"closed","template":"","meta":{"_monsterinsights_skip_tracking":false,"_monsterinsights_sitenote_active":false,"_monsterinsights_sitenote_note":"","_monsterinsights_sitenote_category":0,"footnotes":""},"class_list":["post-937","page","type-page","status-publish","hentry"],"_links":{"self":[{"href":"https:\/\/jeanjeanfilms.fr\/index.php\/wp-json\/wp\/v2\/pages\/937","targetHints":{"allow":["GET"]}}],"collection":[{"href":"https:\/\/jeanjeanfilms.fr\/index.php\/wp-json\/wp\/v2\/pages"}],"about":[{"href":"https:\/\/jeanjeanfilms.fr\/index.php\/wp-json\/wp\/v2\/types\/page"}],"author":[{"embeddable":true,"href":"https:\/\/jeanjeanfilms.fr\/index.php\/wp-json\/wp\/v2\/users\/1"}],"replies":[{"embeddable":true,"href":"https:\/\/jeanjeanfilms.fr\/index.php\/wp-json\/wp\/v2\/comments?post=937"}],"version-history":[{"count":20,"href":"https:\/\/jeanjeanfilms.fr\/index.php\/wp-json\/wp\/v2\/pages\/937\/revisions"}],"predecessor-version":[{"id":1807,"href":"https:\/\/jeanjeanfilms.fr\/index.php\/wp-json\/wp\/v2\/pages\/937\/revisions\/1807"}],"up":[{"embeddable":true,"href":"https:\/\/jeanjeanfilms.fr\/index.php\/wp-json\/wp\/v2\/pages\/1548"}],"wp:attachment":[{"href":"https:\/\/jeanjeanfilms.fr\/index.php\/wp-json\/wp\/v2\/media?parent=937"}],"curies":[{"name":"wp","href":"https:\/\/api.w.org\/{rel}","templated":true}]}}